{"id":50432,"date":"2023-05-09T13:03:21","date_gmt":"2023-05-09T11:03:21","guid":{"rendered":"https:\/\/sneeboer.com\/?post_type=product&#038;p=33562"},"modified":"2024-03-05T08:44:32","modified_gmt":"2024-03-05T07:44:32","slug":"manche-en-frene-pour-outils-a-main-sneeboer","status":"publish","type":"product","link":"https:\/\/sneeboer.com\/fr-ch\/outils-de-jardin-forges-a-la-main\/manche-en-frene-pour-outils-a-main-sneeboer","title":{"rendered":"Manche en fr\u00eane pour outils \u00e0 main Sneeboer"},"content":{"rendered":"<p>Manche en fr\u00eane pour outils \u00e0 main Sneeboer.<br \/>\nDiam\u00e8tre de 7,9 mm ou 9,9 mm.<\/p>\n","protected":false},"excerpt":{"rendered":"<p>Manche pour outils \u00e0 main Sneeboer &#8211; 14 cm de fr\u00eane<\/p>\n<p>Diam\u00e8tre de 7,9 mm ou 9,9 mm<\/p>\n<p>Veuillez utiliser de la colle ou du Locktite pour relier l&#8217;acier inoxydable au manche.<\/p>\n<p>Frottez le manche avec de l&#8217;huile de lin bouillie pour prolonger sa dur\u00e9e de vie.<\/p>\n","protected":false},"featured_media":34054,"comment_status":"closed","ping_status":"closed","template":"","meta":{"inline_featured_image":false,"product_video_url":"","product_360_url":""},"product_brand":[],"product_cat":[283],"product_tag":[484],"weeds":[],"soil_types":[],"class_list":{"0":"post-50432","1":"product","2":"type-product","3":"status-publish","4":"has-post-thumbnail","6":"product_cat-entretien-2","7":"product_tag-entretien-fr-ch","8":"post","10":"first","11":"instock","12":"taxable","13":"shipping-taxable","14":"purchasable","15":"product-type-simple"},"exclude_global_add_ons":false,"addons":[{"name":"Gravure","type":"custom_text","position":0,"required":false,"title_format":"heading","default":"","description_enable":true,"description":"Entrez jusqu'\u00e0 50 caract\u00e8res.","placeholder_enable":false,"placeholder":"","display":"select","restrictions_type":"any_text","adjust_price":true,"price":"4.92","price_type":"quantity_based","restrictions":true,"min":"1","max":"50","options":[],"id":1684165753}],"_links":{"self":[{"href":"https:\/\/sneeboer.com\/fr-ch\/wp-json\/wp\/v2\/product\/50432","targetHints":{"allow":["GET"]}}],"collection":[{"href":"https:\/\/sneeboer.com\/fr-ch\/wp-json\/wp\/v2\/product"}],"about":[{"href":"https:\/\/sneeboer.com\/fr-ch\/wp-json\/wp\/v2\/types\/product"}],"replies":[{"embeddable":true,"href":"https:\/\/sneeboer.com\/fr-ch\/wp-json\/wp\/v2\/comments?post=50432"}],"wp:featuredmedia":[{"embeddable":true,"href":"https:\/\/sneeboer.com\/fr-ch\/wp-json\/wp\/v2\/media\/34054"}],"wp:attachment":[{"href":"https:\/\/sneeboer.com\/fr-ch\/wp-json\/wp\/v2\/media?parent=50432"}],"wp:term":[{"taxonomy":"product_brand","embeddable":true,"href":"https:\/\/sneeboer.com\/fr-ch\/wp-json\/wp\/v2\/product_brand?post=50432"},{"taxonomy":"product_cat","embeddable":true,"href":"https:\/\/sneeboer.com\/fr-ch\/wp-json\/wp\/v2\/product_cat?post=50432"},{"taxonomy":"product_tag","embeddable":true,"href":"https:\/\/sneeboer.com\/fr-ch\/wp-json\/wp\/v2\/product_tag?post=50432"},{"taxonomy":"weeds","embeddable":true,"href":"https:\/\/sneeboer.com\/fr-ch\/wp-json\/wp\/v2\/weeds?post=50432"},{"taxonomy":"soil_types","embeddable":true,"href":"https:\/\/sneeboer.com\/fr-ch\/wp-json\/wp\/v2\/soil_types?post=50432"}],"curies":[{"name":"wp","href":"https:\/\/api.w.org\/{rel}","templated":true}]}}