{"id":50326,"date":"2023-05-09T12:35:51","date_gmt":"2023-05-09T10:35:51","guid":{"rendered":"https:\/\/sneeboer.com\/handgesmeed-tuingereedschap\/titan-verplanzkelle"},"modified":"2024-12-09T10:58:49","modified_gmt":"2024-12-09T09:58:49","slug":"titan-verplanzkelle","status":"publish","type":"product","link":"https:\/\/sneeboer.com\/fr-ch\/outils-de-jardin-forges-a-la-main\/titan-verplanzkelle","title":{"rendered":"Pelle de transplantation en Titane"},"content":{"rendered":"<p style=\"text-align: left;\">Les trois outils de la s\u00e9rie Titan sont \u00e9galement disponibles sous forme de set. Ce set d&#8217;outils est livr\u00e9 dans une bo\u00eete cadeau en bois fabriqu\u00e9e sur mesure et contient une truelle \u00e0 planter en titane, une fourche \u00e0 d\u00e9sherber et une houe \u00e0 main. Le set est livr\u00e9 avec un \u00e9tui en cuir pour ranger les outils et un certificat d&#8217;authenticit\u00e9.<\/p>\n","protected":false},"excerpt":{"rendered":"<p style=\"text-align: left;\">Pour c\u00e9l\u00e9brer les 100 ans de la soci\u00e9t\u00e9 Sneeboer en 2013, la ligne d&#8217;outils en titane a \u00e9t\u00e9 d\u00e9velopp\u00e9e. La truelle de repiquage en titane est vraiment unique en son genre, avec un manche en bois de noyer et un anneau en laiton grav\u00e9 du logo Sneeboer \u00e0 l&#8217;extr\u00e9mit\u00e9 du manche. L&#8217;alliage de titane a \u00e9t\u00e9 affin\u00e9 avec soin et est un secret de forgeron. La lame forg\u00e9e \u00e0 la main est durcie et l\u00e9g\u00e8rement polie, afin qu&#8217;elle conserve la couleur que lui donne le feu de charbon. Les outils de jardinage en titane Sneeboer sont les plus luxueux et les plus exclusifs que vous puissiez trouver !<\/p>\n","protected":false},"featured_media":1301,"comment_status":"closed","ping_status":"closed","template":"","meta":{"inline_featured_image":false,"product_video_url":"","product_360_url":""},"product_brand":[],"product_cat":[246,119,103],"product_tag":[],"weeds":[],"soil_types":[],"class_list":{"0":"post-50326","1":"product","2":"type-product","3":"status-publish","4":"has-post-thumbnail","6":"product_cat-ensemble-de-titane-2","7":"product_cat-ligne-de-luxe-2","8":"product_cat-outils-a-main-2","9":"post","11":"first","12":"instock","13":"taxable","14":"shipping-taxable","15":"purchasable","16":"product-type-simple"},"exclude_global_add_ons":[],"addons":[],"_links":{"self":[{"href":"https:\/\/sneeboer.com\/fr-ch\/wp-json\/wp\/v2\/product\/50326","targetHints":{"allow":["GET"]}}],"collection":[{"href":"https:\/\/sneeboer.com\/fr-ch\/wp-json\/wp\/v2\/product"}],"about":[{"href":"https:\/\/sneeboer.com\/fr-ch\/wp-json\/wp\/v2\/types\/product"}],"replies":[{"embeddable":true,"href":"https:\/\/sneeboer.com\/fr-ch\/wp-json\/wp\/v2\/comments?post=50326"}],"wp:featuredmedia":[{"embeddable":true,"href":"https:\/\/sneeboer.com\/fr-ch\/wp-json\/wp\/v2\/media\/1301"}],"wp:attachment":[{"href":"https:\/\/sneeboer.com\/fr-ch\/wp-json\/wp\/v2\/media?parent=50326"}],"wp:term":[{"taxonomy":"product_brand","embeddable":true,"href":"https:\/\/sneeboer.com\/fr-ch\/wp-json\/wp\/v2\/product_brand?post=50326"},{"taxonomy":"product_cat","embeddable":true,"href":"https:\/\/sneeboer.com\/fr-ch\/wp-json\/wp\/v2\/product_cat?post=50326"},{"taxonomy":"product_tag","embeddable":true,"href":"https:\/\/sneeboer.com\/fr-ch\/wp-json\/wp\/v2\/product_tag?post=50326"},{"taxonomy":"weeds","embeddable":true,"href":"https:\/\/sneeboer.com\/fr-ch\/wp-json\/wp\/v2\/weeds?post=50326"},{"taxonomy":"soil_types","embeddable":true,"href":"https:\/\/sneeboer.com\/fr-ch\/wp-json\/wp\/v2\/soil_types?post=50326"}],"curies":[{"name":"wp","href":"https:\/\/api.w.org\/{rel}","templated":true}]}}