{"id":55002,"date":"2025-02-19T14:50:22","date_gmt":"2025-02-19T13:50:22","guid":{"rendered":"https:\/\/sneeboer.com\/questions-frequemment-posees"},"modified":"2025-11-10T14:21:10","modified_gmt":"2025-11-10T13:21:10","slug":"questions-frequemment-posees","status":"publish","type":"page","link":"https:\/\/sneeboer.com\/fr-ch\/questions-frequemment-posees","title":{"rendered":"Questions fr\u00e9quemment pos\u00e9es"},"content":{"rendered":"\n<section class=\"wp-block-group alignfull base-grid layer layer-faq layer-faq-left is-layout-grid wp-container-core-group-is-layout-205bcd65 wp-block-group-is-layout-grid\">\n<div class=\"wp-block-group layer-faq-text wp-container-content-0562d7ac has-global-padding is-layout-constrained wp-block-group-is-layout-constrained\">\n<div class=\"faqs-list wp-block-sneeboer-faqs\">\n\n    <h2 class=\"wp-block-heading\">Commandes<\/h2><details class=\"wp-block-details\">\n                <summary>\n                    <h3 class=\"wp-block-heading is-style-normal\">Prix indiqu\u00e9s<\/h3>\n                <\/summary>\n                <p>Les prix indiqu\u00e9s sur notre site web incluent la TVA de 21 % appliqu\u00e9e aux Pays-Bas, mais excluent les frais d&#8217;exp\u00e9dition. Veuillez noter que les prix peuvent changer au moment du paiement si votre pays applique un taux de TVA plus \u00e9lev\u00e9 ou plus bas. Les prix en GBP sont hors TVA. La TVA devra \u00eatre pay\u00e9e au transporteur lorsque la commande arrivera au Royaume-Uni.<\/p>\n            <\/details><details class=\"wp-block-details\">\n                <summary>\n                    <h3 class=\"wp-block-heading is-style-normal\">Comment puis-je commander chez Sneeboer ?<\/h3>\n                <\/summary>\n                <p>Pour commander dans notre boutique en ligne, veuillez suivre les \u00e9tapes suivantes :<\/p>\n\n<ol class=\"wp-block-list\">\n\n\n\n\n\n\n\n\n\n\n\n\n\n\n\n<\/ol><li>Trouvez votre (vos) produit(s) ;<\/li>\n\n<li>Placez votre\/vos produit(s) dans le <a href=\"https:\/\/sneeboer.com\/fr-ch\/panier\" data-type=\"page\" data-id=\"48344\">panier<\/a>;<\/li>\n\n<li>Vous pouvez maintenant poursuivre vos achats ou consulter, modifier ou vider votre panier ;<\/li>\n\n<li>Si les produits choisis se trouvent dans le panier et que vous souhaitez compl\u00e9ter la commande, cliquez sur &lt;&gt; ;<\/li>\n\n<li>Saisissez vos donn\u00e9es personnelles, la livraison souhait\u00e9e et le mode de paiement ;<\/li>\n\n<li>Veuillez v\u00e9rifier votre commande et corriger les \u00e9ventuelles erreurs de saisie ;<\/li>\n\n<li>Lisez les <a href=\"https:\/\/sneeboer.com\/fr-ch\/conditions-generales\" data-type=\"page\" data-id=\"48348\">conditions g\u00e9n\u00e9rales<\/a> et cochez pour accepter ;<\/li>\n\n<li>Passez votre commande en cliquant sur le bouton &lt;&gt; ;<\/li>\n\n<li>Compl\u00e9tez le mode de paiement choisi et vous recevrez une confirmation de commande de notre part.<\/li><ol class=\"wp-block-list\">\n\n\n\n\n\n\n\n\n\n\n\n\n\n\n\n<\/ol>\n\n<p>Vous souhaitez corriger des erreurs de saisie ou modifier votre commande pendant le processus de commande ? Dans ce cas, vous pouvez \u00e0 tout moment revenir \u00e0 votre panier d&#8217;achat. Apr\u00e8s avoir pass\u00e9 votre commande, nous vous enverrons imm\u00e9diatement une confirmation par e-mail. Bien entendu, nous sauvegardons nous-m\u00eames cette confirmation de commande. Si vous avez perdu votre confirmation de mani\u00e8re inattendue ou si vous souhaitez la recevoir \u00e0 nouveau pour une autre raison, nous pouvons vous l&#8217;envoyer par e-mail. Veuillez envoyer un courriel \u00e0 <a href=\"mailto:info@sneeboer.com\">info@sneeboer.com.<\/a><\/p>\n            <\/details><details class=\"wp-block-details\">\n                <summary>\n                    <h3 class=\"wp-block-heading is-style-normal\">Comment puis-je payer ma commande ?<\/h3>\n                <\/summary>\n                <p>Nous avons choisi diff\u00e9rentes m\u00e9thodes de paiement, mais celles-ci peuvent varier d&#8217;un pays \u00e0 l&#8217;autre. Vous pouvez payer par :<\/p>\n\n<ul class=\"wp-block-list\">\n\n\n\n\n\n<\/ul><li>Paiement par cartes de cr\u00e9dit courantes telles que VISA, Maestro ou Mastercard.<\/li>\n\n<li>iDEAL<\/li>\n\n<li>Paypal.<\/li>\n\n<li>Bancontact<\/li><ul class=\"wp-block-list\">\n\n\n\n\n\n<\/ul>\n\n<p>D\u00e8s r\u00e9ception du montant total, nous mettons la commande en production.<\/p>\n            <\/details><details class=\"wp-block-details\">\n                <summary>\n                    <h3 class=\"wp-block-heading is-style-normal\">Comment puis-je modifier ou annuler ma commande ?<\/h3>\n                <\/summary>\n                <p>Si vous souhaitez modifier une commande, il est pr\u00e9f\u00e9rable de nous appeler le plus rapidement possible ou d&#8217;envoyer un e-mail \u00e0 <a href=\"mailto:info@sneeboer.com\">info@sneeboer.com<\/a>. Nous trouverons alors la meilleure solution. Si votre commande a d\u00e9j\u00e0 \u00e9t\u00e9 exp\u00e9di\u00e9e au moment de l&#8217;annulation, vous pouvez renvoyer l&#8217;envoi. Nous vous rembourserons le montant de la facture dans les plus brefs d\u00e9lais, \u00e0 l&#8217;exclusion des frais d&#8217;exp\u00e9dition.<\/p>\n            <\/details>\n<\/div>\n\n<\/div>\n\n\n\n<div class=\"wp-block-group layer-faq-cta has-global-padding is-layout-constrained wp-block-group-is-layout-constrained\">\n<div class=\"wp-block-group layer-faq-cta-wrap is-layout-flex wp-block-group-is-layout-flex\">\n<h2 class=\"wp-block-heading has-text-align-right is-style-alt layer-faq-cta-title has-xx-large-font-size\">Tu n\u2019y <br>arrive <br>pas ?<\/h2>\n\n\n\n<ul class=\"wp-block-social-links has-visible-labels has-icon-color is-style-buttons layer-faq-cta-buttons is-vertical is-nowrap is-layout-flex wp-container-core-social-links-is-layout-3655d5c7 wp-block-social-links-is-layout-flex\">\n<div class=\"wp-block-outermost-icon-block\"><a class=\"icon-container has-icon-color has-white-color\" href=\"tel:+31-228511365\" style=\"color:#ffffff;width:48px;transform:rotate(0deg) scaleX(1) scaleY(1)\" aria-label=\"Appelle\"><svg xmlns=\"http:\/\/www.w3.org\/2000\/svg\" viewBox=\"0 0 512 512\" aria-label=\"Appelle\"><path d=\"M493.4 24.6l-104-24c-11.3-2.6-22.9 3.3-27.5 13.9l-48 112c-4.2 9.8-1.4 21.3 6.9 28l60.6 49.6c-36 76.7-98.9 140.5-177.2 177.2l-49.6-60.6c-6.8-8.3-18.2-11.1-28-6.9l-112 48C3.9 366.5-2 378.1.6 389.4l24 104C27.1 504.2 36.7 512 48 512c256.1 0 464-207.5 464-464 0-11.2-7.7-20.9-18.6-23.4z\"><\/path><\/svg><\/a><\/div>\n\n\n<li style=\"color:#ffffff;\" class=\"wp-social-link wp-social-link-mail has-white-color wp-block-social-link\"><a rel=\"noopener nofollow\" target=\"_blank\" href=\"mailto:info@sneeboer.com\" class=\"wp-block-social-link-anchor\"><svg width=\"24\" height=\"24\" viewBox=\"0 0 24 24\" version=\"1.1\" xmlns=\"http:\/\/www.w3.org\/2000\/svg\" aria-hidden=\"true\" focusable=\"false\"><path d=\"M19,5H5c-1.1,0-2,.9-2,2v10c0,1.1.9,2,2,2h14c1.1,0,2-.9,2-2V7c0-1.1-.9-2-2-2zm.5,12c0,.3-.2.5-.5.5H5c-.3,0-.5-.2-.5-.5V9.8l7.5,5.6,7.5-5.6V17zm0-9.1L12,13.6,4.5,7.9V7c0-.3.2-.5.5-.5h14c.3,0,.5.2.5.5v.9z\"><\/path><\/svg><span class=\"wp-block-social-link-label\">Mail<\/span><\/a><\/li><\/ul>\n<\/div>\n<\/div>\n\n\n\n<div class=\"wp-block-group layer-faq-img is-content-justification-right is-nowrap is-layout-flex wp-container-core-group-is-layout-17124a9a wp-block-group-is-layout-flex\">\n<figure class=\"wp-block-image alignright size-large is-resized\"><img loading=\"lazy\" decoding=\"async\" width=\"500\" height=\"343\" src=\"\/wp-content\/uploads\/2025\/02\/faq-example-product-500x343.png\" alt=\"\" class=\"wp-image-47297\" style=\"width:350px\" srcset=\"https:\/\/sneeboer.com\/wp-content\/uploads\/2025\/02\/faq-example-product-500x343.png 500w, https:\/\/sneeboer.com\/wp-content\/uploads\/2025\/02\/faq-example-product-250x171.png 250w, https:\/\/sneeboer.com\/wp-content\/uploads\/2025\/02\/faq-example-product-768x527.png 768w, https:\/\/sneeboer.com\/wp-content\/uploads\/2025\/02\/faq-example-product-1536x1053.png 1536w, https:\/\/sneeboer.com\/wp-content\/uploads\/2025\/02\/faq-example-product-600x411.png 600w, https:\/\/sneeboer.com\/wp-content\/uploads\/2025\/02\/faq-example-product.png 1775w\" sizes=\"auto, (max-width: 500px) 100vw, 500px\" \/><\/figure>\n<\/div>\n<\/section>\n\n\n\n<section class=\"wp-block-group alignfull base-grid layer layer-faq layer-faq-right has-salmon-light-background-color has-background is-layout-grid wp-container-core-group-is-layout-205bcd65 wp-block-group-is-layout-grid\">\n<div class=\"wp-block-group layer-faq-img has-global-padding is-layout-constrained wp-block-group-is-layout-constrained\">\n<figure class=\"wp-block-image alignfull size-large\"><img loading=\"lazy\" decoding=\"async\" width=\"500\" height=\"336\" src=\"http:\/\/localhost\/wp-content\/uploads\/2025\/02\/sneeboer-loading-500x336.jpg\" alt=\"\" class=\"wp-image-47317\" srcset=\"https:\/\/sneeboer.com\/wp-content\/uploads\/2025\/02\/sneeboer-loading-500x336.jpg 500w, https:\/\/sneeboer.com\/wp-content\/uploads\/2025\/02\/sneeboer-loading-250x168.jpg 250w, https:\/\/sneeboer.com\/wp-content\/uploads\/2025\/02\/sneeboer-loading-768x516.jpg 768w, https:\/\/sneeboer.com\/wp-content\/uploads\/2025\/02\/sneeboer-loading-1536x1032.jpg 1536w, https:\/\/sneeboer.com\/wp-content\/uploads\/2025\/02\/sneeboer-loading-600x403.jpg 600w, https:\/\/sneeboer.com\/wp-content\/uploads\/2025\/02\/sneeboer-loading.jpg 2048w\" sizes=\"auto, (max-width: 500px) 100vw, 500px\" \/><\/figure>\n<\/div>\n\n\n\n<div class=\"wp-block-group layer-faq-text has-global-padding is-layout-constrained wp-block-group-is-layout-constrained\">\n<div class=\"faqs-list wp-block-sneeboer-faqs\">\n\n    <h2 class=\"wp-block-heading\">Retours<\/h2><details class=\"wp-block-details\">\n                <summary>\n                    <h3 class=\"wp-block-heading is-style-normal\">Puis-je retourner ma commande ?<\/h3>\n                <\/summary>\n                <p>Nous voulons que vous soyez enti\u00e8rement satisfait de votre commande. Si vous n&#8217;\u00eates toujours pas satisfait pour quelque raison que ce soit, vous pouvez renvoyer votre commande si vous remplissez les conditions suivantes :<\/p>\n\n<ul class=\"wp-block-list\">\n\n\n\n\n\n<\/ul><li>Le droit de retour, \u00e9galement appel\u00e9 d\u00e9lai de r\u00e9flexion, signifie que vous avez le droit de retourner le produit command\u00e9 dans un d\u00e9lai de 14 jours sans donner de raisons contre un remboursement de ce que vous nous avez pay\u00e9.<\/li>\n\n<li>Vous pouvez d\u00e9cider de retourner le produit jusqu&#8217;\u00e0 14 jours \u00e0 compter du jour o\u00f9 vous en prenez physiquement possession. Votre d\u00e9cision de retour doit nous parvenir dans ce d\u00e9lai.<\/li>\n\n<li>Pour exercer le droit de retour, vous devez nous faire savoir par une d\u00e9claration claire (par exemple, par t\u00e9l\u00e9phone ou par e-mail) que vous souhaitez retourner. Vous trouverez \u00e9galement un formulaire de contact sur notre site, mais vous n&#8217;\u00eates pas oblig\u00e9 de l&#8217;utiliser.<\/li>\n\n<li>Vous devez nous renvoyer ou nous remettre les produits dans les plus brefs d\u00e9lais et, en tout \u00e9tat de cause, au plus tard 14 jours apr\u00e8s la date \u00e0 laquelle vous nous avez inform\u00e9s de votre souhait de renvoyer les articles command\u00e9s. Les frais directs de renvoi des produits sont \u00e0 votre charge.<\/li><ul>\n\n\n\n\n\n<\/ul>\n\n<p>Nous inspecterons les produits retourn\u00e9s d\u00e8s leur r\u00e9ception. Si nous d\u00e9tectons des dommages ou des traces montrant que les produits ont \u00e9t\u00e9 utilis\u00e9s d&#8217;une mani\u00e8re qui va au-del\u00e0 de la nature, des caract\u00e9ristiques et du fonctionnement du produit, vous serez responsable de la d\u00e9pr\u00e9ciation des produits.<\/p>\n\n<p>Une fois que vous avez renvoy\u00e9 les produits, nous vous remboursons tous les paiements effectu\u00e9s jusqu&#8217;\u00e0 ce moment-l\u00e0. Les frais de livraison ne seront rembours\u00e9s que si l&#8217;article \u00e9tait endommag\u00e9, d\u00e9fectueux ou mal livr\u00e9. Nous vous rembourserons les paiements dans les plus brefs d\u00e9lais et, en tout \u00e9tat de cause, au plus tard dans les 14 jours suivant la r\u00e9ception de votre d\u00e9cision de retour.<\/p>\n\n<p>Nous vous rembourserons en utilisant le m\u00eame moyen de paiement que celui avec lequel vous avez effectu\u00e9 le paiement initial, \u00e0 moins que vous n&#8217;ayez express\u00e9ment convenu d&#8217;un autre mode de remboursement. En tout \u00e9tat de cause, nous ne vous facturerons pas ce remboursement. Nous pouvons attendre pour vous rembourser que nous ayons re\u00e7u les marchandises ou que vous ayez prouv\u00e9 que vous avez renvoy\u00e9 les marchandises, la date retenue \u00e9tant celle du premier de ces faits.<\/p>\n            <\/details>\n<\/div>\n\n\n\n\n<div class=\"faqs-list wp-block-sneeboer-faqs\">\n\n    <h2 class=\"wp-block-heading\">Exp\u00e9dition et Livraison<\/h2><details class=\"wp-block-details\">\n                <summary>\n                    <h3 class=\"wp-block-heading is-style-normal\">Puis-je sp\u00e9cifier une autre adresse de livraison ?<\/h3>\n                <\/summary>\n                <p>Il est possible, lors de la commande, d&#8217;indiquer une deuxi\u00e8me adresse \u00e0 laquelle nous pouvons faire livrer le colis, par exemple l&#8217;adresse de votre lieu de travail. A la fin du processus de commande, vous pouvez nous fournir des informations suppl\u00e9mentaires dans la case &#8220;commentaires&#8221;.<\/p>\n            <\/details><details class=\"wp-block-details\">\n                <summary>\n                    <h3 class=\"wp-block-heading is-style-normal\">Envoyer le colis au point de collecte<\/h3>\n                <\/summary>\n                <p>Pour les envois aux Pays-Bas, il n&#8217;est malheureusement pas possible de faire livrer votre colis \u00e0 un point de collecte pr\u00e8s de chez vous. En cas d&#8217;absence, le transporteur laissera un avis de passage dans votre bo\u00eete aux lettres et r\u00e9essayera un jour plus tard.<\/p>\n            <\/details><details class=\"wp-block-details\">\n                <summary>\n                    <h3 class=\"wp-block-heading is-style-normal\">Exp\u00e9dition vers le Royaume-Uni apr\u00e8s le Brexit<\/h3>\n                <\/summary>\n                <p>Depuis le 1er janvier 2021, de nouvelles r\u00e8gles s&#8217;appliquent aux envois vers le Royaume-Uni. Nos outils sont exempt\u00e9s de droits d&#8217;importation, mais la TVA devra \u00eatre pay\u00e9e \u00e0 l&#8217;arriv\u00e9e dans le pays. Vous recevrez une facture du transporteur pour payer cette taxe. Chez nous, vous payez le co\u00fbt du transport jusqu&#8217;\u00e0 votre adresse, mais la TVA devra \u00eatre r\u00e9gl\u00e9e par la suite avec le transporteur.<\/p>\n\n<p>Si le montant total est inf\u00e9rieur \u00e0 135 livres sterling, FedEx demandera le paiement de la TVA avant la livraison. Si le montant total est sup\u00e9rieur \u00e0 135 livres sterling, vous pouvez vous attendre \u00e0 recevoir une autre facture de FedEx apr\u00e8s la livraison.<\/p>\n\n<p>Outre la TVA, FedEx facture \u00e9galement des frais administratifs, qui d\u00e9pendent du montant de la TVA.<\/p>\n\n<ul class=\"wp-block-list\">\n\n\n\n<\/ul><li>Si la TVA est comprise entre 0,01 et 42,50 livres sterling, la redevance s&#8217;\u00e9l\u00e8ve \u00e0 30 % du montant de la TVA, avec un minimum de 4,25 livres sterling.<\/li>\n\n<li>Si la TVA est de 42,50 \u00a3 &#8211; 510,00 \u00a3, la taxe est de 12,75 \u00a3.<\/li>\n\n<li>Si le montant de la TVA est sup\u00e9rieur \u00e0 510,00 \u00a3, la taxe s&#8217;\u00e9l\u00e8ve \u00e0 2,5 % du montant de la TVA.<\/li><ul>\n\n\n\n<\/ul>\n            <\/details><details class=\"wp-block-details\">\n                <summary>\n                    <h3 class=\"wp-block-heading is-style-normal\">Quels sont les d\u00e9lais de livraison ?<\/h3>\n                <\/summary>\n                <p>Nous produisons tous les outils sur commande. Apr\u00e8s r\u00e9ception de votre commande, nous vous enverrons un e-mail avec le d\u00e9lai de livraison pr\u00e9vu. Chaque <a href=\"https:\/\/sneeboer.com\/fr-ch\/outils-de-jardin\/nos-collections-2\">outil de jardin Sneeboer<\/a> est fabriqu\u00e9 \u00e0 la main par notre petite \u00e9quipe en Hollande.<\/p>\n            <\/details><details class=\"wp-block-details\">\n                <summary>\n                    <h3 class=\"wp-block-heading is-style-normal\">Quels sont les frais d&#8217;exp\u00e9dition ?<\/h3>\n                <\/summary>\n                <p>Les frais d&#8217;exp\u00e9dition d\u00e9pendent de la taille, du poids et du lieu de livraison du colis. Lorsque vous passez votre commande, les frais d&#8217;exp\u00e9dition sont calcul\u00e9s et visibles.<\/p>\n\n<p>Aux Pays-Bas, nous exp\u00e9dions toutes nos commandes avec Beentjes de Heerhugowaard.<br>Nous exp\u00e9dions \u00e0 l&#8217;\u00e9tranger avec FedEx international et DPD. FedEx dispose d&#8217;une liste d&#8217;exceptions, de codes postaux \u00e9loign\u00e9s tels que les \u00eeles, etc. Dans certains cas, les frais d&#8217;exp\u00e9dition peuvent \u00eatre plus \u00e9lev\u00e9s que ceux calcul\u00e9s par notre syst\u00e8me. Dans ce cas, nous vous contacterons.<\/p>\n\n<p>Voici un aper\u00e7u des m\u00e9thodes d&#8217;exp\u00e9dition et des suppl\u00e9ments.<\/p>\n\n<ul class=\"wp-block-list\">\n\n\n\n\n\n<\/ul><li><strong>Royaume-Uni<\/strong>: FedEx : suppl\u00e9ment pour la longueur \u00a320<\/li>\n\n<li><strong>\u00c9tats-Unis et Canada<\/strong>: suppl\u00e9ment de longueur 28<\/li>\n\n<li><strong>Europe<\/strong>: DPD ou FedEx : suppl\u00e9ment de longueur 18,90 \u20ac (hors TVA)<\/li>\n\n<li><strong>Autres pays<\/strong>: FedEx ; suppl\u00e9ment de longueur de 22,50 euros<\/li><ul class=\"wp-block-list\">\n\n\n\n\n\n<\/ul>\n\n<p>Ce suppl\u00e9ment est ajout\u00e9 au co\u00fbt total de l&#8217;exp\u00e9dition lors du paiement et est bas\u00e9 sur la longueur d&#8217;une pi\u00e8ce d&#8217;\u00e9quipement de jardin.<\/p>\n            <\/details>\n<\/div>\n\n<\/div>\n<\/section>\n\n\n\n<section class=\"wp-block-group alignfull base-grid layer layer-contact is-layout-grid wp-container-core-group-is-layout-205bcd65 wp-block-group-is-layout-grid\">\n<div class=\"wp-block-cover alignfull layer-contact-content\"><img loading=\"lazy\" decoding=\"async\" width=\"2048\" height=\"1458\" class=\"wp-block-cover__image-background wp-image-47335\" alt=\"\" src=\"http:\/\/localhost\/wp-content\/uploads\/2025\/02\/296366184_5447336408648324_5166215579200988054_n.jpg\" data-object-fit=\"cover\" srcset=\"https:\/\/sneeboer.com\/wp-content\/uploads\/2025\/02\/296366184_5447336408648324_5166215579200988054_n.jpg 2048w, https:\/\/sneeboer.com\/wp-content\/uploads\/2025\/02\/296366184_5447336408648324_5166215579200988054_n-250x178.jpg 250w, https:\/\/sneeboer.com\/wp-content\/uploads\/2025\/02\/296366184_5447336408648324_5166215579200988054_n-500x356.jpg 500w, https:\/\/sneeboer.com\/wp-content\/uploads\/2025\/02\/296366184_5447336408648324_5166215579200988054_n-768x547.jpg 768w, https:\/\/sneeboer.com\/wp-content\/uploads\/2025\/02\/296366184_5447336408648324_5166215579200988054_n-1536x1094.jpg 1536w, https:\/\/sneeboer.com\/wp-content\/uploads\/2025\/02\/296366184_5447336408648324_5166215579200988054_n-600x427.jpg 600w\" sizes=\"auto, (max-width: 2048px) 100vw, 2048px\" \/><span aria-hidden=\"true\" class=\"wp-block-cover__background has-background-dim-0 has-background-dim\"><\/span><div class=\"wp-block-cover__inner-container is-layout-flow wp-block-cover-is-layout-flow\">\n<h2 class=\"wp-block-heading has-text-align-right is-style-alt layer-contact-title has-xx-large-font-size\">Tu n\u2019y<br>arrive<br>pas ?<\/h2>\n\n\n\n<div class=\"wp-block-group layer-contact-text has-global-padding is-layout-constrained wp-block-group-is-layout-constrained\">\n<h2 class=\"wp-block-heading\">Contactez-nous<\/h2>\n\n\n\n<p>Chez Sneeboer, nous sommes toujours pr\u00eats \u00e0 aider les autres. N&#8217;h\u00e9sitez pas \u00e0 nous appeler ou \u00e0 nous envoyer un e-mail si vous avez des questions. Nous r\u00e9pondrons ensuite \u00e0 votre question dans les plus brefs d\u00e9lais.<\/p>\n\n\n\n<ul class=\"wp-block-social-links has-visible-labels has-icon-color is-style-buttons layer-faq-cta-buttons is-horizontal is-layout-flex wp-block-social-links-is-layout-flex\">\n<div class=\"wp-block-outermost-icon-block\"><a class=\"icon-container has-icon-color has-red-color\" href=\"tel:+31-228511365\" style=\"color:#CC0A04;width:48px;transform:rotate(0deg) scaleX(1) scaleY(1)\" aria-label=\"Appelle\"><svg xmlns=\"http:\/\/www.w3.org\/2000\/svg\" viewBox=\"0 0 512 512\" aria-label=\"Appelle\"><path d=\"M493.4 24.6l-104-24c-11.3-2.6-22.9 3.3-27.5 13.9l-48 112c-4.2 9.8-1.4 21.3 6.9 28l60.6 49.6c-36 76.7-98.9 140.5-177.2 177.2l-49.6-60.6c-6.8-8.3-18.2-11.1-28-6.9l-112 48C3.9 366.5-2 378.1.6 389.4l24 104C27.1 504.2 36.7 512 48 512c256.1 0 464-207.5 464-464 0-11.2-7.7-20.9-18.6-23.4z\"><\/path><\/svg><\/a><\/div>\n\n\n<li style=\"color:#CC0A04;\" class=\"wp-social-link wp-social-link-mail has-red-color wp-block-social-link\"><a rel=\"noopener nofollow\" target=\"_blank\" href=\"mailto:info@sneeboer.com\" class=\"wp-block-social-link-anchor\"><svg width=\"24\" height=\"24\" viewBox=\"0 0 24 24\" version=\"1.1\" xmlns=\"http:\/\/www.w3.org\/2000\/svg\" aria-hidden=\"true\" focusable=\"false\"><path d=\"M19,5H5c-1.1,0-2,.9-2,2v10c0,1.1.9,2,2,2h14c1.1,0,2-.9,2-2V7c0-1.1-.9-2-2-2zm.5,12c0,.3-.2.5-.5.5H5c-.3,0-.5-.2-.5-.5V9.8l7.5,5.6,7.5-5.6V17zm0-9.1L12,13.6,4.5,7.9V7c0-.3.2-.5.5-.5h14c.3,0,.5.2.5.5v.9z\"><\/path><\/svg><span class=\"wp-block-social-link-label\">Mail<\/span><\/a><\/li><\/ul>\n<\/div>\n<\/div><\/div>\n<\/section>\n","protected":false},"excerpt":{"rendered":"<p>Tu n\u2019y arrive pas ?<\/p>\n","protected":false},"author":8062,"featured_media":0,"parent":0,"menu_order":61,"comment_status":"closed","ping_status":"closed","template":"","meta":{"inline_featured_image":false,"home_video_url":"","home_alt_img_url":"","footnotes":""},"class_list":["post-55002","page","type-page","status-publish","hentry","post"],"_links":{"self":[{"href":"https:\/\/sneeboer.com\/fr-ch\/wp-json\/wp\/v2\/pages\/55002","targetHints":{"allow":["GET"]}}],"collection":[{"href":"https:\/\/sneeboer.com\/fr-ch\/wp-json\/wp\/v2\/pages"}],"about":[{"href":"https:\/\/sneeboer.com\/fr-ch\/wp-json\/wp\/v2\/types\/page"}],"author":[{"embeddable":true,"href":"https:\/\/sneeboer.com\/fr-ch\/wp-json\/wp\/v2\/users\/8062"}],"replies":[{"embeddable":true,"href":"https:\/\/sneeboer.com\/fr-ch\/wp-json\/wp\/v2\/comments?post=55002"}],"version-history":[{"count":1,"href":"https:\/\/sneeboer.com\/fr-ch\/wp-json\/wp\/v2\/pages\/55002\/revisions"}],"predecessor-version":[{"id":62264,"href":"https:\/\/sneeboer.com\/fr-ch\/wp-json\/wp\/v2\/pages\/55002\/revisions\/62264"}],"wp:attachment":[{"href":"https:\/\/sneeboer.com\/fr-ch\/wp-json\/wp\/v2\/media?parent=55002"}],"curies":[{"name":"wp","href":"https:\/\/api.w.org\/{rel}","templated":true}]}}