{"id":54979,"date":"2025-05-13T11:37:44","date_gmt":"2025-05-13T09:37:44","guid":{"rendered":"https:\/\/sneeboer.com\/durabilite"},"modified":"2025-05-13T11:37:44","modified_gmt":"2025-05-13T09:37:44","slug":"durabilite","status":"publish","type":"page","link":"https:\/\/sneeboer.com\/fr-ch\/durabilite","title":{"rendered":"Durabilit\u00e9"},"content":{"rendered":"\n<section class=\"wp-block-group alignfull base-grid layer layer-text-img layer-text-img-right is-layout-grid wp-container-core-group-is-layout-205bcd65 wp-block-group-is-layout-grid\">\n<div class=\"wp-block-group layer-text has-global-padding is-layout-constrained wp-block-group-is-layout-constrained\">\n<p>Depuis notre cr\u00e9ation en 1913, la durabilit\u00e9 est un \u00e9l\u00e9ment important de la vision de Sneeboer. D\u00e8s le d\u00e9but, nous avons produit des outils qui durent toute une vie, ouvrant la voie au consum\u00e9risme : choisir la qualit\u00e9 plut\u00f4t que des produits qui doivent \u00eatre remplac\u00e9s rapidement. Mais nous ne nous arr\u00eatons pas \u00e0 la dur\u00e9e de vie de nos outils. Nous avons pris des mesures importantes pour rendre nos processus de production plus durables. Par exemple, nous produisons notre propre \u00e9nergie gr\u00e2ce \u00e0 332 panneaux solaires qui alimentent, entre autres, notre laser \u00e0 plaques Bodor 12 kW et notre g\u00e9n\u00e9rateur \u00e0 induction. Ces machines nous permettent de produire plus efficacement, tout en r\u00e9duisant consid\u00e9rablement nos \u00e9missions de CO\u2082 et notre consommation de mati\u00e8res premi\u00e8res.<\/p>\n<\/div>\n\n\n\n<div class=\"wp-block-group layer-img has-global-padding is-layout-constrained wp-block-group-is-layout-constrained\">\n<figure class=\"wp-block-embed alignfull is-type-video is-provider-youtube wp-block-embed-youtube wp-embed-aspect-16-9 wp-has-aspect-ratio\"><div class=\"wp-block-embed__wrapper\">\n<iframe loading=\"lazy\" title=\"Sneeboer tuingereedschap bij de TV Show Doe Maar Duurzaam als uitgezonden op SBS6\" width=\"500\" height=\"281\" src=\"https:\/\/www.youtube.com\/embed\/B0rvIF-Rglk?feature=oembed\" frameborder=\"0\" allow=\"accelerometer; autoplay; clipboard-write; encrypted-media; gyroscope; picture-in-picture; web-share\" referrerpolicy=\"strict-origin-when-cross-origin\" allowfullscreen><\/iframe>\n<\/div><\/figure>\n<\/div>\n<\/section>\n\n\n\n<section class=\"wp-block-group alignfull base-grid layer layer-text-img layer-text-img-left has-salmon-light-background-color has-background is-layout-grid wp-container-core-group-is-layout-205bcd65 wp-block-group-is-layout-grid\">\n<div class=\"wp-block-group layer-img has-global-padding is-layout-constrained wp-block-group-is-layout-constrained\">\n<figure class=\"wp-block-image alignfull size-full\"><img loading=\"lazy\" decoding=\"async\" width=\"2465\" height=\"1443\" src=\"\/wp-content\/uploads\/2023\/05\/Zonnepanelen2.jpg\" alt=\"\" class=\"wp-image-27241\" srcset=\"https:\/\/sneeboer.com\/wp-content\/uploads\/2023\/05\/Zonnepanelen2.jpg 2465w, https:\/\/sneeboer.com\/wp-content\/uploads\/2023\/05\/Zonnepanelen2-600x351.jpg 600w, https:\/\/sneeboer.com\/wp-content\/uploads\/2023\/05\/Zonnepanelen2-300x176.jpg 300w, https:\/\/sneeboer.com\/wp-content\/uploads\/2023\/05\/Zonnepanelen2-1024x599.jpg 1024w, https:\/\/sneeboer.com\/wp-content\/uploads\/2023\/05\/Zonnepanelen2-768x450.jpg 768w, https:\/\/sneeboer.com\/wp-content\/uploads\/2023\/05\/Zonnepanelen2-1536x899.jpg 1536w, https:\/\/sneeboer.com\/wp-content\/uploads\/2023\/05\/Zonnepanelen2-2048x1199.jpg 2048w, https:\/\/sneeboer.com\/wp-content\/uploads\/2023\/05\/Zonnepanelen2-20x12.jpg 20w\" sizes=\"auto, (max-width: 2465px) 100vw, 2465px\" \/><\/figure>\n<\/div>\n\n\n\n<div class=\"wp-block-group layer-text has-global-padding is-layout-constrained wp-block-group-is-layout-constrained\">\n<h2 class=\"wp-block-heading\">Panneaux solaires<\/h2>\n\n\n\n<p>En 2020, nous avons fait un grand pas vers la durabilit\u00e9 en installant 332 panneaux solaires sur le toit de nos locaux. Ces panneaux g\u00e9n\u00e8rent environ 100 000 kWh d\u2019\u00e9nergie propre par an, ce qui nous a permis \u00e0 l\u2019\u00e9poque d\u2019atteindre un processus de production neutre sur le plan \u00e9nerg\u00e9tique. Depuis, nous ne sommes pas rest\u00e9s inactifs : gr\u00e2ce \u00e0 des optimisations intelligentes et \u00e0 des m\u00e9thodes de production plus efficaces, nous avons d\u00e9j\u00e0 r\u00e9ussi \u00e0 r\u00e9duire notre consommation d\u2019\u00e9nergie \u00e0 seulement 60 000 kWh par an. Cela signifie que nous sommes non seulement neutres sur le plan \u00e9nerg\u00e9tique, mais que nous produisons m\u00eame de l\u2019\u00e9nergie verte exc\u00e9dentaire que nous r\u00e9injectons dans le r\u00e9seau \u00e9nerg\u00e9tique.<\/p>\n<\/div>\n<\/section>\n\n\n\n<section class=\"wp-block-group alignfull base-grid layer layer-text-img layer-text-img-right is-layout-grid wp-container-core-group-is-layout-205bcd65 wp-block-group-is-layout-grid\">\n<div class=\"wp-block-group layer-text has-global-padding is-layout-constrained wp-block-group-is-layout-constrained\">\n<h2 class=\"wp-block-heading\">Chauffage inductif<\/h2>\n\n\n\n<p>Depuis 2023, nous utilisons un g\u00e9n\u00e9rateur \u00e0 induction Himmelwerk innovant, aliment\u00e9 par l\u2019\u00e9nergie de 332 panneaux solaires, pour chauffer notre m\u00e9tal. Cette nouvelle m\u00e9thode remplace le feu de forge traditionnel aliment\u00e9 au coke, \u00e9limine la d\u00e9pendance aux combustibles fossiles et r\u00e9duit nos \u00e9missions de CO\u2082 de plus de 12 000 kg par an. Gr\u00e2ce \u00e0 la pr\u00e9cision du chauffage par induction, nous am\u00e9liorons non seulement la qualit\u00e9 et la durabilit\u00e9 de nos outils, mais nous contribuons \u00e9galement \u00e0 une plan\u00e8te plus propre.<\/p>\n<\/div>\n\n\n\n<div class=\"wp-block-group layer-img has-global-padding is-layout-constrained wp-block-group-is-layout-constrained\">\n<figure class=\"wp-block-image alignfull size-full\"><img loading=\"lazy\" decoding=\"async\" width=\"1179\" height=\"1274\" src=\"http:\/\/localhost\/wp-content\/uploads\/2024\/08\/sneeboer-inductief-verwarmen-04.jpg\" alt=\"\" class=\"wp-image-43602\" srcset=\"https:\/\/sneeboer.com\/wp-content\/uploads\/2024\/08\/sneeboer-inductief-verwarmen-04.jpg 1179w, https:\/\/sneeboer.com\/wp-content\/uploads\/2024\/08\/sneeboer-inductief-verwarmen-04-278x300.jpg 278w, https:\/\/sneeboer.com\/wp-content\/uploads\/2024\/08\/sneeboer-inductief-verwarmen-04-948x1024.jpg 948w, https:\/\/sneeboer.com\/wp-content\/uploads\/2024\/08\/sneeboer-inductief-verwarmen-04-768x830.jpg 768w, https:\/\/sneeboer.com\/wp-content\/uploads\/2024\/08\/sneeboer-inductief-verwarmen-04-600x648.jpg 600w\" sizes=\"auto, (max-width: 1179px) 100vw, 1179px\" \/><\/figure>\n<\/div>\n<\/section>\n\n\n\n<section class=\"wp-block-group alignfull base-grid layer layer-text-img layer-text-img-left has-salmon-light-background-color has-background is-layout-grid wp-container-core-group-is-layout-205bcd65 wp-block-group-is-layout-grid\">\n<div class=\"wp-block-group layer-img has-global-padding is-layout-constrained wp-block-group-is-layout-constrained\">\n<figure class=\"wp-block-image alignfull size-full\"><img loading=\"lazy\" decoding=\"async\" width=\"2560\" height=\"1920\" src=\"http:\/\/localhost\/wp-content\/uploads\/2024\/08\/sneeboer-lasersnijden-vs-watersnijden-03-scaled.jpg\" alt=\"Lasersnijden vs Watersnijden\" class=\"wp-image-43206\" srcset=\"https:\/\/sneeboer.com\/wp-content\/uploads\/2024\/08\/sneeboer-lasersnijden-vs-watersnijden-03-scaled.jpg 2560w, https:\/\/sneeboer.com\/wp-content\/uploads\/2024\/08\/sneeboer-lasersnijden-vs-watersnijden-03-300x225.jpg 300w, https:\/\/sneeboer.com\/wp-content\/uploads\/2024\/08\/sneeboer-lasersnijden-vs-watersnijden-03-1024x768.jpg 1024w, https:\/\/sneeboer.com\/wp-content\/uploads\/2024\/08\/sneeboer-lasersnijden-vs-watersnijden-03-768x576.jpg 768w, https:\/\/sneeboer.com\/wp-content\/uploads\/2024\/08\/sneeboer-lasersnijden-vs-watersnijden-03-1536x1152.jpg 1536w, https:\/\/sneeboer.com\/wp-content\/uploads\/2024\/08\/sneeboer-lasersnijden-vs-watersnijden-03-2048x1536.jpg 2048w, https:\/\/sneeboer.com\/wp-content\/uploads\/2024\/08\/sneeboer-lasersnijden-vs-watersnijden-03-600x450.jpg 600w\" sizes=\"auto, (max-width: 2560px) 100vw, 2560px\" \/><\/figure>\n<\/div>\n\n\n\n<div class=\"wp-block-group layer-text has-global-padding is-layout-constrained wp-block-group-is-layout-constrained\">\n<h2 class=\"wp-block-heading\">D\u00e9coupe laser<\/h2>\n\n\n\n<p>Chez Sneeboer, nous nous effor\u00e7ons d\u2019am\u00e9liorer nos processus de production dans un souci de durabilit\u00e9 tout en maintenant la qualit\u00e9. Notre r\u00e9cente comparaison entre la d\u00e9coupeuse \u00e0 eau Resato ACM1500 et le laser \u00e0 plaques Bodor 12kW nous a amen\u00e9s \u00e0 choisir la d\u00e9coupe laser comme solution d\u2019avenir. Non seulement le laser \u00e0 plaques Bodor est 77 fois plus rapide que la d\u00e9coupeuse \u00e0 eau, mais il ne n\u00e9cessite pas d\u2019eau ni de mat\u00e9riau abrasif, ce qui r\u00e9duit consid\u00e9rablement son impact sur l\u2019environnement. En outre, la d\u00e9coupe laser est beaucoup plus rapide et plus pr\u00e9cise, ce qui permet de r\u00e9duire le gaspillage de mat\u00e9riaux et les co\u00fbts \u00e9nerg\u00e9tiques par produit. Cela contribue directement \u00e0 la r\u00e9duction des \u00e9missions de CO\u2082 et rend le processus de production plus efficace et durable.<\/p>\n<\/div>\n<\/section>\n\n\n\n<section class=\"wp-block-group alignfull base-grid layer layer-text-img layer-text-img-right is-layout-grid wp-container-core-group-is-layout-205bcd65 wp-block-group-is-layout-grid\">\n<div class=\"wp-block-group layer-text has-global-padding is-layout-constrained wp-block-group-is-layout-constrained\">\n<h2 class=\"wp-block-heading\">Soudage au laser<\/h2>\n\n\n\n<p>Le soudage au laser offre des avantages significatifs en termes de d\u00e9veloppement durable par rapport aux m\u00e9thodes de soudage traditionnelles telles que le soudage MIG\/MAG et le soudage \u00e0 l\u2019\u00e9lectrode. Ce proc\u00e9d\u00e9 utilise un faisceau de lumi\u00e8re concentr\u00e9 pour fondre et assembler les mat\u00e9riaux, cr\u00e9ant ainsi une soudure tr\u00e8s solide et pr\u00e9cise. Cela r\u00e9duit non seulement la consommation d\u2019\u00e9nergie, mais aussi la n\u00e9cessit\u00e9 d\u2019un post-traitement, r\u00e9duisant ainsi le besoin de mat\u00e9riaux et d\u2019outils suppl\u00e9mentaires. En outre, le soudage au laser est plus rapide, ce qui r\u00e9duit encore la consommation d\u2019\u00e9nergie globale et les \u00e9missions de CO\u2082. Gr\u00e2ce \u00e0 cette efficacit\u00e9, le soudage au laser contribue \u00e0 un processus de production plus durable avec une empreinte carbone plus faible.<\/p>\n<\/div>\n\n\n\n<div class=\"wp-block-group layer-img has-global-padding is-layout-constrained wp-block-group-is-layout-constrained\">\n<figure class=\"wp-block-image alignfull size-full\"><img loading=\"lazy\" decoding=\"async\" width=\"2560\" height=\"1920\" src=\"http:\/\/localhost\/wp-content\/uploads\/2024\/08\/sneeboer-laserlassen-vs-mig-lassen-liggend-scaled.jpg\" alt=\"\" class=\"wp-image-43443\" srcset=\"https:\/\/sneeboer.com\/wp-content\/uploads\/2024\/08\/sneeboer-laserlassen-vs-mig-lassen-liggend-scaled.jpg 2560w, https:\/\/sneeboer.com\/wp-content\/uploads\/2024\/08\/sneeboer-laserlassen-vs-mig-lassen-liggend-300x225.jpg 300w, https:\/\/sneeboer.com\/wp-content\/uploads\/2024\/08\/sneeboer-laserlassen-vs-mig-lassen-liggend-1024x768.jpg 1024w, https:\/\/sneeboer.com\/wp-content\/uploads\/2024\/08\/sneeboer-laserlassen-vs-mig-lassen-liggend-768x576.jpg 768w, https:\/\/sneeboer.com\/wp-content\/uploads\/2024\/08\/sneeboer-laserlassen-vs-mig-lassen-liggend-1536x1152.jpg 1536w, https:\/\/sneeboer.com\/wp-content\/uploads\/2024\/08\/sneeboer-laserlassen-vs-mig-lassen-liggend-2048x1536.jpg 2048w, https:\/\/sneeboer.com\/wp-content\/uploads\/2024\/08\/sneeboer-laserlassen-vs-mig-lassen-liggend-600x450.jpg 600w\" sizes=\"auto, (max-width: 2560px) 100vw, 2560px\" \/><\/figure>\n<\/div>\n<\/section>\n\n\n\n<section class=\"wp-block-group alignfull base-grid layer layer-text-img layer-text-img-left has-salmon-light-background-color has-background is-layout-grid wp-container-core-group-is-layout-205bcd65 wp-block-group-is-layout-grid\">\n<div class=\"wp-block-group layer-img has-global-padding is-layout-constrained wp-block-group-is-layout-constrained\">\n<figure class=\"wp-block-image alignfull size-full\"><img loading=\"lazy\" decoding=\"async\" width=\"2560\" height=\"1706\" src=\"http:\/\/localhost\/wp-content\/uploads\/2025\/01\/glimlachende-tuinier-tussen-groene-bladeren-scaled.jpg\" alt=\"\" class=\"wp-image-46949\" srcset=\"https:\/\/sneeboer.com\/wp-content\/uploads\/2025\/01\/glimlachende-tuinier-tussen-groene-bladeren-scaled.jpg 2560w, https:\/\/sneeboer.com\/wp-content\/uploads\/2025\/01\/glimlachende-tuinier-tussen-groene-bladeren-250x167.jpg 250w, https:\/\/sneeboer.com\/wp-content\/uploads\/2025\/01\/glimlachende-tuinier-tussen-groene-bladeren-500x333.jpg 500w, https:\/\/sneeboer.com\/wp-content\/uploads\/2025\/01\/glimlachende-tuinier-tussen-groene-bladeren-768x512.jpg 768w, https:\/\/sneeboer.com\/wp-content\/uploads\/2025\/01\/glimlachende-tuinier-tussen-groene-bladeren-1536x1024.jpg 1536w, https:\/\/sneeboer.com\/wp-content\/uploads\/2025\/01\/glimlachende-tuinier-tussen-groene-bladeren-2048x1365.jpg 2048w, https:\/\/sneeboer.com\/wp-content\/uploads\/2025\/01\/glimlachende-tuinier-tussen-groene-bladeren-600x400.jpg 600w\" sizes=\"auto, (max-width: 2560px) 100vw, 2560px\" \/><\/figure>\n<\/div>\n\n\n\n<div class=\"wp-block-group layer-text has-global-padding is-layout-constrained wp-block-group-is-layout-constrained\">\n<h2 class=\"wp-block-heading\">R\u00e9duction et recyclage des d\u00e9chets<\/h2>\n\n\n\n<p>Chez Sneeboer, nous nous engageons \u00e0 produire de mani\u00e8re circulaire en recyclant enti\u00e8rement tous les d\u00e9chets g\u00e9n\u00e9r\u00e9s au cours de notre processus de production. Nous sommes constamment \u00e0 la recherche de moyens innovants pour transformer les mat\u00e9riaux r\u00e9siduels en nouveaux produits. En 2023, nous avons mis au point une m\u00e9thode r\u00e9volutionnaire de sciage et de traitement des tiges sur un tour \u00e0 bois, cr\u00e9ant ainsi de nouveaux manches pour nos outils \u00e0 main. Nous accordons une grande importance \u00e0 la qualit\u00e9, c\u2019est pourquoi seuls les meilleurs manches sont mont\u00e9s sur nos outils. Les tiges qui ne satisfont pas \u00e0 nos contr\u00f4les de qualit\u00e9 stricts retrouvent une nouvelle vie en tant que manches, ce qui permet non seulement de r\u00e9duire consid\u00e9rablement notre production de d\u00e9chets, mais aussi de contribuer \u00e0 la durabilit\u00e9 de nos produits.<\/p>\n\n\n\n<p>Ces d\u00e9veloppements ne sont que quelques-unes des mesures que nous avons d\u00e9j\u00e0 prises, et nous sommes constamment \u00e0 la recherche de nouvelles innovations pour am\u00e9liorer encore notre durabilit\u00e9. Chez Sneeboer, nous sommes d\u00e9termin\u00e9s \u00e0 optimiser en permanence nos processus et \u00e0 cr\u00e9er un avenir encore plus vert.<\/p>\n<\/div>\n<\/section>\n","protected":false},"excerpt":{"rendered":"<p>Depuis notre cr\u00e9ation en 1913, la durabilit\u00e9 est un \u00e9l\u00e9ment important de la vision de Sneeboer. D\u00e8s le d\u00e9but, nous avons produit des outils qui durent toute une vie, ouvrant la voie au consum\u00e9risme : choisir la qualit\u00e9 plut\u00f4t que des produits qui doivent \u00eatre remplac\u00e9s rapidement. Mais nous ne nous arr\u00eatons pas \u00e0 la [&hellip;]<\/p>\n","protected":false},"author":8062,"featured_media":0,"parent":0,"menu_order":101,"comment_status":"closed","ping_status":"closed","template":"","meta":{"inline_featured_image":false,"home_video_url":"","home_alt_img_url":"","footnotes":""},"class_list":["post-54979","page","type-page","status-publish","hentry","post"],"_links":{"self":[{"href":"https:\/\/sneeboer.com\/fr-ch\/wp-json\/wp\/v2\/pages\/54979","targetHints":{"allow":["GET"]}}],"collection":[{"href":"https:\/\/sneeboer.com\/fr-ch\/wp-json\/wp\/v2\/pages"}],"about":[{"href":"https:\/\/sneeboer.com\/fr-ch\/wp-json\/wp\/v2\/types\/page"}],"author":[{"embeddable":true,"href":"https:\/\/sneeboer.com\/fr-ch\/wp-json\/wp\/v2\/users\/8062"}],"replies":[{"embeddable":true,"href":"https:\/\/sneeboer.com\/fr-ch\/wp-json\/wp\/v2\/comments?post=54979"}],"version-history":[{"count":0,"href":"https:\/\/sneeboer.com\/fr-ch\/wp-json\/wp\/v2\/pages\/54979\/revisions"}],"wp:attachment":[{"href":"https:\/\/sneeboer.com\/fr-ch\/wp-json\/wp\/v2\/media?parent=54979"}],"curies":[{"name":"wp","href":"https:\/\/api.w.org\/{rel}","templated":true}]}}