{"id":54976,"date":"2025-05-15T15:43:46","date_gmt":"2025-05-15T13:43:46","guid":{"rendered":"https:\/\/sneeboer.com\/politique-de-confidentialite"},"modified":"2025-05-15T15:43:46","modified_gmt":"2025-05-15T13:43:46","slug":"politique-de-confidentialite","status":"publish","type":"page","link":"https:\/\/sneeboer.com\/fr-ch\/politique-de-confidentialite","title":{"rendered":"Politique de confidentialit\u00e9"},"content":{"rendered":"\n<p><strong>Qui sommes-nous ?<\/strong><\/p>\n\n\n\n<p>La pr\u00e9sente d\u00e9claration a pour but de vous informer sur le traitement de vos donn\u00e9es personnelles et l&#8217;utilisation des cookies sur le site sneeboer.com. Ce site appartient \u00e0 Sneeboer Trading B.V., De Tocht 3c, 1611HT \u00e0 Bovenkarspel, Pays-Bas. Vous pouvez nous contacter \u00e0 l&#8217;adresse info@sneeboer.com ou par t\u00e9l\u00e9phone au +31 (0)228 511 365. Sneeboer Trading B.V. est enregistr\u00e9e aupr\u00e8s de la Chambre de commerce n\u00e9erlandaise sous le num\u00e9ro 56374690.<\/p>\n\n\n\n<p><strong>Collecte et utilisation des donn\u00e9es personnelles<\/strong><\/p>\n\n\n\n<p>Nous vous informons que nous collectons et utilisons vos donn\u00e9es personnelles car cela est n\u00e9cessaire pour conclure et ex\u00e9cuter un contrat avec vous. Nous vous expliquons ci-dessous comment cela fonctionne.<\/p>\n\n\n\n<p>Si vous \u00eates un client (potentiel), nous utilisons vos donn\u00e9es pour communiquer avec vous au sujet de nos produits, livrer vos commandes, g\u00e9rer d\u2019\u00e9ventuelles r\u00e9parations, retours ou r\u00e9clamations, faciliter vos achats dans notre boutique en ligne, et vous envoyer notre newsletter.<\/p>\n\n\n\n<p><strong>Cr\u00e9ation d\u2019un compte<\/strong><\/p>\n\n\n\n<p>Vous pouvez cr\u00e9er un compte lors de vos achats dans notre boutique en ligne. Ce n\u2019est pas obligatoire, mais c\u2019est pratique si vous commandez r\u00e9guli\u00e8rement. Lors de l\u2019enregistrement, nous vous demandons vos informations personnelles (nom et adresse). Vous pouvez \u00e9galement enregistrer des adresses de facturation et de livraison par d\u00e9faut. Cela permet un paiement plus rapide, l\u2019acc\u00e8s \u00e0 votre historique de commandes, et la modification facile de vos informations. Le traitement de ces donn\u00e9es personnelles est bas\u00e9 sur votre consentement. Si votre compte reste inactif pendant 12 mois, nous le supprimerons.<\/p>\n\n\n\n<p><strong>Formulaire de contact et courriels<\/strong><\/p>\n\n\n\n<p>Vous pouvez remplir un formulaire de contact sur notre site web. Vous pouvez \u00e9galement nous envoyer un e-mail \u00e0 l&#8217;adresse indiqu\u00e9e sur le site. Dans les deux cas, nous conserverons vos donn\u00e9es aussi longtemps que n\u00e9cessaire pour r\u00e9pondre pleinement \u00e0 votre demande.<\/p>\n\n\n\n<p><strong>Emails promotionnels<\/strong><\/p>\n\n\n\n<p>Si vous nous avez donn\u00e9 votre autorisation, nous utiliserons vos donn\u00e9es personnelles pour vous informer par email de nos produits actuels et \u00e0 venir, ainsi que pour vous envoyer des offres. Chaque e-mail promotionnel contient un lien de d\u00e9sinscription. Vous pouvez \u00e9galement envoyer un email \u00e0 info@sneeboer.com \u00e0 tout moment pour vous d\u00e9sabonner de notre newsletter.<\/p>\n\n\n\n<p><strong>Aucune obligation de fournir vos donn\u00e9es<\/strong><\/p>\n\n\n\n<p>Vous n\u2019\u00eates pas oblig\u00e9 de nous fournir vos donn\u00e9es personnelles. Cependant, sans ces donn\u00e9es, il est possible que nous ne puissions pas vous offrir certains services ou ex\u00e9cuter certains contrats.<\/p>\n\n\n\n<p><strong>Dur\u00e9e de conservation<\/strong><\/p>\n\n\n\n<p>Nous conservons les donn\u00e9es des clients pendant sept ans \u00e0 compter de la fin de l\u2019exercice fiscal au cours duquel le contrat a \u00e9t\u00e9 enti\u00e8rement ex\u00e9cut\u00e9. Cette dur\u00e9e est conforme \u00e0 l\u2019obligation l\u00e9gale de conservation \u00e0 des fins fiscales. Apr\u00e8s cette p\u00e9riode, vos donn\u00e9es seront supprim\u00e9es.<\/p>\n\n\n\n<p>Si vous avez saisi vos donn\u00e9es personnelles pendant le processus de commande mais que vous n\u2019avez pas finalis\u00e9 la commande, nous conserverons vos donn\u00e9es pendant 3 jours.<\/p>\n\n\n\n<p><strong>Partage avec des tiers<\/strong><\/p>\n\n\n\n<ol start=\"1\" class=\"wp-block-list\">\n<li><strong>Service de livraison<\/strong><br>Pour ex\u00e9cuter le contrat, il peut \u00eatre n\u00e9cessaire de partager vos donn\u00e9es personnelles avec la soci\u00e9t\u00e9 de livraison afin d\u2019assurer l\u2019exp\u00e9dition de votre commande. Cela repose sur notre int\u00e9r\u00eat l\u00e9gitime \u00e0 confier certaines t\u00e2ches \u00e0 des tiers.<\/li>\n\n\n\n<li><strong>H\u00e9bergeur, Microsoft Office<\/strong><br>Nous utilisons un serveur externe pour stocker (une partie de) notre administration des ventes et notre base de donn\u00e9es clients, qui contiennent vos donn\u00e9es personnelles. Nous utilisons \u00e9galement Microsoft Office et ses outils de stockage pour les e-mails et autres documents.<\/li>\n<\/ol>\n\n\n\n<p><strong>Vos droits<\/strong><\/p>\n\n\n\n<p>Vous avez le droit de consulter vos donn\u00e9es personnelles. Si n\u00e9cessaire, vous pouvez nous demander de les corriger ou de les compl\u00e9ter. Vous avez \u00e9galement le droit de demander la suppression de vos donn\u00e9es ou la limitation de leur utilisation. En outre, vous pouvez vous opposer \u00e0 l&#8217;utilisation de vos donn\u00e9es ou d\u00e9poser une plainte aupr\u00e8s de l\u2019autorit\u00e9 n\u00e9erlandaise de protection des donn\u00e9es. Enfin, vous pouvez demander \u00e0 recevoir vos donn\u00e9es ou \u00e0 les transf\u00e9rer \u00e0 un tiers.<\/p>\n\n\n\n<p>Pour exercer vos droits, veuillez contacter :<\/p>\n\n\n\n<p>Sneeboer Trading BV<br>\u00c0 l\u2019attention de Sjoerd Sneeboer<br>De Tocht 3c<br>1611HT Bovenkarspel<br>+31 (0)228 511 365<br>info@sneeboer.com<\/p>\n\n\n\n<p>Vous pouvez \u00e9galement nous contacter pour toute question ou demande d\u2019information sur le traitement de vos donn\u00e9es personnelles.<\/p>\n\n\n\n<p><strong>Cookies<\/strong><\/p>\n\n\n\n<p>Nous utilisons des cookies sur ce site. Un cookie est un petit fichier texte envoy\u00e9 avec les pages de ce site et stock\u00e9 par votre navigateur sur le disque dur de votre ordinateur. Les informations qu\u2019il contient peuvent \u00eatre renvoy\u00e9es \u00e0 nos serveurs.<\/p>\n\n\n\n<p><strong>Cookies fonctionnels<\/strong><\/p>\n\n\n\n<p>Nous utilisons des cookies fonctionnels n\u00e9cessaires au bon fonctionnement de notre boutique en ligne. Ces cookies m\u00e9morisent par exemple le contenu de votre panier ou les informations saisies. Aucune autorisation n\u2019est requise pour ces cookies.<\/p>\n\n\n\n<p><strong>Cookies analytiques<\/strong><\/p>\n\n\n\n<p>Nous utilisons \u00e9galement les cookies de Google Analytics. Gr\u00e2ce \u00e0 Google Analytics, nous obtenons des statistiques sur l\u2019utilisation de notre site. Ces cookies traitent des donn\u00e9es personnelles (ex. : votre appareil, navigateur, adresse IP, activit\u00e9 sur le site). Nous nous basons sur notre int\u00e9r\u00eat l\u00e9gitime \u00e0 analyser l\u2019utilisation du site et \u00e0 am\u00e9liorer notre marketing.<\/p>\n\n\n\n<p>Les donn\u00e9es sont stock\u00e9es sur des serveurs de Google aux \u00c9tats-Unis. Google est certifi\u00e9 Privacy Shield, garantissant un niveau ad\u00e9quat de protection des donn\u00e9es.<\/p>\n\n\n\n<p>Nous avons configur\u00e9 Google Analytics pour que les donn\u00e9es soient conserv\u00e9es pendant 30 jours, apr\u00e8s quoi elles sont automatiquement supprim\u00e9es.<\/p>\n\n\n\n<p>Nous avons mis en place les mesures recommand\u00e9es par l\u2019autorit\u00e9 n\u00e9erlandaise de protection des donn\u00e9es :<\/p>\n\n\n\n<ul class=\"wp-block-list\">\n<li>Accord de traitement conclu avec Google<\/li>\n\n\n\n<li>Anonymisation de l\u2019adresse IP (les 3 derniers chiffres sont masqu\u00e9s)<\/li>\n\n\n\n<li>D\u00e9sactivation du partage de donn\u00e9es avec Google<\/li>\n\n\n\n<li>Pas d\u2019utilisation d\u2019autres services Google combin\u00e9s avec Analytics<\/li>\n<\/ul>\n\n\n\n<p>Gr\u00e2ce \u00e0 cette configuration respectueuse de la vie priv\u00e9e, il n\u2019est pas n\u00e9cessaire d\u2019obtenir votre consentement pour ces cookies.<\/p>\n\n\n\n<p>Pour plus d\u2019informations sur le traitement des donn\u00e9es par Google Analytics, veuillez consulter leur documentation.<\/p>\n\n\n\n<p><strong>D\u00e9sactiver les cookies<\/strong><\/p>\n\n\n\n<p>Si vous souhaitez activer, d\u00e9sactiver ou supprimer des cookies, veuillez consulter la fonction d\u2019aide ou les instructions de votre navigateur.<\/p>\n\n\n\n<p><strong>Derni\u00e8re mise \u00e0 jour : 1er juin 2023<\/strong><\/p>\n","protected":false},"excerpt":{"rendered":"<p>Qui sommes-nous ? La pr\u00e9sente d\u00e9claration a pour but de vous informer sur le traitement de vos donn\u00e9es personnelles et l&#8217;utilisation des cookies sur le site sneeboer.com. Ce site appartient \u00e0 Sneeboer Trading B.V., De Tocht 3c, 1611HT \u00e0 Bovenkarspel, Pays-Bas. Vous pouvez nous contacter \u00e0 l&#8217;adresse info@sneeboer.com ou par t\u00e9l\u00e9phone au +31 (0)228 511 [&hellip;]<\/p>\n","protected":false},"author":8062,"featured_media":0,"parent":0,"menu_order":154,"comment_status":"closed","ping_status":"closed","template":"","meta":{"inline_featured_image":false,"home_video_url":"","home_alt_img_url":"","footnotes":""},"class_list":["post-54976","page","type-page","status-publish","hentry","post"],"_links":{"self":[{"href":"https:\/\/sneeboer.com\/fr-ch\/wp-json\/wp\/v2\/pages\/54976","targetHints":{"allow":["GET"]}}],"collection":[{"href":"https:\/\/sneeboer.com\/fr-ch\/wp-json\/wp\/v2\/pages"}],"about":[{"href":"https:\/\/sneeboer.com\/fr-ch\/wp-json\/wp\/v2\/types\/page"}],"author":[{"embeddable":true,"href":"https:\/\/sneeboer.com\/fr-ch\/wp-json\/wp\/v2\/users\/8062"}],"replies":[{"embeddable":true,"href":"https:\/\/sneeboer.com\/fr-ch\/wp-json\/wp\/v2\/comments?post=54976"}],"version-history":[{"count":0,"href":"https:\/\/sneeboer.com\/fr-ch\/wp-json\/wp\/v2\/pages\/54976\/revisions"}],"wp:attachment":[{"href":"https:\/\/sneeboer.com\/fr-ch\/wp-json\/wp\/v2\/media?parent=54976"}],"curies":[{"name":"wp","href":"https:\/\/api.w.org\/{rel}","templated":true}]}}