{"id":65818,"date":"2026-03-13T12:08:00","date_gmt":"2026-03-13T11:08:00","guid":{"rendered":"https:\/\/sneeboer.com\/handgesmeed-tuingereedschap\/arends-planting-trowel"},"modified":"2026-04-23T11:30:38","modified_gmt":"2026-04-23T09:30:38","slug":"eagle-schaufel","status":"publish","type":"product","link":"https:\/\/sneeboer.com\/de\/handgeschmiedete-gartengeraete\/eagle-schaufel","title":{"rendered":"Eagle Schaufel"},"content":{"rendered":"<p>Diese Pflanzschaufel wurde speziell f\u00fcr die Staudeng\u00e4rtnerei Arends entwickelt. Diese G\u00e4rtnerei wurde 1888 von Georg Arends in Ronsdorf, Deutschland, gegr\u00fcndet. Viele seiner kultivierten Stauden wurden von der englischen Royal Horticultural Society mit den h\u00f6chsten Auszeichnungen bedacht. Um 1920 wurde die Arends-Pflanzschaufel eingef\u00fchrt. Die Basis ist eine Maurerkelle speziell f\u00fcr den professionellen Einsatz, die weiterentwickelt wurde, um die Arbeit im Garten effizient zu erleichtern. In Zusammenarbeit mit Anja Maubach, der Enkelin von Georg Arends, hat Sneeboer diesen Pflanzenspaten wieder auf den Markt gebracht, nat\u00fcrlich mit gro\u00dfen Erwartungen. Der Arends Handspaten ist mit einem Stiel aus Eschen- oder Kirschholz erh\u00e4ltlich.<\/p>","protected":false},"excerpt":{"rendered":"<p><span style=\"font-weight: 400;\">Die Eagle-Pflanzschaufel (Handspaten) hat ein breites, spitzes Blatt, das sich gut zum Einstechen in den Boden und zum Ausheben eines Pflanzlochs eignet. Der Schaft von der Klinge bis zum Griff ist gebogen, um die Belastung des Handgelenks zu minimieren.<\/span><\/p>\n","protected":false},"featured_media":15128,"comment_status":"open","ping_status":"closed","template":"","meta":{"inline_featured_image":false,"product_video_url":"","product_360_url":""},"product_brand":[1349],"product_cat":[104,184],"product_tag":[1407,1421,1441],"weeds":[],"soil_types":[],"class_list":{"0":"post-65818","1":"product","2":"type-product","3":"status-publish","4":"has-post-thumbnail","6":"product_brand-sneeboer","7":"product_cat-handgeraete","8":"product_cat-kelle","9":"product_tag-creuser","10":"product_tag-pflanzen","11":"product_tag-transplantation","12":"post","14":"first","15":"instock","16":"taxable","17":"shipping-taxable","18":"purchasable","19":"product-type-simple"},"exclude_global_add_ons":false,"addons":[{"name":"Gravur","type":"custom_text","position":0,"required":false,"title_format":"heading","default":"","description_enable":true,"description":"Geben Sie bis zu 50 Zeichen ein.","placeholder_enable":false,"placeholder":"","display":"select","restrictions_type":"any_text","adjust_price":true,"price":"4.92","price_type":"quantity_based","restrictions":true,"min":"1","max":"50","options":[],"id":1684165753}],"_links":{"self":[{"href":"https:\/\/sneeboer.com\/de\/wp-json\/wp\/v2\/product\/65818","targetHints":{"allow":["GET"]}}],"collection":[{"href":"https:\/\/sneeboer.com\/de\/wp-json\/wp\/v2\/product"}],"about":[{"href":"https:\/\/sneeboer.com\/de\/wp-json\/wp\/v2\/types\/product"}],"replies":[{"embeddable":true,"href":"https:\/\/sneeboer.com\/de\/wp-json\/wp\/v2\/comments?post=65818"}],"wp:featuredmedia":[{"embeddable":true,"href":"https:\/\/sneeboer.com\/de\/wp-json\/wp\/v2\/media\/15128"}],"wp:attachment":[{"href":"https:\/\/sneeboer.com\/de\/wp-json\/wp\/v2\/media?parent=65818"}],"wp:term":[{"taxonomy":"product_brand","embeddable":true,"href":"https:\/\/sneeboer.com\/de\/wp-json\/wp\/v2\/product_brand?post=65818"},{"taxonomy":"product_cat","embeddable":true,"href":"https:\/\/sneeboer.com\/de\/wp-json\/wp\/v2\/product_cat?post=65818"},{"taxonomy":"product_tag","embeddable":true,"href":"https:\/\/sneeboer.com\/de\/wp-json\/wp\/v2\/product_tag?post=65818"},{"taxonomy":"weeds","embeddable":true,"href":"https:\/\/sneeboer.com\/de\/wp-json\/wp\/v2\/weeds?post=65818"},{"taxonomy":"soil_types","embeddable":true,"href":"https:\/\/sneeboer.com\/de\/wp-json\/wp\/v2\/soil_types?post=65818"}],"curies":[{"name":"wp","href":"https:\/\/api.w.org\/{rel}","templated":true}]}}