{"id":53773,"date":"2023-11-07T08:37:30","date_gmt":"2023-11-07T07:37:30","guid":{"rendered":"https:\/\/sneeboer.com\/handgesmeed-tuingereedschap\/broadfork-grelinette"},"modified":"2026-03-23T20:09:43","modified_gmt":"2026-03-23T19:09:43","slug":"broadfork-grelinette","status":"publish","type":"product","link":"https:\/\/sneeboer.com\/de\/handgeschmiedete-gartengeraete\/broadfork-grelinette","title":{"rendered":"Breitgabel-Grelinette"},"content":{"rendered":"<p><span style=\"font-weight: 400;\">Die Breitgabel ist ein Gartenger\u00e4t, das zum Umgraben, Bel\u00fcften und Umgraben des Bodens im Garten verwendet wird. Aufgrund der Position und Form der Zinken st\u00f6\u00dft man die Gabel mit Leichtigkeit in den Boden, indem man sich auf den horizontalen Stab stellt. Wenn Sie dann die beiden Griffe nach vorne und hinten bewegen, gr\u00e4bt sich die Gabel selbst ein. Nachdem die Gabel die gew\u00fcnschte Tiefe im Boden erreicht hat, treten Sie vom Balken und ziehen die komplette Gabel nach hinten, wobei Sie die Griffe so hoch wie m\u00f6glich halten. Dadurch wird sichergestellt, dass ein langer Arm vorhanden ist, der bei dieser Variante wenig Kraftaufwand erfordert. Auf diese Weise k\u00f6nnen Sie den gesamten Garten umgraben. Im Vergleich zu herk\u00f6mmlichen Methoden wie dem Pfl\u00fcgen minimiert eine Broadfork die St\u00f6rungen im Boden, wodurch der Garten ges\u00fcnder und fruchtbarer bleibt. Sie ist ein wertvolles Werkzeug f\u00fcr G\u00e4rtner, die eine nachhaltige Gartenarbeit anstreben.<\/span><\/p>\n","protected":false},"excerpt":{"rendered":"<p><span style=\"font-weight: 400;\">Die Broadfork, auch Grelinette genannt, ist ein Gartenger\u00e4t, das zum Wenden, Bel\u00fcften und Bearbeiten des Bodens im Garten verwendet wird. Sie ist so konzipiert, dass sie den Boden lockert, ohne die Bodenschichten zu st\u00f6ren oder zu drehen, was f\u00fcr die Erhaltung der Bodenstruktur und des Bodenlebens von Vorteil ist. Dar\u00fcber hinaus kann die Breitgabel bei der Unkrautbek\u00e4mpfung helfen und erleichtert das Einmischen von Kompost und D\u00fcngemitteln in den Boden.<\/span><\/p>\n<p><span style=\"font-weight: 400;\">Wie Sie es von Sneeboer-Gartenger\u00e4ten gewohnt sind, ist diese Breitgabel komplett handgefertigt und aus hochwertigem Edelstahl. Die gesamte Gabel wiegt 7,3 kg und die 5 Zinken sind 25 cm lang. Die gesamte Gabel ist 50 cm breit und mit montierten Stielen ist die Gabel 145 cm lang. Die Stiele aus rostfreiem Stahl sind 120 cm lang und abnehmbar, so dass Sie die Gabel leicht transportieren k\u00f6nnen. Wir haben das Sneeboer-Logo in die beiden \u00e4u\u00dferen Zinken geschnitzt und diese Details lassen diese Gabel so fantastisch aussehen, wie sie in Gebrauch ist.<\/span><\/p>\n","protected":false},"featured_media":28219,"comment_status":"closed","ping_status":"closed","template":"","meta":{"inline_featured_image":false,"product_video_url":"","product_360_url":""},"product_brand":[],"product_cat":[193],"product_tag":[603,487,471,515],"weeds":[],"soil_types":[],"class_list":{"0":"post-53773","1":"product","2":"type-product","3":"status-publish","4":"has-post-thumbnail","6":"product_cat-gabel","7":"product_tag-beluchten-de","8":"product_tag-ernten","9":"product_tag-furchung","10":"product_tag-graben-de","11":"post","13":"first","14":"instock","15":"taxable","16":"shipping-taxable","17":"purchasable","18":"product-type-simple"},"exclude_global_add_ons":[],"addons":[],"_links":{"self":[{"href":"https:\/\/sneeboer.com\/de\/wp-json\/wp\/v2\/product\/53773","targetHints":{"allow":["GET"]}}],"collection":[{"href":"https:\/\/sneeboer.com\/de\/wp-json\/wp\/v2\/product"}],"about":[{"href":"https:\/\/sneeboer.com\/de\/wp-json\/wp\/v2\/types\/product"}],"replies":[{"embeddable":true,"href":"https:\/\/sneeboer.com\/de\/wp-json\/wp\/v2\/comments?post=53773"}],"wp:featuredmedia":[{"embeddable":true,"href":"https:\/\/sneeboer.com\/de\/wp-json\/wp\/v2\/media\/28219"}],"wp:attachment":[{"href":"https:\/\/sneeboer.com\/de\/wp-json\/wp\/v2\/media?parent=53773"}],"wp:term":[{"taxonomy":"product_brand","embeddable":true,"href":"https:\/\/sneeboer.com\/de\/wp-json\/wp\/v2\/product_brand?post=53773"},{"taxonomy":"product_cat","embeddable":true,"href":"https:\/\/sneeboer.com\/de\/wp-json\/wp\/v2\/product_cat?post=53773"},{"taxonomy":"product_tag","embeddable":true,"href":"https:\/\/sneeboer.com\/de\/wp-json\/wp\/v2\/product_tag?post=53773"},{"taxonomy":"weeds","embeddable":true,"href":"https:\/\/sneeboer.com\/de\/wp-json\/wp\/v2\/weeds?post=53773"},{"taxonomy":"soil_types","embeddable":true,"href":"https:\/\/sneeboer.com\/de\/wp-json\/wp\/v2\/soil_types?post=53773"}],"curies":[{"name":"wp","href":"https:\/\/api.w.org\/{rel}","templated":true}]}}