{"id":53708,"date":"2023-08-04T08:34:40","date_gmt":"2023-08-04T06:34:40","guid":{"rendered":"https:\/\/sneeboer.com\/handgesmeed-tuingereedschap\/cape-cod-handjaeter-3"},"modified":"2025-12-11T18:31:35","modified_gmt":"2025-12-11T17:31:35","slug":"cape-cod-handjaeter-3","status":"publish","type":"product","link":"https:\/\/sneeboer.com\/de\/handgeschmiedete-gartengeraete\/cape-cod-handjaeter-3","title":{"rendered":"Cape Cod Handj\u00e4ter"},"content":{"rendered":"<p>Der Cape Cod-Handj\u00e4ter ist als Ausf\u00fchrung f\u00fcr Rechts- oder Linksh\u00e4nder erh\u00e4ltlich und wird mit einem Griff aus Eschen- oder Kirschholz geliefert.<\/p>\n","protected":false},"excerpt":{"rendered":"<p>Das Design des Cape Cod-Handj\u00e4ters basiert auf einem klassischen Werkzeug aus den Vereinigten Staaten. Es wurde von einem Gartenliebhaber aus Cape Cod entworfen, einer Landzunge und Halbinsel im \u00f6stlichsten Teil des Staates Massachusetts in Neuengland. Dieses L-f\u00f6rmige Werkzeug wird wie eine Hacke verwendet, um Unkraut direkt an der Wurzel abzuschneiden, aber es kann auch zum L\u00fcften und Auflockern des Bodens verwendet werden. F\u00fcr diese Aufgaben ist der Unkrautstecher mit einer flachen, geschliffenen Klinge ausgestattet, die nach vorne hin spitz zul\u00e4uft. Der schmale Kopf erm\u00f6glicht es dem Benutzer, auf engstem Raum und um bestehende Pflanzen herum zu arbeiten.<\/p>\n","protected":false},"featured_media":24786,"comment_status":"closed","ping_status":"closed","template":"","meta":{"inline_featured_image":false,"product_video_url":"","product_360_url":""},"product_brand":[],"product_cat":[104,175,202],"product_tag":[],"weeds":[],"soil_types":[],"class_list":{"0":"post-53708","1":"product","2":"type-product","3":"status-publish","4":"has-post-thumbnail","6":"product_cat-handgeraete","7":"product_cat-spezial-geraete","8":"product_cat-unkrautentfernung","9":"post","11":"first","12":"instock","13":"taxable","14":"shipping-taxable","15":"purchasable","16":"product-type-simple"},"exclude_global_add_ons":false,"addons":[{"name":"Gravur","type":"custom_text","position":0,"required":false,"title_format":"heading","default":"","description_enable":true,"description":"Geben Sie bis zu 50 Zeichen ein.","placeholder_enable":false,"placeholder":"","display":"select","restrictions_type":"any_text","adjust_price":true,"price":"4.92","price_type":"quantity_based","restrictions":true,"min":"1","max":"50","options":[],"id":1684165753}],"_links":{"self":[{"href":"https:\/\/sneeboer.com\/de\/wp-json\/wp\/v2\/product\/53708","targetHints":{"allow":["GET"]}}],"collection":[{"href":"https:\/\/sneeboer.com\/de\/wp-json\/wp\/v2\/product"}],"about":[{"href":"https:\/\/sneeboer.com\/de\/wp-json\/wp\/v2\/types\/product"}],"replies":[{"embeddable":true,"href":"https:\/\/sneeboer.com\/de\/wp-json\/wp\/v2\/comments?post=53708"}],"wp:featuredmedia":[{"embeddable":true,"href":"https:\/\/sneeboer.com\/de\/wp-json\/wp\/v2\/media\/24786"}],"wp:attachment":[{"href":"https:\/\/sneeboer.com\/de\/wp-json\/wp\/v2\/media?parent=53708"}],"wp:term":[{"taxonomy":"product_brand","embeddable":true,"href":"https:\/\/sneeboer.com\/de\/wp-json\/wp\/v2\/product_brand?post=53708"},{"taxonomy":"product_cat","embeddable":true,"href":"https:\/\/sneeboer.com\/de\/wp-json\/wp\/v2\/product_cat?post=53708"},{"taxonomy":"product_tag","embeddable":true,"href":"https:\/\/sneeboer.com\/de\/wp-json\/wp\/v2\/product_tag?post=53708"},{"taxonomy":"weeds","embeddable":true,"href":"https:\/\/sneeboer.com\/de\/wp-json\/wp\/v2\/weeds?post=53708"},{"taxonomy":"soil_types","embeddable":true,"href":"https:\/\/sneeboer.com\/de\/wp-json\/wp\/v2\/soil_types?post=53708"}],"curies":[{"name":"wp","href":"https:\/\/api.w.org\/{rel}","templated":true}]}}