{"id":53681,"date":"2023-06-26T13:24:05","date_gmt":"2023-06-26T11:24:05","guid":{"rendered":"https:\/\/sneeboer.com\/handgesmeed-tuingereedschap\/laubrechen-20z-3"},"modified":"2026-03-29T09:23:27","modified_gmt":"2026-03-29T07:23:27","slug":"laubrechen-20z-3","status":"publish","type":"product","link":"https:\/\/sneeboer.com\/de\/handgeschmiedete-gartengeraete\/laubrechen-20z-3","title":{"rendered":"Laubrechen 20Z"},"content":{"rendered":"<p>Der Laubrechen ist als schmale Version mit sieben Zinken sowie in einer gr\u00f6\u00dferen Variante mit 20 Zinken erh\u00e4ltlich. Beide sind mit einem Eschenholzstiel ausgestattet. Die Handger\u00e4t-Modelle des Laubrechens sind mit Stielen aus Eschen- oder Kirschholz in verschiedenen L\u00e4ngen erh\u00e4ltlich.<\/p>\n","protected":false},"excerpt":{"rendered":"<p>Diese Standardversion des Laubrechens wird nicht nur zum Auflesen von unerw\u00fcnschtem Material auf dem Rasen, wie z. B. Laub, verwendet, sondern auch zum Fegen von Wegen, Rabatten, Parks und Gr\u00fcnfl\u00e4chen. Mit diesem Rechen mit 20 Zinken k\u00f6nnen abgefallene Bl\u00fctenbl\u00e4tter aufgesammelt, der Boden gel\u00fcftet und unerw\u00fcnschtes Unkraut entfernt werden, ohne sich dabei die H\u00e4nde zu verletzen. Die spezielle Konstruktion des Eschenholzstiels mit einem Durchmesser von 25 mm basiert auf einem Kern aus rostfreiem Stahl, der anschlie\u00dfend mit zwei Messingnieten vernietet wird. Die 20 flexiblen und d\u00fcnnen Zinken sind aus einer speziellen Edelstahllegierung gefertigt.<\/p>\n","protected":false},"featured_media":66231,"comment_status":"closed","ping_status":"closed","template":"","meta":{"inline_featured_image":false,"product_video_url":"","product_360_url":"\/wp-content\/uploads\/2026\/03\/6045-140400\/6045_140400.xml"},"product_brand":[],"product_cat":[220,423],"product_tag":[477,323],"weeds":[],"soil_types":[],"class_list":{"0":"post-53681","1":"product","2":"type-product","3":"status-publish","4":"has-post-thumbnail","6":"product_cat-grundausstattung","7":"product_cat-rechen-de","8":"product_tag-harken-de","9":"product_tag-rasenpflege","10":"post","12":"first","13":"instock","14":"taxable","15":"shipping-taxable","16":"purchasable","17":"product-type-simple"},"exclude_global_add_ons":false,"addons":[{"name":"Gravur","type":"custom_text","position":0,"required":false,"title_format":"heading","default":"","description_enable":true,"description":"Geben Sie bis zu 50 Zeichen ein.","placeholder_enable":false,"placeholder":"","display":"select","restrictions_type":"any_text","adjust_price":true,"price":"4.92","price_type":"quantity_based","restrictions":true,"min":"1","max":"50","options":[],"id":1684165753}],"_links":{"self":[{"href":"https:\/\/sneeboer.com\/de\/wp-json\/wp\/v2\/product\/53681","targetHints":{"allow":["GET"]}}],"collection":[{"href":"https:\/\/sneeboer.com\/de\/wp-json\/wp\/v2\/product"}],"about":[{"href":"https:\/\/sneeboer.com\/de\/wp-json\/wp\/v2\/types\/product"}],"replies":[{"embeddable":true,"href":"https:\/\/sneeboer.com\/de\/wp-json\/wp\/v2\/comments?post=53681"}],"wp:featuredmedia":[{"embeddable":true,"href":"https:\/\/sneeboer.com\/de\/wp-json\/wp\/v2\/media\/66231"}],"wp:attachment":[{"href":"https:\/\/sneeboer.com\/de\/wp-json\/wp\/v2\/media?parent=53681"}],"wp:term":[{"taxonomy":"product_brand","embeddable":true,"href":"https:\/\/sneeboer.com\/de\/wp-json\/wp\/v2\/product_brand?post=53681"},{"taxonomy":"product_cat","embeddable":true,"href":"https:\/\/sneeboer.com\/de\/wp-json\/wp\/v2\/product_cat?post=53681"},{"taxonomy":"product_tag","embeddable":true,"href":"https:\/\/sneeboer.com\/de\/wp-json\/wp\/v2\/product_tag?post=53681"},{"taxonomy":"weeds","embeddable":true,"href":"https:\/\/sneeboer.com\/de\/wp-json\/wp\/v2\/weeds?post=53681"},{"taxonomy":"soil_types","embeddable":true,"href":"https:\/\/sneeboer.com\/de\/wp-json\/wp\/v2\/soil_types?post=53681"}],"curies":[{"name":"wp","href":"https:\/\/api.w.org\/{rel}","templated":true}]}}