{"id":53662,"date":"2023-06-20T16:34:46","date_gmt":"2023-06-20T14:34:46","guid":{"rendered":"https:\/\/sneeboer.com\/handgesmeed-tuingereedschap\/wrotter"},"modified":"2025-10-09T01:06:46","modified_gmt":"2025-10-08T23:06:46","slug":"wrotter","status":"publish","type":"product","link":"https:\/\/sneeboer.com\/de\/handgeschmiedete-gartengeraete\/wrotter","title":{"rendered":"Wrotter"},"content":{"rendered":"<p>Das friesische Wort \u201eWrotter\u201c bedeutet so viel wie \u201eharter Arbeiter\u201c, was dieses Werkzeug perfekt beschreibt. Es eignet sich hervorragend zum Entfernen von Setzlingen sowie zum J\u00e4ten von Unkraut in engen Bereichen zwischen Rabatten und an schwer zug\u00e4nglichen Stellen. Da das Unkraut nicht abgeschnitten, sondern mit den Wurzeln aus dem Boden entfernt wird, hat es kaum eine Chance, wieder nachzuwachsen. Der Wrotter ist mit einem Eschen- oder Kirschholzgriff oder mit einem l\u00e4ngeren Stiel aus Eschenholz erh\u00e4ltlich, der f\u00fcr den Einsatz in Hochbeeten gedacht ist.<\/p>\n","protected":false},"excerpt":{"rendered":"<p>Der Wrotter ist eine elegante und einfache L\u00f6sung f\u00fcr ein immerw\u00e4hrendes Problem, denn er entfernt Unkraut mitsamt den Wurzeln selbst an den schwer zug\u00e4nglichen Stellen. Das ausgekl\u00fcgelte Design verbindet eine scharfe Spitze mit einem V-f\u00f6rmigen Haken. Dies erm\u00f6glicht ein leichtes Eindringen in den Boden, w\u00e4hrend das Unkraut beim Herausziehen am Haken h\u00e4ngen bleibt.<\/p>\n","protected":false},"featured_media":23280,"comment_status":"closed","ping_status":"closed","template":"","meta":{"inline_featured_image":false,"product_video_url":"","product_360_url":""},"product_brand":[],"product_cat":[104,202],"product_tag":[],"weeds":[],"soil_types":[],"class_list":{"0":"post-53662","1":"product","2":"type-product","3":"status-publish","4":"has-post-thumbnail","6":"product_cat-handgeraete","7":"product_cat-unkrautentfernung","8":"post","10":"first","11":"instock","12":"taxable","13":"shipping-taxable","14":"purchasable","15":"product-type-simple"},"exclude_global_add_ons":false,"addons":[{"name":"Gravur","type":"custom_text","position":0,"required":false,"title_format":"heading","default":"","description_enable":true,"description":"Geben Sie bis zu 50 Zeichen ein.","placeholder_enable":false,"placeholder":"","display":"select","restrictions_type":"any_text","adjust_price":true,"price":"4.92","price_type":"quantity_based","restrictions":true,"min":"1","max":"50","options":[],"id":1684165753}],"_links":{"self":[{"href":"https:\/\/sneeboer.com\/de\/wp-json\/wp\/v2\/product\/53662","targetHints":{"allow":["GET"]}}],"collection":[{"href":"https:\/\/sneeboer.com\/de\/wp-json\/wp\/v2\/product"}],"about":[{"href":"https:\/\/sneeboer.com\/de\/wp-json\/wp\/v2\/types\/product"}],"replies":[{"embeddable":true,"href":"https:\/\/sneeboer.com\/de\/wp-json\/wp\/v2\/comments?post=53662"}],"wp:featuredmedia":[{"embeddable":true,"href":"https:\/\/sneeboer.com\/de\/wp-json\/wp\/v2\/media\/23280"}],"wp:attachment":[{"href":"https:\/\/sneeboer.com\/de\/wp-json\/wp\/v2\/media?parent=53662"}],"wp:term":[{"taxonomy":"product_brand","embeddable":true,"href":"https:\/\/sneeboer.com\/de\/wp-json\/wp\/v2\/product_brand?post=53662"},{"taxonomy":"product_cat","embeddable":true,"href":"https:\/\/sneeboer.com\/de\/wp-json\/wp\/v2\/product_cat?post=53662"},{"taxonomy":"product_tag","embeddable":true,"href":"https:\/\/sneeboer.com\/de\/wp-json\/wp\/v2\/product_tag?post=53662"},{"taxonomy":"weeds","embeddable":true,"href":"https:\/\/sneeboer.com\/de\/wp-json\/wp\/v2\/weeds?post=53662"},{"taxonomy":"soil_types","embeddable":true,"href":"https:\/\/sneeboer.com\/de\/wp-json\/wp\/v2\/soil_types?post=53662"}],"curies":[{"name":"wp","href":"https:\/\/api.w.org\/{rel}","templated":true}]}}