{"id":53623,"date":"2023-05-10T07:15:21","date_gmt":"2023-05-10T05:15:21","guid":{"rendered":"https:\/\/testsite.sneeboer.com\/tuingereedschap\/blumenzwiebelpflanzer"},"modified":"2025-09-23T16:02:10","modified_gmt":"2025-09-23T14:02:10","slug":"blumenzwiebelpflanzer","status":"publish","type":"product","link":"https:\/\/sneeboer.com\/de\/handgeschmiedete-gartengeraete\/blumenzwiebelpflanzer","title":{"rendered":"Blumenzwiebelpflanzer"},"content":{"rendered":"<p>Das Pflanzen von Blumenzwiebeln ist oft eine schier endlose Gartenarbeit, die sich erst dann auszahlt, wenn die Bl\u00fcten Monate sp\u00e4ter im Garten aufgehen. Aber mit diesem Blumenzwiebelpflanzer macht das Pflanzen von Blumenzwiebeln genauso viel Spa\u00df, wie ihnen beim Wachsen zuzusehen! Zun\u00e4chst wird das Pflanzgef\u00e4\u00df mit den F\u00fc\u00dfen in den Boden getrieben, danach um 45 Grad zur Seite gedreht und schlie\u00dflich aus dem Boden gezogen. Beim Stechen des n\u00e4chsten Lochs wird die Erde aus dem vorigen Loch dann oben aus dem Ger\u00e4t herausgeschleudert. Der Blumenzwiebelpflanzer ist in dieser Ausf\u00fchrung mit Edelstahlstiel erh\u00e4ltlich, aber auch mit einem Stiel aus Eschenholz oder als einfacher zu handhabender Hand-Blumenzwiebelpflanzer.<\/p>\n","protected":false},"excerpt":{"rendered":"<p>Der Blumenzwiebelpflanzer ist an der Seite mit einem stabilen Auftritt ausgestattet. Das macht ihn zu einem idealen Werkzeug f\u00fcr das Pflanzen von Blumenzwiebeln und Gem\u00fcse in lockeren oder kompakten B\u00f6den. Das gesamte Ger\u00e4t ist aus rostfreiem Stahl gefertigt und perfekt f\u00fcr das Bohren von Pflanzl\u00f6chern mit einem Durchmesser von 5 cm geeignet.<\/p>\n","protected":false},"featured_media":27924,"comment_status":"closed","ping_status":"closed","template":"","meta":{"inline_featured_image":false,"product_video_url":"","product_360_url":""},"product_brand":[],"product_cat":[129],"product_tag":[493],"weeds":[],"soil_types":[],"class_list":{"0":"post-53623","1":"product","2":"type-product","3":"status-publish","4":"has-post-thumbnail","6":"product_cat-pflanzer","7":"product_tag-bepflanzung","8":"post","10":"first","11":"instock","12":"taxable","13":"shipping-taxable","14":"purchasable","15":"product-type-simple"},"exclude_global_add_ons":[],"addons":[],"_links":{"self":[{"href":"https:\/\/sneeboer.com\/de\/wp-json\/wp\/v2\/product\/53623","targetHints":{"allow":["GET"]}}],"collection":[{"href":"https:\/\/sneeboer.com\/de\/wp-json\/wp\/v2\/product"}],"about":[{"href":"https:\/\/sneeboer.com\/de\/wp-json\/wp\/v2\/types\/product"}],"replies":[{"embeddable":true,"href":"https:\/\/sneeboer.com\/de\/wp-json\/wp\/v2\/comments?post=53623"}],"wp:featuredmedia":[{"embeddable":true,"href":"https:\/\/sneeboer.com\/de\/wp-json\/wp\/v2\/media\/27924"}],"wp:attachment":[{"href":"https:\/\/sneeboer.com\/de\/wp-json\/wp\/v2\/media?parent=53623"}],"wp:term":[{"taxonomy":"product_brand","embeddable":true,"href":"https:\/\/sneeboer.com\/de\/wp-json\/wp\/v2\/product_brand?post=53623"},{"taxonomy":"product_cat","embeddable":true,"href":"https:\/\/sneeboer.com\/de\/wp-json\/wp\/v2\/product_cat?post=53623"},{"taxonomy":"product_tag","embeddable":true,"href":"https:\/\/sneeboer.com\/de\/wp-json\/wp\/v2\/product_tag?post=53623"},{"taxonomy":"weeds","embeddable":true,"href":"https:\/\/sneeboer.com\/de\/wp-json\/wp\/v2\/weeds?post=53623"},{"taxonomy":"soil_types","embeddable":true,"href":"https:\/\/sneeboer.com\/de\/wp-json\/wp\/v2\/soil_types?post=53623"}],"curies":[{"name":"wp","href":"https:\/\/api.w.org\/{rel}","templated":true}]}}