{"id":53587,"date":"2023-05-10T07:13:14","date_gmt":"2023-05-10T05:13:14","guid":{"rendered":"https:\/\/testsite.sneeboer.com\/tuingereedschap\/schnurgeraet"},"modified":"2026-03-29T09:23:43","modified_gmt":"2026-03-29T07:23:43","slug":"schnurgeraet","status":"publish","type":"product","link":"https:\/\/sneeboer.com\/de\/handgeschmiedete-gartengeraete\/schnurgeraet","title":{"rendered":"Schnurger\u00e4t"},"content":{"rendered":"","protected":false},"excerpt":{"rendered":"<p>Beim Ausheben von Furchen oder Gr\u00e4ben oder beim Rasenm\u00e4hen dient das Schnurger\u00e4t zum Ziehen von Grenzlinien. Dieses sch\u00f6n gestaltete Werkzeug ist einzigartig in seiner Einfachheit, was es zu einer n\u00fctzlichen Erg\u00e4nzung des Arsenals eines jeden G\u00e4rtners macht. Das Schnurger\u00e4t ist komplett aus Edelstahl gefertigt.<\/p>\n","protected":false},"featured_media":21670,"comment_status":"closed","ping_status":"closed","template":"","meta":{"inline_featured_image":false,"product_video_url":"","product_360_url":""},"product_brand":[],"product_cat":[129],"product_tag":[493],"weeds":[],"soil_types":[],"class_list":{"0":"post-53587","1":"product","2":"type-product","3":"status-publish","4":"has-post-thumbnail","6":"product_cat-pflanzer","7":"product_tag-bepflanzung","8":"post","10":"first","11":"instock","12":"taxable","13":"shipping-taxable","14":"purchasable","15":"product-type-simple"},"exclude_global_add_ons":[],"addons":[],"_links":{"self":[{"href":"https:\/\/sneeboer.com\/de\/wp-json\/wp\/v2\/product\/53587","targetHints":{"allow":["GET"]}}],"collection":[{"href":"https:\/\/sneeboer.com\/de\/wp-json\/wp\/v2\/product"}],"about":[{"href":"https:\/\/sneeboer.com\/de\/wp-json\/wp\/v2\/types\/product"}],"replies":[{"embeddable":true,"href":"https:\/\/sneeboer.com\/de\/wp-json\/wp\/v2\/comments?post=53587"}],"wp:featuredmedia":[{"embeddable":true,"href":"https:\/\/sneeboer.com\/de\/wp-json\/wp\/v2\/media\/21670"}],"wp:attachment":[{"href":"https:\/\/sneeboer.com\/de\/wp-json\/wp\/v2\/media?parent=53587"}],"wp:term":[{"taxonomy":"product_brand","embeddable":true,"href":"https:\/\/sneeboer.com\/de\/wp-json\/wp\/v2\/product_brand?post=53587"},{"taxonomy":"product_cat","embeddable":true,"href":"https:\/\/sneeboer.com\/de\/wp-json\/wp\/v2\/product_cat?post=53587"},{"taxonomy":"product_tag","embeddable":true,"href":"https:\/\/sneeboer.com\/de\/wp-json\/wp\/v2\/product_tag?post=53587"},{"taxonomy":"weeds","embeddable":true,"href":"https:\/\/sneeboer.com\/de\/wp-json\/wp\/v2\/weeds?post=53587"},{"taxonomy":"soil_types","embeddable":true,"href":"https:\/\/sneeboer.com\/de\/wp-json\/wp\/v2\/soil_types?post=53587"}],"curies":[{"name":"wp","href":"https:\/\/api.w.org\/{rel}","templated":true}]}}