{"id":53560,"date":"2023-05-10T07:11:41","date_gmt":"2023-05-10T05:11:41","guid":{"rendered":"https:\/\/testsite.sneeboer.com\/tuingereedschap\/pflegeset"},"modified":"2026-03-29T09:23:35","modified_gmt":"2026-03-29T07:23:35","slug":"pflegeset","status":"publish","type":"product","link":"https:\/\/sneeboer.com\/de\/handgeschmiedete-gartengeraete\/pflegeset","title":{"rendered":"Pflegeset"},"content":{"rendered":"<p>&#8211;\tDie kupferbeschichtete Drahtb\u00fcrste hilft dabei, Schmutz von der Klinge und den Griffen zu entfernen.<br \/>\n&#8211;\tDer Werkzeugsch\u00e4rfer verf\u00fcgt \u00fcber einen Schleifstein aus Siliziumkarbid, mit dem sich die Schneidekanten der Ger\u00e4te sch\u00e4rfen und Grate entfernen lassen. Der ergonomische Griff ist aus Buchenholz gefertigt und liegt beim Sch\u00e4rfen angenehm in der Hand.<br \/>\n&#8211;\tDas gekochte Lein\u00f6l dient zur Impr\u00e4gnierung der Griffe, um das Holz vor Witterungseinfl\u00fcssen zu sch\u00fctzen. Dem Set liegt ein Tuch bei, mit dem sich das \u00d6l auftragen l\u00e4sst.<\/p>\n<p>Das Pflegeset enth\u00e4lt auch eine Packungsbeilage mit Anweisungen. <\/p>\n","protected":false},"excerpt":{"rendered":"<p>Dieses nachhaltige Pflegeset enth\u00e4lt alles, was Sie brauchen, um Ihre Gartenger\u00e4te von Sneeboer optimal instand zu halten. Die Box enth\u00e4lt einen Werkzeugsch\u00e4rfer, eine kupferbeschichtete Drahtb\u00fcrste, eine Flasche mit gekochtem Lein\u00f6l sowie ein Tuch, mit dem das \u00d6l aufgetragen werden kann. Alle diese Artikel werden in einer luxuri\u00f6sen Holzkiste geliefert. Mit den Artikeln in dieser Box k\u00f6nnen Sie Ihre Gartenger\u00e4te fachgerecht pflegen.<\/p>\n","protected":false},"featured_media":63154,"comment_status":"closed","ping_status":"closed","template":"","meta":{"inline_featured_image":false,"product_video_url":"","product_360_url":""},"product_brand":[],"product_cat":[284,220],"product_tag":[485],"weeds":[],"soil_types":[],"class_list":{"0":"post-53560","1":"product","2":"type-product","3":"status-publish","4":"has-post-thumbnail","6":"product_cat-geraetepflege","7":"product_cat-grundausstattung","8":"product_tag-wartung","9":"post","11":"first","12":"instock","13":"taxable","14":"shipping-taxable","15":"purchasable","16":"product-type-simple"},"exclude_global_add_ons":[],"addons":[],"_links":{"self":[{"href":"https:\/\/sneeboer.com\/de\/wp-json\/wp\/v2\/product\/53560","targetHints":{"allow":["GET"]}}],"collection":[{"href":"https:\/\/sneeboer.com\/de\/wp-json\/wp\/v2\/product"}],"about":[{"href":"https:\/\/sneeboer.com\/de\/wp-json\/wp\/v2\/types\/product"}],"replies":[{"embeddable":true,"href":"https:\/\/sneeboer.com\/de\/wp-json\/wp\/v2\/comments?post=53560"}],"wp:featuredmedia":[{"embeddable":true,"href":"https:\/\/sneeboer.com\/de\/wp-json\/wp\/v2\/media\/63154"}],"wp:attachment":[{"href":"https:\/\/sneeboer.com\/de\/wp-json\/wp\/v2\/media?parent=53560"}],"wp:term":[{"taxonomy":"product_brand","embeddable":true,"href":"https:\/\/sneeboer.com\/de\/wp-json\/wp\/v2\/product_brand?post=53560"},{"taxonomy":"product_cat","embeddable":true,"href":"https:\/\/sneeboer.com\/de\/wp-json\/wp\/v2\/product_cat?post=53560"},{"taxonomy":"product_tag","embeddable":true,"href":"https:\/\/sneeboer.com\/de\/wp-json\/wp\/v2\/product_tag?post=53560"},{"taxonomy":"weeds","embeddable":true,"href":"https:\/\/sneeboer.com\/de\/wp-json\/wp\/v2\/weeds?post=53560"},{"taxonomy":"soil_types","embeddable":true,"href":"https:\/\/sneeboer.com\/de\/wp-json\/wp\/v2\/soil_types?post=53560"}],"curies":[{"name":"wp","href":"https:\/\/api.w.org\/{rel}","templated":true}]}}