{"id":53551,"date":"2023-05-10T07:11:13","date_gmt":"2023-05-10T05:11:13","guid":{"rendered":"https:\/\/testsite.sneeboer.com\/tuingereedschap\/abziehstein"},"modified":"2023-08-28T15:08:50","modified_gmt":"2023-08-28T13:08:50","slug":"abziehstein","status":"publish","type":"product","link":"https:\/\/sneeboer.com\/de\/handgeschmiedete-gartengeraete\/abziehstein","title":{"rendered":"Abziehstein"},"content":{"rendered":"","protected":false},"excerpt":{"rendered":"<p>Der Herbst ist die beste Zeit, um Ihre Gartenger\u00e4te zu pflegen. Mit diesem an einem Griff aus Birkenholz befestigten Schleifstein lassen sich Werkzeuge bequem nachsch\u00e4rfen oder Grate an den Schneidkanten entfernen. Dies macht den Werkzeugsch\u00e4rfer zu einem unverzichtbaren Hilfsmittel f\u00fcr die Pflege Ihrer Sneeboer-Gartenger\u00e4te. W\u00e4hrend der Stein aus Siliziumkarbid Grate m\u00fchelos entfernt, liegt der ergonomisch geformte Birkenholzgriff angenehm in der Hand und bietet optimalen Halt beim Sch\u00e4rfen der Werkzeuge.<\/p>\n","protected":false},"featured_media":21481,"comment_status":"closed","ping_status":"closed","template":"","meta":{"inline_featured_image":false,"product_video_url":"","product_360_url":""},"product_brand":[],"product_cat":[277],"product_tag":[485],"weeds":[],"soil_types":[],"class_list":{"0":"post-53551","1":"product","2":"type-product","3":"status-publish","4":"has-post-thumbnail","6":"product_cat-onderhoud","7":"product_tag-wartung","8":"post","10":"first","11":"instock","12":"taxable","13":"shipping-taxable","14":"purchasable","15":"product-type-simple"},"exclude_global_add_ons":[],"addons":[],"_links":{"self":[{"href":"https:\/\/sneeboer.com\/de\/wp-json\/wp\/v2\/product\/53551","targetHints":{"allow":["GET"]}}],"collection":[{"href":"https:\/\/sneeboer.com\/de\/wp-json\/wp\/v2\/product"}],"about":[{"href":"https:\/\/sneeboer.com\/de\/wp-json\/wp\/v2\/types\/product"}],"replies":[{"embeddable":true,"href":"https:\/\/sneeboer.com\/de\/wp-json\/wp\/v2\/comments?post=53551"}],"wp:featuredmedia":[{"embeddable":true,"href":"https:\/\/sneeboer.com\/de\/wp-json\/wp\/v2\/media\/21481"}],"wp:attachment":[{"href":"https:\/\/sneeboer.com\/de\/wp-json\/wp\/v2\/media?parent=53551"}],"wp:term":[{"taxonomy":"product_brand","embeddable":true,"href":"https:\/\/sneeboer.com\/de\/wp-json\/wp\/v2\/product_brand?post=53551"},{"taxonomy":"product_cat","embeddable":true,"href":"https:\/\/sneeboer.com\/de\/wp-json\/wp\/v2\/product_cat?post=53551"},{"taxonomy":"product_tag","embeddable":true,"href":"https:\/\/sneeboer.com\/de\/wp-json\/wp\/v2\/product_tag?post=53551"},{"taxonomy":"weeds","embeddable":true,"href":"https:\/\/sneeboer.com\/de\/wp-json\/wp\/v2\/weeds?post=53551"},{"taxonomy":"soil_types","embeddable":true,"href":"https:\/\/sneeboer.com\/de\/wp-json\/wp\/v2\/soil_types?post=53551"}],"curies":[{"name":"wp","href":"https:\/\/api.w.org\/{rel}","templated":true}]}}