{"id":53533,"date":"2023-05-10T07:10:16","date_gmt":"2023-05-10T05:10:16","guid":{"rendered":"https:\/\/testsite.sneeboer.com\/tuingereedschap\/geschenkverpackung-braun-klein"},"modified":"2023-08-28T15:08:54","modified_gmt":"2023-08-28T13:08:54","slug":"geschenkverpackung-braun-klein","status":"publish","type":"product","link":"https:\/\/sneeboer.com\/de\/handgeschmiedete-gartengeraete\/geschenkverpackung-braun-klein","title":{"rendered":"Geschenkverpackung braun, klein"},"content":{"rendered":"","protected":false},"excerpt":{"rendered":"<p>Die Werkzeuge von Sneeboer sind das beste Gartengeschenk, das man sich w\u00fcnschen kann \u2013 und mit einer pers\u00f6nlichen Gravur lassen sie sich noch einzigartiger gestalten. Diese Geschenkverpackung von Sneeboer ist die perfekte Erg\u00e4nzung f\u00fcr Ihr Geschenk. Diese robuste, braune Box kann bis zu zwei Handwerkzeuge aufnehmen. Mit dieser Box machen Sie Ihr Geschenk zu etwas ganz Besonderem. Sie hat die Ma\u00dfe 5 x 13 x 40 cm.<\/p>\n","protected":false},"featured_media":21409,"comment_status":"closed","ping_status":"closed","template":"","meta":{"inline_featured_image":false,"product_video_url":"","product_360_url":""},"product_brand":[],"product_cat":[257],"product_tag":[],"weeds":[],"soil_types":[],"class_list":{"0":"post-53533","1":"product","2":"type-product","3":"status-publish","4":"has-post-thumbnail","6":"product_cat-sonstiges","7":"post","9":"first","10":"instock","11":"taxable","12":"shipping-taxable","13":"purchasable","14":"product-type-simple"},"exclude_global_add_ons":[],"addons":[],"_links":{"self":[{"href":"https:\/\/sneeboer.com\/de\/wp-json\/wp\/v2\/product\/53533","targetHints":{"allow":["GET"]}}],"collection":[{"href":"https:\/\/sneeboer.com\/de\/wp-json\/wp\/v2\/product"}],"about":[{"href":"https:\/\/sneeboer.com\/de\/wp-json\/wp\/v2\/types\/product"}],"replies":[{"embeddable":true,"href":"https:\/\/sneeboer.com\/de\/wp-json\/wp\/v2\/comments?post=53533"}],"wp:featuredmedia":[{"embeddable":true,"href":"https:\/\/sneeboer.com\/de\/wp-json\/wp\/v2\/media\/21409"}],"wp:attachment":[{"href":"https:\/\/sneeboer.com\/de\/wp-json\/wp\/v2\/media?parent=53533"}],"wp:term":[{"taxonomy":"product_brand","embeddable":true,"href":"https:\/\/sneeboer.com\/de\/wp-json\/wp\/v2\/product_brand?post=53533"},{"taxonomy":"product_cat","embeddable":true,"href":"https:\/\/sneeboer.com\/de\/wp-json\/wp\/v2\/product_cat?post=53533"},{"taxonomy":"product_tag","embeddable":true,"href":"https:\/\/sneeboer.com\/de\/wp-json\/wp\/v2\/product_tag?post=53533"},{"taxonomy":"weeds","embeddable":true,"href":"https:\/\/sneeboer.com\/de\/wp-json\/wp\/v2\/weeds?post=53533"},{"taxonomy":"soil_types","embeddable":true,"href":"https:\/\/sneeboer.com\/de\/wp-json\/wp\/v2\/soil_types?post=53533"}],"curies":[{"name":"wp","href":"https:\/\/api.w.org\/{rel}","templated":true}]}}