{"id":53488,"date":"2023-05-10T07:07:43","date_gmt":"2023-05-10T05:07:43","guid":{"rendered":"https:\/\/testsite.sneeboer.com\/tuingereedschap\/werkzeug-garderobe"},"modified":"2026-01-25T19:18:37","modified_gmt":"2026-01-25T18:18:37","slug":"werkzeug-garderobe","status":"publish","type":"product","link":"https:\/\/sneeboer.com\/de\/handgeschmiedete-gartengeraete\/werkzeug-garderobe","title":{"rendered":"Werkzeughalter"},"content":{"rendered":"<p>Der Werkzeughalter ist 60 cm breit und 10 cm hoch. Er besteht aus vier S\u00e4tzen von je zwei Holzstiften, die bis zu acht langstielige Werkzeuge aufnehmen k\u00f6nnen. Dieser Werkzeughalter ist eine sinnvolle Anschaffung f\u00fcr jeden G\u00e4rtner, der es nicht nur mit dem Garten, sondern auch mit seinen Ger\u00e4ten ernst meint. Der Werkzeughalter wird ohne Befestigungsmaterial geliefert.<\/p>\n","protected":false},"excerpt":{"rendered":"<p>Durch das Aufh\u00e4ngen Ihrer Sneeboer-Ger\u00e4te an diesem Werkzeughalter stellen Sie sicher, dass diese Ihnen so lange wie m\u00f6glich erhalten bleiben, da die scharfen Kanten so nicht in Kontakt mit dem Boden kommen k\u00f6nnen. Idealerweise sollten die Werkzeuge mit den Edelstahlteilen nach oben aufgeh\u00e4ngt werden (d. h. die Stiele zeigen zum Boden), damit die Feuchtigkeit aus dem Schaft entweichen kann und das Holz so vor F\u00e4ulnis gesch\u00fctzt wird. Dieser robuste Werkzeughalter ist aus Kiefernholz gefertigt.<\/p>\n","protected":false},"featured_media":21256,"comment_status":"closed","ping_status":"closed","template":"","meta":{"inline_featured_image":false,"product_video_url":"","product_360_url":""},"product_brand":[],"product_cat":[277],"product_tag":[287,485],"weeds":[],"soil_types":[],"class_list":{"0":"post-53488","1":"product","2":"type-product","3":"status-publish","4":"has-post-thumbnail","6":"product_cat-onderhoud","7":"product_tag-cultiveren","8":"product_tag-wartung","9":"post","11":"first","12":"instock","13":"taxable","14":"shipping-taxable","15":"purchasable","16":"product-type-simple"},"exclude_global_add_ons":[],"addons":[],"_links":{"self":[{"href":"https:\/\/sneeboer.com\/de\/wp-json\/wp\/v2\/product\/53488","targetHints":{"allow":["GET"]}}],"collection":[{"href":"https:\/\/sneeboer.com\/de\/wp-json\/wp\/v2\/product"}],"about":[{"href":"https:\/\/sneeboer.com\/de\/wp-json\/wp\/v2\/types\/product"}],"replies":[{"embeddable":true,"href":"https:\/\/sneeboer.com\/de\/wp-json\/wp\/v2\/comments?post=53488"}],"wp:featuredmedia":[{"embeddable":true,"href":"https:\/\/sneeboer.com\/de\/wp-json\/wp\/v2\/media\/21256"}],"wp:attachment":[{"href":"https:\/\/sneeboer.com\/de\/wp-json\/wp\/v2\/media?parent=53488"}],"wp:term":[{"taxonomy":"product_brand","embeddable":true,"href":"https:\/\/sneeboer.com\/de\/wp-json\/wp\/v2\/product_brand?post=53488"},{"taxonomy":"product_cat","embeddable":true,"href":"https:\/\/sneeboer.com\/de\/wp-json\/wp\/v2\/product_cat?post=53488"},{"taxonomy":"product_tag","embeddable":true,"href":"https:\/\/sneeboer.com\/de\/wp-json\/wp\/v2\/product_tag?post=53488"},{"taxonomy":"weeds","embeddable":true,"href":"https:\/\/sneeboer.com\/de\/wp-json\/wp\/v2\/weeds?post=53488"},{"taxonomy":"soil_types","embeddable":true,"href":"https:\/\/sneeboer.com\/de\/wp-json\/wp\/v2\/soil_types?post=53488"}],"curies":[{"name":"wp","href":"https:\/\/api.w.org\/{rel}","templated":true}]}}