{"id":53479,"date":"2023-05-10T07:07:13","date_gmt":"2023-05-10T05:07:13","guid":{"rendered":"https:\/\/testsite.sneeboer.com\/tuingereedschap\/balkonkasten-werkzeug"},"modified":"2025-05-10T18:46:33","modified_gmt":"2025-05-10T16:46:33","slug":"balkonkasten-werkzeug","status":"publish","type":"product","link":"https:\/\/sneeboer.com\/de\/handgeschmiedete-gartengeraete\/balkonkasten-werkzeug","title":{"rendered":"Balkonkasten-Werkzeug"},"content":{"rendered":"<p>Das Balkonkasten-Werkzeug ist komplett aus hochwertigem Edelstahl gefertigt und kann aufgrund der geringen Gr\u00f6\u00dfe und des multifunktionalen Designs auch in andere G\u00e4rten mitgenommen werden. Da die Stangen in der Mitte leicht gebogen sind, kann mehr Kraft auf die Kelle oder die Harke ausge\u00fcbt werden, je nachdem, welches Ende gerade benutzt wird.<\/p>\n","protected":false},"excerpt":{"rendered":"<p>Das Balkonkasten-Werkzeug hat so viele Funktionen, dass es schwierig ist, sie alle aufzulisten! Da es sich um eine Kelle und eine Harke in einem handelt, kann dieses Ger\u00e4t f\u00fcr verschiedenste Arbeiten in Pflanzgef\u00e4\u00dfen oder T\u00f6pfen verwendet werden! Da beide Teile durch zwei Edelstahlst\u00e4be miteinander verbunden sind, ist das gesamte Werkzeug aus rostfreiem Stahl gefertigt. F\u00fcr den n\u00f6tigen Halt bei der Arbeit mit einem der beiden Enden sind die St\u00e4be in der Mitte leicht gebogen. Aufgrund seiner vielen Funktionen und der geringen Gr\u00f6\u00dfe ist es das ideale Ger\u00e4t zum Mitnehmen.<\/p>\n","protected":false},"featured_media":60956,"comment_status":"closed","ping_status":"closed","template":"","meta":{"inline_featured_image":false,"product_video_url":"","product_360_url":"\/wp-content\/uploads\/2025\/10\/4015-rvs\/4015_rvs.xml"},"product_brand":[],"product_cat":[104,184,423,175],"product_tag":[493,331,477],"weeds":[],"soil_types":[],"class_list":{"0":"post-53479","1":"product","2":"type-product","3":"status-publish","4":"has-post-thumbnail","6":"product_cat-handgeraete","7":"product_cat-kelle","8":"product_cat-rechen-de","9":"product_cat-spezial-geraete","10":"product_tag-bepflanzung","11":"product_tag-graben","12":"product_tag-harken-de","13":"post","15":"first","16":"instock","17":"taxable","18":"shipping-taxable","19":"purchasable","20":"product-type-simple"},"exclude_global_add_ons":[],"addons":[],"_links":{"self":[{"href":"https:\/\/sneeboer.com\/de\/wp-json\/wp\/v2\/product\/53479","targetHints":{"allow":["GET"]}}],"collection":[{"href":"https:\/\/sneeboer.com\/de\/wp-json\/wp\/v2\/product"}],"about":[{"href":"https:\/\/sneeboer.com\/de\/wp-json\/wp\/v2\/types\/product"}],"replies":[{"embeddable":true,"href":"https:\/\/sneeboer.com\/de\/wp-json\/wp\/v2\/comments?post=53479"}],"wp:featuredmedia":[{"embeddable":true,"href":"https:\/\/sneeboer.com\/de\/wp-json\/wp\/v2\/media\/60956"}],"wp:attachment":[{"href":"https:\/\/sneeboer.com\/de\/wp-json\/wp\/v2\/media?parent=53479"}],"wp:term":[{"taxonomy":"product_brand","embeddable":true,"href":"https:\/\/sneeboer.com\/de\/wp-json\/wp\/v2\/product_brand?post=53479"},{"taxonomy":"product_cat","embeddable":true,"href":"https:\/\/sneeboer.com\/de\/wp-json\/wp\/v2\/product_cat?post=53479"},{"taxonomy":"product_tag","embeddable":true,"href":"https:\/\/sneeboer.com\/de\/wp-json\/wp\/v2\/product_tag?post=53479"},{"taxonomy":"weeds","embeddable":true,"href":"https:\/\/sneeboer.com\/de\/wp-json\/wp\/v2\/weeds?post=53479"},{"taxonomy":"soil_types","embeddable":true,"href":"https:\/\/sneeboer.com\/de\/wp-json\/wp\/v2\/soil_types?post=53479"}],"curies":[{"name":"wp","href":"https:\/\/api.w.org\/{rel}","templated":true}]}}