{"id":53416,"date":"2023-05-10T07:03:29","date_gmt":"2023-05-10T05:03:29","guid":{"rendered":"https:\/\/testsite.sneeboer.com\/tuingereedschap\/halbmond-hacke-10-cm"},"modified":"2025-04-27T22:52:25","modified_gmt":"2025-04-27T20:52:25","slug":"halbmond-hacke-10-cm","status":"publish","type":"product","link":"https:\/\/sneeboer.com\/de\/handgeschmiedete-gartengeraete\/halbmond-hacke-10-cm","title":{"rendered":"Halbmond Hacke 10 cm"},"content":{"rendered":"<p>Diese Hacke eignet sich aufgrund der Halbmondform der Klinge besonders gut f\u00fcr den Gem\u00fcsegarten, da die scharfen Kanten ideal f\u00fcr die Arbeit dicht an Nutz- und Gem\u00fcsepflanzen sind, ohne diese zu besch\u00e4digen. Au\u00dferdem kann die Hacke auch verwendet werden, um Unkraut in \u00fcberf\u00fcllten Beeten gezielt zu j\u00e4ten. Die Halbmondhacke ist mit einer Klingenbreite von 10 cm bis 20 cm erh\u00e4ltlich und wird mit einem 155 cm langen Eschenholzstiel mit Knauf oder einem 145 cm langen, aufwendig gestalteten Stiel aus Eschenholz geliefert.<\/p>\n","protected":false},"excerpt":{"rendered":"<p>Bei dieser Halbmondhacke handelt es sich um eine \u00e4u\u00dferst effektive Unkrauthacke, die aber auch zur Bel\u00fcftung des Bodens verwendet werden kann. Mit ihr lassen sich m\u00fchelos Furchen ziehen und Gr\u00e4ben f\u00fcr die Aussaat ausheben. Und selbst hartn\u00e4ckiges Unkraut in der Mitte von Beeten hat keine Chance, wenn die scharfe Klinge zum Einsatz kommt.<\/p>\n","protected":false},"featured_media":20824,"comment_status":"closed","ping_status":"closed","template":"","meta":{"inline_featured_image":false,"product_video_url":"","product_360_url":""},"product_brand":[],"product_cat":[143],"product_tag":[471,531],"weeds":[],"soil_types":[],"class_list":{"0":"post-53416","1":"product","2":"type-product","3":"status-publish","4":"has-post-thumbnail","6":"product_cat-schuffel-und-hacken","7":"product_tag-furchung","8":"product_tag-unkraut-entfernen","9":"post","11":"first","12":"instock","13":"taxable","14":"shipping-taxable","15":"purchasable","16":"product-type-simple"},"exclude_global_add_ons":false,"addons":[{"name":"Gravur","type":"custom_text","position":0,"required":false,"title_format":"heading","default":"","description_enable":true,"description":"Geben Sie bis zu 50 Zeichen ein.","placeholder_enable":false,"placeholder":"","display":"select","restrictions_type":"any_text","adjust_price":true,"price":"4.92","price_type":"quantity_based","restrictions":true,"min":"1","max":"50","options":[],"id":1684165753}],"_links":{"self":[{"href":"https:\/\/sneeboer.com\/de\/wp-json\/wp\/v2\/product\/53416","targetHints":{"allow":["GET"]}}],"collection":[{"href":"https:\/\/sneeboer.com\/de\/wp-json\/wp\/v2\/product"}],"about":[{"href":"https:\/\/sneeboer.com\/de\/wp-json\/wp\/v2\/types\/product"}],"replies":[{"embeddable":true,"href":"https:\/\/sneeboer.com\/de\/wp-json\/wp\/v2\/comments?post=53416"}],"wp:featuredmedia":[{"embeddable":true,"href":"https:\/\/sneeboer.com\/de\/wp-json\/wp\/v2\/media\/20824"}],"wp:attachment":[{"href":"https:\/\/sneeboer.com\/de\/wp-json\/wp\/v2\/media?parent=53416"}],"wp:term":[{"taxonomy":"product_brand","embeddable":true,"href":"https:\/\/sneeboer.com\/de\/wp-json\/wp\/v2\/product_brand?post=53416"},{"taxonomy":"product_cat","embeddable":true,"href":"https:\/\/sneeboer.com\/de\/wp-json\/wp\/v2\/product_cat?post=53416"},{"taxonomy":"product_tag","embeddable":true,"href":"https:\/\/sneeboer.com\/de\/wp-json\/wp\/v2\/product_tag?post=53416"},{"taxonomy":"weeds","embeddable":true,"href":"https:\/\/sneeboer.com\/de\/wp-json\/wp\/v2\/weeds?post=53416"},{"taxonomy":"soil_types","embeddable":true,"href":"https:\/\/sneeboer.com\/de\/wp-json\/wp\/v2\/soil_types?post=53416"}],"curies":[{"name":"wp","href":"https:\/\/api.w.org\/{rel}","templated":true}]}}