{"id":53362,"date":"2023-05-10T06:59:36","date_gmt":"2023-05-10T04:59:36","guid":{"rendered":"https:\/\/testsite.sneeboer.com\/tuingereedschap\/pikierhilfe"},"modified":"2026-03-29T09:23:31","modified_gmt":"2026-03-29T07:23:31","slug":"pikierhilfe","status":"publish","type":"product","link":"https:\/\/sneeboer.com\/de\/handgeschmiedete-gartengeraete\/pikierhilfe","title":{"rendered":"Pikierhilfe"},"content":{"rendered":"","protected":false},"excerpt":{"rendered":"<p>Die Pikierhilfe von Sneeboer ist das ideale Werkzeug f\u00fcr das effektive Ein- und Umpflanzen von kleinen Setzlingen. Der L\u00f6ffel ist klein und schmal gehalten, so dass die Setzlinge pr\u00e4zise aus dem Boden gel\u00f6st werden k\u00f6nnen. Mit der scharfen Spitze wiederum lassen sich ganz einfach kleine Pflanzl\u00f6cher schaffen, die dann mit Hilfe des L\u00f6ffels vergr\u00f6\u00dfert werden k\u00f6nnen. Die Pikierhilfe wird aus einem Stab rostfreien Stahls geschmiedet.<\/p>\n","protected":false},"featured_media":66408,"comment_status":"closed","ping_status":"closed","template":"","meta":{"inline_featured_image":false,"product_video_url":"","product_360_url":""},"product_brand":[],"product_cat":[220,175],"product_tag":[493,487,503,523],"weeds":[],"soil_types":[],"class_list":{"0":"post-53362","1":"product","2":"type-product","3":"status-publish","4":"has-post-thumbnail","6":"product_cat-grundausstattung","7":"product_cat-spezial-geraete","8":"product_tag-bepflanzung","9":"product_tag-ernten","10":"product_tag-schaufeln","11":"product_tag-umpflanzen","12":"post","14":"first","15":"instock","16":"taxable","17":"shipping-taxable","18":"purchasable","19":"product-type-simple"},"exclude_global_add_ons":[],"addons":[],"_links":{"self":[{"href":"https:\/\/sneeboer.com\/de\/wp-json\/wp\/v2\/product\/53362","targetHints":{"allow":["GET"]}}],"collection":[{"href":"https:\/\/sneeboer.com\/de\/wp-json\/wp\/v2\/product"}],"about":[{"href":"https:\/\/sneeboer.com\/de\/wp-json\/wp\/v2\/types\/product"}],"replies":[{"embeddable":true,"href":"https:\/\/sneeboer.com\/de\/wp-json\/wp\/v2\/comments?post=53362"}],"wp:featuredmedia":[{"embeddable":true,"href":"https:\/\/sneeboer.com\/de\/wp-json\/wp\/v2\/media\/66408"}],"wp:attachment":[{"href":"https:\/\/sneeboer.com\/de\/wp-json\/wp\/v2\/media?parent=53362"}],"wp:term":[{"taxonomy":"product_brand","embeddable":true,"href":"https:\/\/sneeboer.com\/de\/wp-json\/wp\/v2\/product_brand?post=53362"},{"taxonomy":"product_cat","embeddable":true,"href":"https:\/\/sneeboer.com\/de\/wp-json\/wp\/v2\/product_cat?post=53362"},{"taxonomy":"product_tag","embeddable":true,"href":"https:\/\/sneeboer.com\/de\/wp-json\/wp\/v2\/product_tag?post=53362"},{"taxonomy":"weeds","embeddable":true,"href":"https:\/\/sneeboer.com\/de\/wp-json\/wp\/v2\/weeds?post=53362"},{"taxonomy":"soil_types","embeddable":true,"href":"https:\/\/sneeboer.com\/de\/wp-json\/wp\/v2\/soil_types?post=53362"}],"curies":[{"name":"wp","href":"https:\/\/api.w.org\/{rel}","templated":true}]}}