{"id":53245,"date":"2023-05-09T21:35:50","date_gmt":"2023-05-09T19:35:50","guid":{"rendered":"https:\/\/testsite.sneeboer.com\/tuingereedschap\/rauten-schuffel-16-cm"},"modified":"2026-04-24T09:46:07","modified_gmt":"2026-04-24T07:46:07","slug":"diamant-hacke-16-cm","status":"publish","type":"product","link":"https:\/\/sneeboer.com\/de\/handgeschmiedete-gartengeraete\/diamant-hacke-16-cm","title":{"rendered":"Diamant-Hacke 16 cm"},"content":{"rendered":"<p>Wenn Sie die Trockenzeit im Fr\u00fchjahr zum Hacken nutzen, sind Sie dem Unkrautwachstum um Ihre Pflanzen herum einen Schritt voraus. Unkraut hat es schwer, sich im Schatten Ihrer Pflanzen zu erholen, und mit dieser Hacke bekommen Sie das Unkraut schnell unter. Die Rautenhacke hat ein 16 cm breites Blatt und wird mit einem 155 cm langen Eschenstiel mit Knauf oder einem 145 cm langen, taillierten Eschenstiel geliefert.<\/p>\n","protected":false},"excerpt":{"rendered":"<p>Mit dieser rautenf\u00f6rmigen Hacke k\u00f6nnen Sie Unkraut leicht bek\u00e4mpfen, ohne sich b\u00fccken zu m\u00fcssen. Die einzigartige Form der kleinen Klinge erm\u00f6glicht es Ihnen, in Ihrem Garten mit \u00e4u\u00dferster Pr\u00e4zision zu arbeiten. Diese Hacke ist an vier Seiten handgeschmiedet und anschlie\u00dfend gesch\u00e4rft, sodass Sie das Unkraut zwischen den Pflanzen schnell und gekonnt wegschneiden k\u00f6nnen.<\/p>\n","protected":false},"featured_media":19764,"comment_status":"closed","ping_status":"closed","template":"","meta":{"inline_featured_image":false,"product_video_url":"","product_360_url":""},"product_brand":[],"product_cat":[136,143],"product_tag":[1416],"weeds":[],"soil_types":[],"class_list":{"0":"post-53245","1":"product","2":"type-product","3":"status-publish","4":"has-post-thumbnail","6":"product_cat-schoffel-en-hak","7":"product_cat-schuffel-und-hacken","8":"product_tag-unkraut-jaten","9":"post","11":"first","12":"instock","13":"taxable","14":"shipping-taxable","15":"purchasable","16":"product-type-simple"},"exclude_global_add_ons":false,"addons":[{"name":"Gravur","type":"custom_text","position":0,"required":false,"title_format":"heading","default":"","description_enable":true,"description":"Geben Sie bis zu 50 Zeichen ein.","placeholder_enable":false,"placeholder":"","display":"select","restrictions_type":"any_text","adjust_price":true,"price":"4.92","price_type":"quantity_based","restrictions":true,"min":"1","max":"50","options":[],"id":1684165753}],"_links":{"self":[{"href":"https:\/\/sneeboer.com\/de\/wp-json\/wp\/v2\/product\/53245","targetHints":{"allow":["GET"]}}],"collection":[{"href":"https:\/\/sneeboer.com\/de\/wp-json\/wp\/v2\/product"}],"about":[{"href":"https:\/\/sneeboer.com\/de\/wp-json\/wp\/v2\/types\/product"}],"replies":[{"embeddable":true,"href":"https:\/\/sneeboer.com\/de\/wp-json\/wp\/v2\/comments?post=53245"}],"wp:featuredmedia":[{"embeddable":true,"href":"https:\/\/sneeboer.com\/de\/wp-json\/wp\/v2\/media\/19764"}],"wp:attachment":[{"href":"https:\/\/sneeboer.com\/de\/wp-json\/wp\/v2\/media?parent=53245"}],"wp:term":[{"taxonomy":"product_brand","embeddable":true,"href":"https:\/\/sneeboer.com\/de\/wp-json\/wp\/v2\/product_brand?post=53245"},{"taxonomy":"product_cat","embeddable":true,"href":"https:\/\/sneeboer.com\/de\/wp-json\/wp\/v2\/product_cat?post=53245"},{"taxonomy":"product_tag","embeddable":true,"href":"https:\/\/sneeboer.com\/de\/wp-json\/wp\/v2\/product_tag?post=53245"},{"taxonomy":"weeds","embeddable":true,"href":"https:\/\/sneeboer.com\/de\/wp-json\/wp\/v2\/weeds?post=53245"},{"taxonomy":"soil_types","embeddable":true,"href":"https:\/\/sneeboer.com\/de\/wp-json\/wp\/v2\/soil_types?post=53245"}],"curies":[{"name":"wp","href":"https:\/\/api.w.org\/{rel}","templated":true}]}}