{"id":53236,"date":"2023-05-09T21:35:14","date_gmt":"2023-05-09T19:35:14","guid":{"rendered":"https:\/\/testsite.sneeboer.com\/tuingereedschap\/koenigliche-hollandschuffel-125-cm"},"modified":"2026-05-12T15:33:38","modified_gmt":"2026-05-12T13:33:38","slug":"konigliche-hacke-125-cm","status":"publish","type":"product","link":"https:\/\/sneeboer.com\/de\/handgeschmiedete-gartengeraete\/konigliche-hacke-125-cm","title":{"rendered":"K\u00f6nigliche Hacke 12,5 cm"},"content":{"rendered":"<ol>\n<li>Die Zahnung am Hackenblatt sorgt f\u00fcr eine noch bessere Unkrautentfernung, auch bei schwereren B\u00f6den. Durch diese Zahnung bietet die K\u00f6nigshacke auch eine bessere Hackenpr\u00e4zision als eine normale Hacke.<\/li>\n<li>Die R\u00fcckseite des Blattes l\u00e4uft spitz zu, so dass das Unkraut mit einer ziehenden Bewegung leicht entfernt werden kann. So k\u00f6nnen Sie Unkraut entfernen, ohne Fu\u00dfspuren zu hinterlassen, die das Unkraut f\u00f6rdern.<\/li>\n<li>Der Stiel der K\u00f6nigshacke ist tailliert. Dadurch entsteht eine d\u00fcnnere Stelle am Stiel, die ein noch feineres beidh\u00e4ndiges Arbeiten erm\u00f6glicht.<\/li>\n<\/ol>\n<p>Au\u00dferdem ist die k\u00f6nigliche Hacke leichter als die normale Hacke, was die k\u00f6nigliche Hacke noch handlicher macht. Mit der k\u00f6niglichen Hacke sind Sie der K\u00f6nig des Dschungels &#8211; auch in Ihrem eigenen Garten!<\/p>\n","protected":false},"excerpt":{"rendered":"<p>Mit der k\u00f6niglichen Hacke k\u00f6nnen Sie Unkraut leicht bek\u00e4mpfen, ohne sich zu b\u00fccken. Diese innovative Variante der Hacke, die in Zusammenarbeit mit dem bekannten Rosenz\u00fcchter John Scarman entwickelt wurde, unterscheidet sich sowohl in der Form als auch in der Anwendung von einer normalen Hacke. Die k\u00f6nigliche Hacke wurde 2013, im Jahr unseres 100-j\u00e4hrigen Jubil\u00e4ums, entwickelt und im selben Jahr f\u00fcr das Gartenprodukt des Jahres auf der RHS Chelsea Flower Show 2013 nominiert!<\/p>\n<p>Die k\u00f6nigliche Hacke zeichnet sich durch drei besondere Innovationen aus, die jeweils eine Rolle bei der Verwendung der Hacke spielen. So ist das Blatt an der Vorderseite gezahnt, der hintere Teil des Blattes l\u00e4uft spitz zu und der Stiel der k\u00f6niglichen Hacke ist tailliert.<\/p>\n<p>Mit der k\u00f6niglichen Hacke sind Sie der K\u00f6nig der Welt &#8211; auch in Ihrem eigenen Garten! <br class=\"avia-permanent-lb\" \/><br class=\"avia-permanent-lb\" \/><\/p>\n","protected":false},"featured_media":62928,"comment_status":"closed","ping_status":"closed","template":"","meta":{"inline_featured_image":false,"product_video_url":"","product_360_url":""},"product_brand":[],"product_cat":[217,140,220,143],"product_tag":[1416,958],"weeds":[],"soil_types":[],"class_list":{"0":"post-53236","1":"product","2":"type-product","3":"status-publish","4":"has-post-thumbnail","6":"product_cat-essential-tools-4","7":"product_cat-garden-hoe-4","8":"product_cat-grundausstattung","9":"product_cat-schuffel-und-hacken","10":"product_tag-unkraut-jaten","11":"product_tag-weeding-en-us","12":"post","14":"first","15":"instock","16":"taxable","17":"shipping-taxable","18":"purchasable","19":"product-type-simple"},"exclude_global_add_ons":false,"addons":[{"name":"Gravur","type":"custom_text","position":0,"required":false,"title_format":"heading","default":"","description_enable":true,"description":"Geben Sie bis zu 50 Zeichen ein.","placeholder_enable":false,"placeholder":"","display":"select","restrictions_type":"any_text","adjust_price":true,"price":"4.92","price_type":"quantity_based","restrictions":true,"min":"1","max":"50","options":[],"id":1684165753}],"_links":{"self":[{"href":"https:\/\/sneeboer.com\/de\/wp-json\/wp\/v2\/product\/53236","targetHints":{"allow":["GET"]}}],"collection":[{"href":"https:\/\/sneeboer.com\/de\/wp-json\/wp\/v2\/product"}],"about":[{"href":"https:\/\/sneeboer.com\/de\/wp-json\/wp\/v2\/types\/product"}],"replies":[{"embeddable":true,"href":"https:\/\/sneeboer.com\/de\/wp-json\/wp\/v2\/comments?post=53236"}],"wp:featuredmedia":[{"embeddable":true,"href":"https:\/\/sneeboer.com\/de\/wp-json\/wp\/v2\/media\/62928"}],"wp:attachment":[{"href":"https:\/\/sneeboer.com\/de\/wp-json\/wp\/v2\/media?parent=53236"}],"wp:term":[{"taxonomy":"product_brand","embeddable":true,"href":"https:\/\/sneeboer.com\/de\/wp-json\/wp\/v2\/product_brand?post=53236"},{"taxonomy":"product_cat","embeddable":true,"href":"https:\/\/sneeboer.com\/de\/wp-json\/wp\/v2\/product_cat?post=53236"},{"taxonomy":"product_tag","embeddable":true,"href":"https:\/\/sneeboer.com\/de\/wp-json\/wp\/v2\/product_tag?post=53236"},{"taxonomy":"weeds","embeddable":true,"href":"https:\/\/sneeboer.com\/de\/wp-json\/wp\/v2\/weeds?post=53236"},{"taxonomy":"soil_types","embeddable":true,"href":"https:\/\/sneeboer.com\/de\/wp-json\/wp\/v2\/soil_types?post=53236"}],"curies":[{"name":"wp","href":"https:\/\/api.w.org\/{rel}","templated":true}]}}