{"id":53218,"date":"2023-05-09T21:34:05","date_gmt":"2023-05-09T19:34:05","guid":{"rendered":"https:\/\/testsite.sneeboer.com\/tuingereedschap\/hollaendische-schuffel-14-cm"},"modified":"2025-08-18T13:23:00","modified_gmt":"2025-08-18T11:23:00","slug":"hollaendische-schuffel-14-cm","status":"publish","type":"product","link":"https:\/\/sneeboer.com\/de\/handgeschmiedete-gartengeraete\/hollaendische-schuffel-14-cm","title":{"rendered":"Holl\u00e4ndische Schuffel 12,5 cm"},"content":{"rendered":"<p>Die holl\u00e4ndische Schuffel hat die Form eines Hufeisens, an dem die scharfe Klinge befestigt ist. Da die Klinge jedoch nicht \u00fcber den hufeisenf\u00f6rmigen Teil hinausragt, l\u00e4sst sich Unkraut auch in unmittelbarer N\u00e4he von Nutzpflanzen entfernen, ohne diese zu besch\u00e4digen. Die holl\u00e4ndische Schuffel wird mit einem Griff aus Eschenholz geliefert, der speziell f\u00fcr Menschen mit kleineren H\u00e4nden gedacht ist, um ihnen ein bequemes Arbeiten mit dem Ger\u00e4t zu erm\u00f6glichen. Die Klinge der holl\u00e4ndischen Schuffel ist 12,5 cm breit und auf der Vorder- und R\u00fcckseite gesch\u00e4rft, so dass sich sowohl bei der Vorw\u00e4rts- als auch der R\u00fcckw\u00e4rtsbewegung Unkraut entfernen l\u00e4sst. Die holl\u00e4ndische Schuffel ist mit einem aufw\u00e4ndig gestalteten Stiel von 145 cm L\u00e4nge oder einem 155 cm langen Eschenholzstiel mit Knauf erh\u00e4ltlich.<\/p>\n","protected":false},"excerpt":{"rendered":"<p>Dank des ergonomischen Designs l\u00e4sst sich mit der holl\u00e4ndischen Schuffel Unkraut auch bei aufrechter Haltung bek\u00e4mpfen. Die holl\u00e4ndische Schuffel ist handgeschmiedet und sowohl auf der Vorder- als auch auf der R\u00fcckseite der Klinge gesch\u00e4rft. Das macht sie zum perfekten Gartenger\u00e4t f\u00fcr die einfache und fachm\u00e4nnische Entfernung von Unkraut, ohne dabei Pflanzen und Gem\u00fcse zu besch\u00e4digen.<\/p>\n","protected":false},"featured_media":19606,"comment_status":"closed","ping_status":"closed","template":"","meta":{"inline_featured_image":false,"product_video_url":"","product_360_url":""},"product_brand":[],"product_cat":[143],"product_tag":[531],"weeds":[],"soil_types":[],"class_list":{"0":"post-53218","1":"product","2":"type-product","3":"status-publish","4":"has-post-thumbnail","6":"product_cat-schuffel-und-hacken","7":"product_tag-unkraut-entfernen","8":"post","10":"first","11":"instock","12":"taxable","13":"shipping-taxable","14":"purchasable","15":"product-type-simple"},"exclude_global_add_ons":false,"addons":[{"name":"Gravur","type":"custom_text","position":0,"required":false,"title_format":"heading","default":"","description_enable":true,"description":"Geben Sie bis zu 50 Zeichen ein.","placeholder_enable":false,"placeholder":"","display":"select","restrictions_type":"any_text","adjust_price":true,"price":"4.92","price_type":"quantity_based","restrictions":true,"min":"1","max":"50","options":[],"id":1684165753}],"_links":{"self":[{"href":"https:\/\/sneeboer.com\/de\/wp-json\/wp\/v2\/product\/53218","targetHints":{"allow":["GET"]}}],"collection":[{"href":"https:\/\/sneeboer.com\/de\/wp-json\/wp\/v2\/product"}],"about":[{"href":"https:\/\/sneeboer.com\/de\/wp-json\/wp\/v2\/types\/product"}],"replies":[{"embeddable":true,"href":"https:\/\/sneeboer.com\/de\/wp-json\/wp\/v2\/comments?post=53218"}],"wp:featuredmedia":[{"embeddable":true,"href":"https:\/\/sneeboer.com\/de\/wp-json\/wp\/v2\/media\/19606"}],"wp:attachment":[{"href":"https:\/\/sneeboer.com\/de\/wp-json\/wp\/v2\/media?parent=53218"}],"wp:term":[{"taxonomy":"product_brand","embeddable":true,"href":"https:\/\/sneeboer.com\/de\/wp-json\/wp\/v2\/product_brand?post=53218"},{"taxonomy":"product_cat","embeddable":true,"href":"https:\/\/sneeboer.com\/de\/wp-json\/wp\/v2\/product_cat?post=53218"},{"taxonomy":"product_tag","embeddable":true,"href":"https:\/\/sneeboer.com\/de\/wp-json\/wp\/v2\/product_tag?post=53218"},{"taxonomy":"weeds","embeddable":true,"href":"https:\/\/sneeboer.com\/de\/wp-json\/wp\/v2\/weeds?post=53218"},{"taxonomy":"soil_types","embeddable":true,"href":"https:\/\/sneeboer.com\/de\/wp-json\/wp\/v2\/soil_types?post=53218"}],"curies":[{"name":"wp","href":"https:\/\/api.w.org\/{rel}","templated":true}]}}