{"id":53200,"date":"2023-05-09T21:32:54","date_gmt":"2023-05-09T19:32:54","guid":{"rendered":"https:\/\/testsite.sneeboer.com\/tuingereedschap\/herz-schuffel-12-cm"},"modified":"2023-08-28T15:10:20","modified_gmt":"2023-08-28T13:10:20","slug":"herz-schuffel-12-cm","status":"publish","type":"product","link":"https:\/\/sneeboer.com\/de\/handgeschmiedete-gartengeraete\/herz-schuffel-12-cm","title":{"rendered":"Herz-Schuffel 12 cm"},"content":{"rendered":"<p>Mit der herzf\u00f6rmige Schuffel l\u00e4sst sich in Trockenperioden zu Beginn des Jahres Unkraut um die Pflanzen herum leicht in Schach halten, da es in dieser Zeit eine geringere Chance hat, nachzuwachsen. Unkraut hat es schwerer, im Schatten der Pflanzen nachzuwachsen, was sich mit dieser Schuffel effektiv f\u00f6rdern l\u00e4sst. Sobald Sie sich an den richtigen Einsatz einer Schuffel gew\u00f6hnt haben, werden Sie nie wieder ein anderes Werkzeug zur Unkrautbeseitigung verwenden wollen. Die herzf\u00f6rmige Schuffel ist mit einer Klingenbreite von 12 cm erh\u00e4ltlich und wird mit einem 155 cm langen Eschenholzstiel oder einem 145 cm langen, aufwendig gestalteten Stiel aus Eschenholz geliefert.<\/p>\n","protected":false},"excerpt":{"rendered":"<p>Dank des ergonomischen Designs l\u00e4sst sich mit der herzf\u00f6rmigen Schuffel Unkraut auch bei aufrechter Haltung bek\u00e4mpfen. Die vier Seiten der herzf\u00f6rmigen Schuffel sind handgeschmiedet und an allen Kanten gesch\u00e4rft. Das macht sie zum perfekten Gartenger\u00e4t f\u00fcr die einfache und fachm\u00e4nnische Entfernung von Unkraut, ohne dabei Pflanzen und Gem\u00fcse zu besch\u00e4digen. Zudem eignet sie sich hervorragend als Geschenk f\u00fcr Ihre Liebsten!<\/p>\n","protected":false},"featured_media":19532,"comment_status":"closed","ping_status":"closed","template":"","meta":{"inline_featured_image":false,"product_video_url":"","product_360_url":""},"product_brand":[],"product_cat":[143],"product_tag":[471,531],"weeds":[],"soil_types":[],"class_list":{"0":"post-53200","1":"product","2":"type-product","3":"status-publish","4":"has-post-thumbnail","6":"product_cat-schuffel-und-hacken","7":"product_tag-furchung","8":"product_tag-unkraut-entfernen","9":"post","11":"first","12":"instock","13":"taxable","14":"shipping-taxable","15":"purchasable","16":"product-type-simple"},"exclude_global_add_ons":false,"addons":[{"name":"Gravur","type":"custom_text","position":0,"required":false,"title_format":"heading","default":"","description_enable":true,"description":"Geben Sie bis zu 50 Zeichen ein.","placeholder_enable":false,"placeholder":"","display":"select","restrictions_type":"any_text","adjust_price":true,"price":"4.92","price_type":"quantity_based","restrictions":true,"min":"1","max":"50","options":[],"id":1684165753}],"_links":{"self":[{"href":"https:\/\/sneeboer.com\/de\/wp-json\/wp\/v2\/product\/53200","targetHints":{"allow":["GET"]}}],"collection":[{"href":"https:\/\/sneeboer.com\/de\/wp-json\/wp\/v2\/product"}],"about":[{"href":"https:\/\/sneeboer.com\/de\/wp-json\/wp\/v2\/types\/product"}],"replies":[{"embeddable":true,"href":"https:\/\/sneeboer.com\/de\/wp-json\/wp\/v2\/comments?post=53200"}],"wp:featuredmedia":[{"embeddable":true,"href":"https:\/\/sneeboer.com\/de\/wp-json\/wp\/v2\/media\/19532"}],"wp:attachment":[{"href":"https:\/\/sneeboer.com\/de\/wp-json\/wp\/v2\/media?parent=53200"}],"wp:term":[{"taxonomy":"product_brand","embeddable":true,"href":"https:\/\/sneeboer.com\/de\/wp-json\/wp\/v2\/product_brand?post=53200"},{"taxonomy":"product_cat","embeddable":true,"href":"https:\/\/sneeboer.com\/de\/wp-json\/wp\/v2\/product_cat?post=53200"},{"taxonomy":"product_tag","embeddable":true,"href":"https:\/\/sneeboer.com\/de\/wp-json\/wp\/v2\/product_tag?post=53200"},{"taxonomy":"weeds","embeddable":true,"href":"https:\/\/sneeboer.com\/de\/wp-json\/wp\/v2\/weeds?post=53200"},{"taxonomy":"soil_types","embeddable":true,"href":"https:\/\/sneeboer.com\/de\/wp-json\/wp\/v2\/soil_types?post=53200"}],"curies":[{"name":"wp","href":"https:\/\/api.w.org\/{rel}","templated":true}]}}