{"id":53011,"date":"2023-05-09T21:20:33","date_gmt":"2023-05-09T19:20:33","guid":{"rendered":"https:\/\/testsite.sneeboer.com\/tuingereedschap\/spaten-2"},"modified":"2023-08-28T15:11:09","modified_gmt":"2023-08-28T13:11:09","slug":"spaten-2","status":"publish","type":"product","link":"https:\/\/sneeboer.com\/de\/handgeschmiedete-gartengeraete\/spaten-2","title":{"rendered":"Spaten"},"content":{"rendered":"<p>Das Spatenblatt ist an der langen Seite gekr\u00fcmmt, um ihm St\u00e4rke zu verleihen und ein Brechen beim Graben zu verhindern. Au\u00dferdem ist der Winkel zwischen Blatt und Stiel speziell darauf ausgerichtet, die Arbeit mit dem Spaten komfortabler zu machen. Dank Form und Winkel des Blattes eignet sich der Spaten hervorragend zum Graben im Boden, jedoch weniger zum Aufnehmen oder Schaufeln von losem Material. Der Spaten ist in verschiedenen Formen und Gr\u00f6\u00dfen erh\u00e4ltlich und wird mit einem Stiel aus Eschenholz in verschiedenen L\u00e4ngen geliefert. Zudem ist er optional mit einem Auftritt erh\u00e4ltlich, der die Schuhe beim Graben sch\u00fctzt.<\/p>\n","protected":false},"excerpt":{"rendered":"<p>Dieser Spaten steht f\u00fcr Tradition und Renommee gleicherma\u00dfen \u2013 und egal, ob Sie einen Schrebergarten, ein Gem\u00fcsebeet oder ein Zierbeet umgraben wollen, leistet er ganze Arbeit! Dieser Spaten wird von Hand nach einem Entwurf geschmiedet, der vor fast hundert Jahren f\u00fcr die G\u00e4rtner Westfrieslands entwickelt wurde. Er verf\u00fcgt \u00fcber einen Stiel aus massivem Eschenholz und ein Blatt aus rostfreiem Stahl. Der Spaten wird vor allem zum Umgraben und Verpflanzen von Pflanzen und Str\u00e4uchern in schweren B\u00f6den verwendet. Die Unterseite des Blattes ist gesch\u00e4rft, so dass der Spaten mit Leichtigkeit in den Boden getrieben werden kann.<\/p>\n","protected":false},"featured_media":18432,"comment_status":"closed","ping_status":"closed","template":"","meta":{"inline_featured_image":false,"product_video_url":"","product_360_url":""},"product_brand":[],"product_cat":[157],"product_tag":[493,331,523],"weeds":[],"soil_types":[],"class_list":{"0":"post-53011","1":"product","2":"type-product","3":"status-publish","4":"has-post-thumbnail","6":"product_cat-spaten","7":"product_tag-bepflanzung","8":"product_tag-graben","9":"product_tag-umpflanzen","10":"post","12":"first","13":"instock","14":"taxable","15":"shipping-taxable","16":"purchasable","17":"product-type-simple"},"exclude_global_add_ons":false,"addons":[{"name":"Gravur","type":"custom_text","position":0,"required":false,"title_format":"heading","default":"","description_enable":true,"description":"Geben Sie bis zu 50 Zeichen ein.","placeholder_enable":false,"placeholder":"","display":"select","restrictions_type":"any_text","adjust_price":true,"price":"4.92","price_type":"quantity_based","restrictions":true,"min":"1","max":"50","options":[],"id":1684165753}],"_links":{"self":[{"href":"https:\/\/sneeboer.com\/de\/wp-json\/wp\/v2\/product\/53011","targetHints":{"allow":["GET"]}}],"collection":[{"href":"https:\/\/sneeboer.com\/de\/wp-json\/wp\/v2\/product"}],"about":[{"href":"https:\/\/sneeboer.com\/de\/wp-json\/wp\/v2\/types\/product"}],"replies":[{"embeddable":true,"href":"https:\/\/sneeboer.com\/de\/wp-json\/wp\/v2\/comments?post=53011"}],"wp:featuredmedia":[{"embeddable":true,"href":"https:\/\/sneeboer.com\/de\/wp-json\/wp\/v2\/media\/18432"}],"wp:attachment":[{"href":"https:\/\/sneeboer.com\/de\/wp-json\/wp\/v2\/media?parent=53011"}],"wp:term":[{"taxonomy":"product_brand","embeddable":true,"href":"https:\/\/sneeboer.com\/de\/wp-json\/wp\/v2\/product_brand?post=53011"},{"taxonomy":"product_cat","embeddable":true,"href":"https:\/\/sneeboer.com\/de\/wp-json\/wp\/v2\/product_cat?post=53011"},{"taxonomy":"product_tag","embeddable":true,"href":"https:\/\/sneeboer.com\/de\/wp-json\/wp\/v2\/product_tag?post=53011"},{"taxonomy":"weeds","embeddable":true,"href":"https:\/\/sneeboer.com\/de\/wp-json\/wp\/v2\/weeds?post=53011"},{"taxonomy":"soil_types","embeddable":true,"href":"https:\/\/sneeboer.com\/de\/wp-json\/wp\/v2\/soil_types?post=53011"}],"curies":[{"name":"wp","href":"https:\/\/api.w.org\/{rel}","templated":true}]}}