{"id":52975,"date":"2023-05-09T21:18:20","date_gmt":"2023-05-09T19:18:20","guid":{"rendered":"https:\/\/testsite.sneeboer.com\/tuingereedschap\/kartoffelschaufel"},"modified":"2023-08-28T15:11:20","modified_gmt":"2023-08-28T13:11:20","slug":"kartoffelschaufel","status":"publish","type":"product","link":"https:\/\/sneeboer.com\/de\/handgeschmiedete-gartengeraete\/kartoffelschaufel","title":{"rendered":"Kartoffelschaufel"},"content":{"rendered":"<p>Das Blatt ist beidseitig gesch\u00e4rft, so dass diese Schaufel sowohl von Links- als auch von Rechtsh\u00e4ndern problemlos verwendet werden kann. Um ein genaues und bequemes Arbeiten auf den Knien und in Pflanzenn\u00e4he zu erm\u00f6glichen, ist der Stiel der Kartoffel-\/Blumenzwiebelschaufel relativ kurz gehalten. Auf diese Weise werden die Pflanzen bei der Ernte nicht besch\u00e4digt.<\/p>\n","protected":false},"excerpt":{"rendered":"<p>Die Kartoffel-\/Blumenzwiebelschaufel ist perfekt f\u00fcr bodennahes Arbeiten geeignet. Das breite, spitze Schaufelblatt weist im Verh\u00e4ltnis zur Gr\u00f6\u00dfe der Schaufel eine gro\u00dfe Oberfl\u00e4che auf, so dass sie m\u00fchelos in den Boden eindringen kann. Traditionell wird diese Schaufel zum Ernten von Zwiebeln und Kartoffeln verwendet, aber sie eignet sich auch gut zum Ausheben von Pflanzl\u00f6chern in Rabatten und Hochbeeten.<\/p>\n","protected":false},"featured_media":18306,"comment_status":"closed","ping_status":"closed","template":"","meta":{"inline_featured_image":false,"product_video_url":"","product_360_url":""},"product_brand":[],"product_cat":[152],"product_tag":[331,503,523],"weeds":[],"soil_types":[],"class_list":{"0":"post-52975","1":"product","2":"type-product","3":"status-publish","4":"has-post-thumbnail","6":"product_cat-schaufel","7":"product_tag-graben","8":"product_tag-schaufeln","9":"product_tag-umpflanzen","10":"post","12":"first","13":"instock","14":"taxable","15":"shipping-taxable","16":"purchasable","17":"product-type-simple"},"exclude_global_add_ons":false,"addons":[{"name":"Gravur","type":"custom_text","position":0,"required":false,"title_format":"heading","default":"","description_enable":true,"description":"Geben Sie bis zu 50 Zeichen ein.","placeholder_enable":false,"placeholder":"","display":"select","restrictions_type":"any_text","adjust_price":true,"price":"4.92","price_type":"quantity_based","restrictions":true,"min":"1","max":"50","options":[],"id":1684165753}],"_links":{"self":[{"href":"https:\/\/sneeboer.com\/de\/wp-json\/wp\/v2\/product\/52975","targetHints":{"allow":["GET"]}}],"collection":[{"href":"https:\/\/sneeboer.com\/de\/wp-json\/wp\/v2\/product"}],"about":[{"href":"https:\/\/sneeboer.com\/de\/wp-json\/wp\/v2\/types\/product"}],"replies":[{"embeddable":true,"href":"https:\/\/sneeboer.com\/de\/wp-json\/wp\/v2\/comments?post=52975"}],"wp:featuredmedia":[{"embeddable":true,"href":"https:\/\/sneeboer.com\/de\/wp-json\/wp\/v2\/media\/18306"}],"wp:attachment":[{"href":"https:\/\/sneeboer.com\/de\/wp-json\/wp\/v2\/media?parent=52975"}],"wp:term":[{"taxonomy":"product_brand","embeddable":true,"href":"https:\/\/sneeboer.com\/de\/wp-json\/wp\/v2\/product_brand?post=52975"},{"taxonomy":"product_cat","embeddable":true,"href":"https:\/\/sneeboer.com\/de\/wp-json\/wp\/v2\/product_cat?post=52975"},{"taxonomy":"product_tag","embeddable":true,"href":"https:\/\/sneeboer.com\/de\/wp-json\/wp\/v2\/product_tag?post=52975"},{"taxonomy":"weeds","embeddable":true,"href":"https:\/\/sneeboer.com\/de\/wp-json\/wp\/v2\/weeds?post=52975"},{"taxonomy":"soil_types","embeddable":true,"href":"https:\/\/sneeboer.com\/de\/wp-json\/wp\/v2\/soil_types?post=52975"}],"curies":[{"name":"wp","href":"https:\/\/api.w.org\/{rel}","templated":true}]}}