{"id":52957,"date":"2023-05-09T21:17:20","date_gmt":"2023-05-09T19:17:20","guid":{"rendered":"https:\/\/testsite.sneeboer.com\/tuingereedschap\/hollaendische-sandschaufel-24-cm-3"},"modified":"2024-11-29T06:28:19","modified_gmt":"2024-11-29T05:28:19","slug":"hollaendische-sandschaufel-24-cm-3","status":"publish","type":"product","link":"https:\/\/sneeboer.com\/de\/handgeschmiedete-gartengeraete\/hollaendische-sandschaufel-24-cm-3","title":{"rendered":"Holl\u00e4ndische Sandschaufel 24 cm"},"content":{"rendered":"<p>Kennzeichnend f\u00fcr eine Schaufel sind die Abmessungen des Blattes und dessen Winkel im Verh\u00e4ltnis zum Holzstiel. Aufgrund dieser Merkmale ist eine Schaufel besser zum Bewegen von Material geeignet als ein Spaten. Unser Sortiment umfasst diese Schaufel sowie ein Modell mit einem schmaleren Schaufelblatt, das einfacher zu handhaben ist. Wir bieten eine gro\u00dfe Auswahl an Eschenholzstielen in verschiedenen L\u00e4ngen an und haben sogar eine Variante im Programm, bei der sowohl das Schaufelblatt als auch der Stiel aus rostfreiem Stahl gefertigt sind.<\/p>\n","protected":false},"excerpt":{"rendered":"<p>Die klassische holl\u00e4ndische Sandschaufel, im Niederl\u00e4ndischen auch als \u201eBats\u201c bezeichnet, eignet sich perfekt zum Bewegen von losem Material wie Sand, Kies, Erde, Holzsp\u00e4nen und vielen anderen Materialien mit gr\u00f6\u00dferem Volumen. Diese Schaufel ist auch mit einem schmaleren Blatt erh\u00e4ltlich.<\/p>\n","protected":false},"featured_media":18207,"comment_status":"closed","ping_status":"closed","template":"","meta":{"inline_featured_image":false,"product_video_url":"","product_360_url":""},"product_brand":[],"product_cat":[152],"product_tag":[503],"weeds":[],"soil_types":[],"class_list":{"0":"post-52957","1":"product","2":"type-product","3":"status-publish","4":"has-post-thumbnail","6":"product_cat-schaufel","7":"product_tag-schaufeln","8":"post","10":"first","11":"instock","12":"taxable","13":"shipping-taxable","14":"purchasable","15":"product-type-simple"},"exclude_global_add_ons":false,"addons":[{"name":"Gravur","type":"custom_text","position":0,"required":false,"title_format":"heading","default":"","description_enable":true,"description":"Geben Sie bis zu 50 Zeichen ein.","placeholder_enable":false,"placeholder":"","display":"select","restrictions_type":"any_text","adjust_price":true,"price":"4.92","price_type":"quantity_based","restrictions":true,"min":"1","max":"50","options":[],"id":1684165753}],"_links":{"self":[{"href":"https:\/\/sneeboer.com\/de\/wp-json\/wp\/v2\/product\/52957","targetHints":{"allow":["GET"]}}],"collection":[{"href":"https:\/\/sneeboer.com\/de\/wp-json\/wp\/v2\/product"}],"about":[{"href":"https:\/\/sneeboer.com\/de\/wp-json\/wp\/v2\/types\/product"}],"replies":[{"embeddable":true,"href":"https:\/\/sneeboer.com\/de\/wp-json\/wp\/v2\/comments?post=52957"}],"wp:featuredmedia":[{"embeddable":true,"href":"https:\/\/sneeboer.com\/de\/wp-json\/wp\/v2\/media\/18207"}],"wp:attachment":[{"href":"https:\/\/sneeboer.com\/de\/wp-json\/wp\/v2\/media?parent=52957"}],"wp:term":[{"taxonomy":"product_brand","embeddable":true,"href":"https:\/\/sneeboer.com\/de\/wp-json\/wp\/v2\/product_brand?post=52957"},{"taxonomy":"product_cat","embeddable":true,"href":"https:\/\/sneeboer.com\/de\/wp-json\/wp\/v2\/product_cat?post=52957"},{"taxonomy":"product_tag","embeddable":true,"href":"https:\/\/sneeboer.com\/de\/wp-json\/wp\/v2\/product_tag?post=52957"},{"taxonomy":"weeds","embeddable":true,"href":"https:\/\/sneeboer.com\/de\/wp-json\/wp\/v2\/weeds?post=52957"},{"taxonomy":"soil_types","embeddable":true,"href":"https:\/\/sneeboer.com\/de\/wp-json\/wp\/v2\/soil_types?post=52957"}],"curies":[{"name":"wp","href":"https:\/\/api.w.org\/{rel}","templated":true}]}}