{"id":52768,"date":"2023-05-09T21:00:52","date_gmt":"2023-05-09T19:00:52","guid":{"rendered":"https:\/\/testsite.sneeboer.com\/tuingereedschap\/schmaler-spaten-mit-tritt"},"modified":"2025-09-13T09:14:35","modified_gmt":"2025-09-13T07:14:35","slug":"schmaler-spaten-mit-tritt","status":"publish","type":"product","link":"https:\/\/sneeboer.com\/de\/handgeschmiedete-gartengeraete\/schmaler-spaten-mit-tritt","title":{"rendered":"Schmaler Spaten mit Tritt"},"content":{"rendered":"<p>Das Spatenblatt ist an der schmalen Seite gekr\u00fcmmt, um ihm St\u00e4rke zu verleihen und ein Brechen beim Graben zu verhindern. Au\u00dferdem ist der Winkel zwischen Blatt und Stiel speziell darauf ausgerichtet, die Arbeit mit dem Spaten komfortabler zu machen. Dank Form und Winkel des Blattes eignet sich der schmale Spaten hervorragend zum Graben im Boden, jedoch nicht zum Aufnehmen oder Schaufeln von losem Material. Dieser schmale Spaten verf\u00fcgt \u00fcber eine 28,5 x 11,5 cm gro\u00dfe Klinge aus rostfreiem Stahl sowie einen Griff aus Eschenholz, der in verschiedenen Gr\u00f6\u00dfen erh\u00e4ltlich ist. Zudem ist er optional mit einem Auftritt erh\u00e4ltlich, der die Schuhe beim Graben sch\u00fctzt.<\/p>\n","protected":false},"excerpt":{"rendered":"<p>Aufgrund des schmalen Blattes eignet sich dieser Spaten gut zum Graben, zum Teilen von B\u00fcschen und f\u00fcr Arbeiten auf engem Raum. Da das Blatt schmaler ist als das eines herk\u00f6mmlichen Spatens, wird weniger Kraft ben\u00f6tigt, um es tief in den Boden zu treiben. Das handgeschmiedete, gesch\u00e4rfte Blatt erm\u00f6glicht ein m\u00fcheloses Graben.<\/p>\n","protected":false},"featured_media":16834,"comment_status":"closed","ping_status":"closed","template":"","meta":{"inline_featured_image":false,"product_video_url":"","product_360_url":""},"product_brand":[],"product_cat":[157],"product_tag":[493,331,523],"weeds":[],"soil_types":[],"class_list":{"0":"post-52768","1":"product","2":"type-product","3":"status-publish","4":"has-post-thumbnail","6":"product_cat-spaten","7":"product_tag-bepflanzung","8":"product_tag-graben","9":"product_tag-umpflanzen","10":"post","12":"first","13":"instock","14":"taxable","15":"shipping-taxable","16":"purchasable","17":"product-type-simple"},"exclude_global_add_ons":false,"addons":[{"name":"Gravur","type":"custom_text","position":0,"required":false,"title_format":"heading","default":"","description_enable":true,"description":"Geben Sie bis zu 50 Zeichen ein.","placeholder_enable":false,"placeholder":"","display":"select","restrictions_type":"any_text","adjust_price":true,"price":"4.92","price_type":"quantity_based","restrictions":true,"min":"1","max":"50","options":[],"id":1684165753}],"_links":{"self":[{"href":"https:\/\/sneeboer.com\/de\/wp-json\/wp\/v2\/product\/52768","targetHints":{"allow":["GET"]}}],"collection":[{"href":"https:\/\/sneeboer.com\/de\/wp-json\/wp\/v2\/product"}],"about":[{"href":"https:\/\/sneeboer.com\/de\/wp-json\/wp\/v2\/types\/product"}],"replies":[{"embeddable":true,"href":"https:\/\/sneeboer.com\/de\/wp-json\/wp\/v2\/comments?post=52768"}],"wp:featuredmedia":[{"embeddable":true,"href":"https:\/\/sneeboer.com\/de\/wp-json\/wp\/v2\/media\/16834"}],"wp:attachment":[{"href":"https:\/\/sneeboer.com\/de\/wp-json\/wp\/v2\/media?parent=52768"}],"wp:term":[{"taxonomy":"product_brand","embeddable":true,"href":"https:\/\/sneeboer.com\/de\/wp-json\/wp\/v2\/product_brand?post=52768"},{"taxonomy":"product_cat","embeddable":true,"href":"https:\/\/sneeboer.com\/de\/wp-json\/wp\/v2\/product_cat?post=52768"},{"taxonomy":"product_tag","embeddable":true,"href":"https:\/\/sneeboer.com\/de\/wp-json\/wp\/v2\/product_tag?post=52768"},{"taxonomy":"weeds","embeddable":true,"href":"https:\/\/sneeboer.com\/de\/wp-json\/wp\/v2\/weeds?post=52768"},{"taxonomy":"soil_types","embeddable":true,"href":"https:\/\/sneeboer.com\/de\/wp-json\/wp\/v2\/soil_types?post=52768"}],"curies":[{"name":"wp","href":"https:\/\/api.w.org\/{rel}","templated":true}]}}