{"id":52525,"date":"2023-05-09T20:44:43","date_gmt":"2023-05-09T18:44:43","guid":{"rendered":"https:\/\/testsite.sneeboer.com\/tuingereedschap\/handhacke"},"modified":"2026-03-22T13:46:17","modified_gmt":"2026-03-22T12:46:17","slug":"handhacke","status":"publish","type":"product","link":"https:\/\/sneeboer.com\/de\/handgeschmiedete-gartengeraete\/handhacke","title":{"rendered":"Handhacke"},"content":{"rendered":"<p>Das Ger\u00e4t verf\u00fcgt sowohl an den Seiten als auch an der Vorderseite \u00fcber Schneidkanten. Die seitlichen Schneiden sind ca. 5 cm und die vorderen ca. 3 cm lang. Die Handhacke wird mit einem Griff aus Eschen- oder Kirschholz geliefert.<\/p>\n","protected":false},"excerpt":{"rendered":"<p>Die Handhabung der Handhacke ist ein wahres Vergn\u00fcgen. Sie ist ideal zum J\u00e4ten von Unkraut im Garten oder zum Ausheben von Pflanzl\u00f6chern in weichen B\u00f6den geeignet. Das clevere Design bietet viele Einsatzm\u00f6glichkeiten und Funktionen. Die Handhacke hat drei scharfe Schneidkanten, so dass sie Unkraut m\u00fchelos in jede Richtung durchtrennen kann. Dank der gesch\u00e4rften Spitze l\u00e4sst sich das Ger\u00e4t leichter in den Boden treiben, um Wurzeln zu durchtrennen oder Pflanzl\u00f6cher auszuheben.<\/p>\n","protected":false},"featured_media":15052,"comment_status":"closed","ping_status":"closed","template":"","meta":{"inline_featured_image":false,"product_video_url":"","product_360_url":""},"product_brand":[],"product_cat":[104,202],"product_tag":[493,331,523,531],"weeds":[],"soil_types":[],"class_list":{"0":"post-52525","1":"product","2":"type-product","3":"status-publish","4":"has-post-thumbnail","6":"product_cat-handgeraete","7":"product_cat-unkrautentfernung","8":"product_tag-bepflanzung","9":"product_tag-graben","10":"product_tag-umpflanzen","11":"product_tag-unkraut-entfernen","12":"post","14":"first","15":"instock","16":"taxable","17":"shipping-taxable","18":"purchasable","19":"product-type-simple"},"exclude_global_add_ons":false,"addons":[{"name":"Gravur","type":"custom_text","position":0,"required":false,"title_format":"heading","default":"","description_enable":true,"description":"Geben Sie bis zu 50 Zeichen ein.","placeholder_enable":false,"placeholder":"","display":"select","restrictions_type":"any_text","adjust_price":true,"price":"4.92","price_type":"quantity_based","restrictions":true,"min":"1","max":"50","options":[],"id":1684165753}],"_links":{"self":[{"href":"https:\/\/sneeboer.com\/de\/wp-json\/wp\/v2\/product\/52525","targetHints":{"allow":["GET"]}}],"collection":[{"href":"https:\/\/sneeboer.com\/de\/wp-json\/wp\/v2\/product"}],"about":[{"href":"https:\/\/sneeboer.com\/de\/wp-json\/wp\/v2\/types\/product"}],"replies":[{"embeddable":true,"href":"https:\/\/sneeboer.com\/de\/wp-json\/wp\/v2\/comments?post=52525"}],"wp:featuredmedia":[{"embeddable":true,"href":"https:\/\/sneeboer.com\/de\/wp-json\/wp\/v2\/media\/15052"}],"wp:attachment":[{"href":"https:\/\/sneeboer.com\/de\/wp-json\/wp\/v2\/media?parent=52525"}],"wp:term":[{"taxonomy":"product_brand","embeddable":true,"href":"https:\/\/sneeboer.com\/de\/wp-json\/wp\/v2\/product_brand?post=52525"},{"taxonomy":"product_cat","embeddable":true,"href":"https:\/\/sneeboer.com\/de\/wp-json\/wp\/v2\/product_cat?post=52525"},{"taxonomy":"product_tag","embeddable":true,"href":"https:\/\/sneeboer.com\/de\/wp-json\/wp\/v2\/product_tag?post=52525"},{"taxonomy":"weeds","embeddable":true,"href":"https:\/\/sneeboer.com\/de\/wp-json\/wp\/v2\/weeds?post=52525"},{"taxonomy":"soil_types","embeddable":true,"href":"https:\/\/sneeboer.com\/de\/wp-json\/wp\/v2\/soil_types?post=52525"}],"curies":[{"name":"wp","href":"https:\/\/api.w.org\/{rel}","templated":true}]}}