{"id":52462,"date":"2023-05-09T20:40:56","date_gmt":"2023-05-09T18:40:56","guid":{"rendered":"https:\/\/testsite.sneeboer.com\/tuingereedschap\/archaeologenkelle"},"modified":"2025-12-18T12:38:39","modified_gmt":"2025-12-18T11:38:39","slug":"archaeologenkelle","status":"publish","type":"product","link":"https:\/\/sneeboer.com\/de\/handgeschmiedete-gartengeraete\/archaeologenkelle","title":{"rendered":"Arch\u00e4ologenkelle"},"content":{"rendered":"<p>Die Arch\u00e4ologiekelle ist mit einem komfortablen Griff aus Eschenholz erh\u00e4ltlich. Das Blatt ist so am Griff angebracht, dass nur ein Minimum an Druck auf das Handgelenk ausge\u00fcbt werden muss, was auch \u00fcber l\u00e4ngere Zeitr\u00e4ume hinweg ein m\u00fcheloses Arbeiten erm\u00f6glicht.<\/p>\n","protected":false},"excerpt":{"rendered":"<p>Die Arch\u00e4ologenkelle ist ideal zum Durchtrennen von verdichteter Erde und br\u00fcchigen Sedimenten und damit das perfekte Werkzeug f\u00fcr arch\u00e4ologische Ausgrabungen. Das Blatt aus geh\u00e4rtetem, rostfreiem Stahl ist handgeschmiedet und l\u00e4uft nach vorne hin spitz zu, was ihm Flexibilit\u00e4t und St\u00e4rke verleiht. Aufgrund ihrer geringen Gr\u00f6\u00dfe eignet sich diese Kelle perfekt f\u00fcr Pr\u00e4zisionsarbeiten.<\/p>\n","protected":false},"featured_media":60878,"comment_status":"closed","ping_status":"closed","template":"","meta":{"inline_featured_image":false,"product_video_url":"","product_360_url":""},"product_brand":[],"product_cat":[104,175],"product_tag":[],"weeds":[],"soil_types":[],"class_list":{"0":"post-52462","1":"product","2":"type-product","3":"status-publish","4":"has-post-thumbnail","6":"product_cat-handgeraete","7":"product_cat-spezial-geraete","8":"post","10":"first","11":"instock","12":"taxable","13":"shipping-taxable","14":"purchasable","15":"product-type-simple"},"exclude_global_add_ons":false,"addons":[{"name":"Gravur","type":"custom_text","position":0,"required":false,"title_format":"heading","default":"","description_enable":true,"description":"Geben Sie bis zu 50 Zeichen ein.","placeholder_enable":false,"placeholder":"","display":"select","restrictions_type":"any_text","adjust_price":true,"price":"4.92","price_type":"quantity_based","restrictions":true,"min":"1","max":"50","options":[],"id":1684165753}],"_links":{"self":[{"href":"https:\/\/sneeboer.com\/de\/wp-json\/wp\/v2\/product\/52462","targetHints":{"allow":["GET"]}}],"collection":[{"href":"https:\/\/sneeboer.com\/de\/wp-json\/wp\/v2\/product"}],"about":[{"href":"https:\/\/sneeboer.com\/de\/wp-json\/wp\/v2\/types\/product"}],"replies":[{"embeddable":true,"href":"https:\/\/sneeboer.com\/de\/wp-json\/wp\/v2\/comments?post=52462"}],"wp:featuredmedia":[{"embeddable":true,"href":"https:\/\/sneeboer.com\/de\/wp-json\/wp\/v2\/media\/60878"}],"wp:attachment":[{"href":"https:\/\/sneeboer.com\/de\/wp-json\/wp\/v2\/media?parent=52462"}],"wp:term":[{"taxonomy":"product_brand","embeddable":true,"href":"https:\/\/sneeboer.com\/de\/wp-json\/wp\/v2\/product_brand?post=52462"},{"taxonomy":"product_cat","embeddable":true,"href":"https:\/\/sneeboer.com\/de\/wp-json\/wp\/v2\/product_cat?post=52462"},{"taxonomy":"product_tag","embeddable":true,"href":"https:\/\/sneeboer.com\/de\/wp-json\/wp\/v2\/product_tag?post=52462"},{"taxonomy":"weeds","embeddable":true,"href":"https:\/\/sneeboer.com\/de\/wp-json\/wp\/v2\/weeds?post=52462"},{"taxonomy":"soil_types","embeddable":true,"href":"https:\/\/sneeboer.com\/de\/wp-json\/wp\/v2\/soil_types?post=52462"}],"curies":[{"name":"wp","href":"https:\/\/api.w.org\/{rel}","templated":true}]}}