{"id":52453,"date":"2023-05-09T20:40:22","date_gmt":"2023-05-09T18:40:22","guid":{"rendered":"https:\/\/testsite.sneeboer.com\/tuingereedschap\/pflanzspaten-klein"},"modified":"2025-11-03T12:09:52","modified_gmt":"2025-11-03T11:09:52","slug":"pflanzspaten-klein","status":"publish","type":"product","link":"https:\/\/sneeboer.com\/de\/handgeschmiedete-gartengeraete\/pflanzspaten-klein","title":{"rendered":"Pflanzspaten klein"},"content":{"rendered":"<p>Die geringe Gr\u00f6\u00dfe des kleinen Pflanzspatens stellt sicher, dass selbst in dicht bepflanzten Beeten oder G\u00e4rten mit Pr\u00e4zision gearbeitet werden kann. So lassen sich Pflanzen entfernen, ohne andere dabei zu besch\u00e4digen. Der kleine Pflanzspaten wird mit einem Griff aus Eschenholz geliefert.<\/p>\n","protected":false},"excerpt":{"rendered":"<p>Dieser kleine Pflanzspaten ist eine handlichere Version unseres gr\u00f6\u00dferen Pflanzspatens, der so dimensioniert ist, dass bei Arbeiten auf den Knien und in Bodenn\u00e4he immer noch gen\u00fcgend Kraft aufgewandt werden kann. Dank dieses Designs lassen sich Wurzeln leicht durchtrennen, was das Umpflanzen zu einem Kinderspiel macht.<\/p>\n","protected":false},"featured_media":14674,"comment_status":"closed","ping_status":"closed","template":"","meta":{"inline_featured_image":false,"product_video_url":"","product_360_url":""},"product_brand":[],"product_cat":[104,157],"product_tag":[493,331,523],"weeds":[],"soil_types":[],"class_list":{"0":"post-52453","1":"product","2":"type-product","3":"status-publish","4":"has-post-thumbnail","6":"product_cat-handgeraete","7":"product_cat-spaten","8":"product_tag-bepflanzung","9":"product_tag-graben","10":"product_tag-umpflanzen","11":"post","13":"first","14":"instock","15":"taxable","16":"shipping-taxable","17":"purchasable","18":"product-type-simple"},"exclude_global_add_ons":false,"addons":[{"name":"Gravur","type":"custom_text","position":0,"required":false,"title_format":"heading","default":"","description_enable":true,"description":"Geben Sie bis zu 50 Zeichen ein.","placeholder_enable":false,"placeholder":"","display":"select","restrictions_type":"any_text","adjust_price":true,"price":"4.92","price_type":"quantity_based","restrictions":true,"min":"1","max":"50","options":[],"id":1684165753}],"_links":{"self":[{"href":"https:\/\/sneeboer.com\/de\/wp-json\/wp\/v2\/product\/52453","targetHints":{"allow":["GET"]}}],"collection":[{"href":"https:\/\/sneeboer.com\/de\/wp-json\/wp\/v2\/product"}],"about":[{"href":"https:\/\/sneeboer.com\/de\/wp-json\/wp\/v2\/types\/product"}],"replies":[{"embeddable":true,"href":"https:\/\/sneeboer.com\/de\/wp-json\/wp\/v2\/comments?post=52453"}],"wp:featuredmedia":[{"embeddable":true,"href":"https:\/\/sneeboer.com\/de\/wp-json\/wp\/v2\/media\/14674"}],"wp:attachment":[{"href":"https:\/\/sneeboer.com\/de\/wp-json\/wp\/v2\/media?parent=52453"}],"wp:term":[{"taxonomy":"product_brand","embeddable":true,"href":"https:\/\/sneeboer.com\/de\/wp-json\/wp\/v2\/product_brand?post=52453"},{"taxonomy":"product_cat","embeddable":true,"href":"https:\/\/sneeboer.com\/de\/wp-json\/wp\/v2\/product_cat?post=52453"},{"taxonomy":"product_tag","embeddable":true,"href":"https:\/\/sneeboer.com\/de\/wp-json\/wp\/v2\/product_tag?post=52453"},{"taxonomy":"weeds","embeddable":true,"href":"https:\/\/sneeboer.com\/de\/wp-json\/wp\/v2\/weeds?post=52453"},{"taxonomy":"soil_types","embeddable":true,"href":"https:\/\/sneeboer.com\/de\/wp-json\/wp\/v2\/soil_types?post=52453"}],"curies":[{"name":"wp","href":"https:\/\/api.w.org\/{rel}","templated":true}]}}