{"id":52381,"date":"2023-05-09T20:35:52","date_gmt":"2023-05-09T18:35:52","guid":{"rendered":"https:\/\/testsite.sneeboer.com\/tuingereedschap\/pflanzkelle-4"},"modified":"2024-12-18T21:38:40","modified_gmt":"2024-12-18T20:38:40","slug":"pflanzkelle-4","status":"publish","type":"product","link":"https:\/\/sneeboer.com\/de\/handgeschmiedete-gartengeraete\/pflanzkelle-4","title":{"rendered":"Pflanzkelle"},"content":{"rendered":"<p>Im Jahr 2010 wurde Sneeboer von der deutschen Brauerei Warsteiner gebeten, ein besonderes und exklusives Werbegeschenk zu entwickeln. Als Basis f\u00fcr dieses neue Werkzeug diente die klassische Pflanzkelle, die hierf\u00fcr mit einem Flaschen\u00f6ffner im Blatt versehen wurde. So tr\u00e4gt dieses praktische Gartenger\u00e4t dar\u00fcber hinaus dazu bei, den Durst nach oder w\u00e4hrend anstrengender Arbeit zu stillen. Die Kelle ist mit einem Griff aus Eschen- oder Kirschholz erh\u00e4ltlich.<\/p>\n","protected":false},"excerpt":{"rendered":"<p>Die Pflanzkelle ist nicht nur das traditionsreichste Ger\u00e4t von Sneeboer, wenn es ums Umpflanzen geht, sondern auch eine n\u00fctzliche Erg\u00e4nzung jeder Gartenausr\u00fcstung. Das scharfe, starke Blatt dringt leicht in den Boden ein, so dass sich zahlreiche Aufgaben wie das Umpflanzen von Pflanzen oder das Anlegen von Pflanzl\u00f6chern leicht erledigen lassen. Der Griff ist so positioniert, dass die Kraft effizient vom Arm in den zu bearbeitenden Boden geleitet wird. Harte Arbeit muss sich auszahlen, deshalb haben wir einen Flaschen\u00f6ffner in das Blatt der Kelle eingebaut. Prost!<\/p>\n","protected":false},"featured_media":61120,"comment_status":"closed","ping_status":"closed","template":"","meta":{"inline_featured_image":false,"product_video_url":"","product_360_url":"\/wp-content\/uploads\/2025\/10\/4075-140250\/4075_140250.xml"},"product_brand":[],"product_cat":[220,104,184],"product_tag":[493,499,331,523],"weeds":[],"soil_types":[],"class_list":{"0":"post-52381","1":"product","2":"type-product","3":"status-publish","4":"has-post-thumbnail","6":"product_cat-grundausstattung","7":"product_cat-handgeraete","8":"product_cat-kelle","9":"product_tag-bepflanzung","10":"product_tag-eintopfen","11":"product_tag-graben","12":"product_tag-umpflanzen","13":"post","15":"first","16":"instock","17":"taxable","18":"shipping-taxable","19":"purchasable","20":"product-type-simple"},"exclude_global_add_ons":false,"addons":[{"name":"Gravur","type":"custom_text","position":0,"required":false,"title_format":"heading","default":"","description_enable":true,"description":"Geben Sie bis zu 50 Zeichen ein.","placeholder_enable":false,"placeholder":"","display":"select","restrictions_type":"any_text","adjust_price":true,"price":"4.92","price_type":"quantity_based","restrictions":true,"min":"1","max":"50","options":[],"id":1684165753}],"_links":{"self":[{"href":"https:\/\/sneeboer.com\/de\/wp-json\/wp\/v2\/product\/52381","targetHints":{"allow":["GET"]}}],"collection":[{"href":"https:\/\/sneeboer.com\/de\/wp-json\/wp\/v2\/product"}],"about":[{"href":"https:\/\/sneeboer.com\/de\/wp-json\/wp\/v2\/types\/product"}],"replies":[{"embeddable":true,"href":"https:\/\/sneeboer.com\/de\/wp-json\/wp\/v2\/comments?post=52381"}],"wp:featuredmedia":[{"embeddable":true,"href":"https:\/\/sneeboer.com\/de\/wp-json\/wp\/v2\/media\/61120"}],"wp:attachment":[{"href":"https:\/\/sneeboer.com\/de\/wp-json\/wp\/v2\/media?parent=52381"}],"wp:term":[{"taxonomy":"product_brand","embeddable":true,"href":"https:\/\/sneeboer.com\/de\/wp-json\/wp\/v2\/product_brand?post=52381"},{"taxonomy":"product_cat","embeddable":true,"href":"https:\/\/sneeboer.com\/de\/wp-json\/wp\/v2\/product_cat?post=52381"},{"taxonomy":"product_tag","embeddable":true,"href":"https:\/\/sneeboer.com\/de\/wp-json\/wp\/v2\/product_tag?post=52381"},{"taxonomy":"weeds","embeddable":true,"href":"https:\/\/sneeboer.com\/de\/wp-json\/wp\/v2\/weeds?post=52381"},{"taxonomy":"soil_types","embeddable":true,"href":"https:\/\/sneeboer.com\/de\/wp-json\/wp\/v2\/soil_types?post=52381"}],"curies":[{"name":"wp","href":"https:\/\/api.w.org\/{rel}","templated":true}]}}