{"id":52327,"date":"2023-05-09T20:28:03","date_gmt":"2023-05-09T18:28:03","guid":{"rendered":"https:\/\/testsite.sneeboer.com\/tuingereedschap\/kelle-herzmodel-2"},"modified":"2023-09-22T16:19:06","modified_gmt":"2023-09-22T14:19:06","slug":"kelle-herzmodel-2","status":"publish","type":"product","link":"https:\/\/sneeboer.com\/de\/handgeschmiedete-gartengeraete\/kelle-herzmodel-2","title":{"rendered":"Herzf\u00f6rmige Kelle"},"content":{"rendered":"<p>Mit der herzf\u00f6rmigen Kelle k\u00f6nnen Sie Ihren Liebsten ein Geschenk machen, das ihnen stets im Ged\u00e4chtnis bleiben wird. Sie ist in einer sch\u00f6nen Geschenkschachtel erh\u00e4ltlich und kann mit einer pers\u00f6nlichen Gravur versehen werden, um sie noch au\u00dfergew\u00f6hnlicher zu machen. Dies macht die herzf\u00f6rmige Kelle zum idealen Geschenk, um die Liebe zum G\u00e4rtner oder zur G\u00e4rtnerin in eine gemeinsame Liebe f\u00fcr den Garten zu verwandeln. Die herzf\u00f6rmige Kelle ist mit einem Griff aus Eschen- oder Kirschholz in verschiedenen Gr\u00f6\u00dfen und Formen erh\u00e4ltlich.<\/p>\n","protected":false},"excerpt":{"rendered":"<p>Die einzigartige herzf\u00f6rmige Kelle tr\u00e4gt nicht nur der Romantik Rechnung, sondern ist auch genauso n\u00fctzlich wie jede andere Kelle. Das scharfe, spitze Blatt dringt leicht in die Erde ein und ist daher ideal, um Blumenzwiebeln zu pflanzen, Steine auszugraben, Pflanzl\u00f6cher zu ziehen sowie viele andere Gartenarbeiten zu verrichten.<\/p>\n","protected":false},"featured_media":61085,"comment_status":"closed","ping_status":"closed","template":"","meta":{"inline_featured_image":false,"product_video_url":"","product_360_url":"\/wp-content\/uploads\/2025\/10\/4030-140250\/4030_140250.xml"},"product_brand":[],"product_cat":[104,184],"product_tag":[493,331],"weeds":[],"soil_types":[],"class_list":{"0":"post-52327","1":"product","2":"type-product","3":"status-publish","4":"has-post-thumbnail","6":"product_cat-handgeraete","7":"product_cat-kelle","8":"product_tag-bepflanzung","9":"product_tag-graben","10":"post","12":"first","13":"instock","14":"taxable","15":"shipping-taxable","16":"purchasable","17":"product-type-simple"},"exclude_global_add_ons":false,"addons":[{"name":"Gravur","type":"custom_text","position":0,"required":false,"title_format":"heading","default":"","description_enable":true,"description":"Geben Sie bis zu 50 Zeichen ein.","placeholder_enable":false,"placeholder":"","display":"select","restrictions_type":"any_text","adjust_price":true,"price":"4.92","price_type":"quantity_based","restrictions":true,"min":"1","max":"50","options":[],"id":1684165753}],"_links":{"self":[{"href":"https:\/\/sneeboer.com\/de\/wp-json\/wp\/v2\/product\/52327","targetHints":{"allow":["GET"]}}],"collection":[{"href":"https:\/\/sneeboer.com\/de\/wp-json\/wp\/v2\/product"}],"about":[{"href":"https:\/\/sneeboer.com\/de\/wp-json\/wp\/v2\/types\/product"}],"replies":[{"embeddable":true,"href":"https:\/\/sneeboer.com\/de\/wp-json\/wp\/v2\/comments?post=52327"}],"wp:featuredmedia":[{"embeddable":true,"href":"https:\/\/sneeboer.com\/de\/wp-json\/wp\/v2\/media\/61085"}],"wp:attachment":[{"href":"https:\/\/sneeboer.com\/de\/wp-json\/wp\/v2\/media?parent=52327"}],"wp:term":[{"taxonomy":"product_brand","embeddable":true,"href":"https:\/\/sneeboer.com\/de\/wp-json\/wp\/v2\/product_brand?post=52327"},{"taxonomy":"product_cat","embeddable":true,"href":"https:\/\/sneeboer.com\/de\/wp-json\/wp\/v2\/product_cat?post=52327"},{"taxonomy":"product_tag","embeddable":true,"href":"https:\/\/sneeboer.com\/de\/wp-json\/wp\/v2\/product_tag?post=52327"},{"taxonomy":"weeds","embeddable":true,"href":"https:\/\/sneeboer.com\/de\/wp-json\/wp\/v2\/weeds?post=52327"},{"taxonomy":"soil_types","embeddable":true,"href":"https:\/\/sneeboer.com\/de\/wp-json\/wp\/v2\/soil_types?post=52327"}],"curies":[{"name":"wp","href":"https:\/\/api.w.org\/{rel}","templated":true}]}}