{"id":52309,"date":"2023-05-09T20:26:32","date_gmt":"2023-05-09T18:26:32","guid":{"rendered":"https:\/\/testsite.sneeboer.com\/tuingereedschap\/topfkelle-rechtshaendig-2"},"modified":"2025-05-08T13:36:25","modified_gmt":"2025-05-08T11:36:25","slug":"topfkelle-rechtshaendig-2","status":"publish","type":"product","link":"https:\/\/sneeboer.com\/de\/handgeschmiedete-gartengeraete\/topfkelle-rechtshaendig-2","title":{"rendered":"Topfkelle rechtsh\u00e4ndig"},"content":{"rendered":"<p>Die Topfkelle ist in einer Ausf\u00fchrung f\u00fcr Links- und Rechtsh\u00e4nder sowie mit einem Griff aus Eschen- oder Kirschholz erh\u00e4ltlich.<\/p>\n","protected":false},"excerpt":{"rendered":"<p>Einen Topf oder Blumenkasten sauber mit Erde zu f\u00fcllen, ohne dabei viel zu versch\u00fctten, ist oft schwieriger als gedacht. Um G\u00e4rtnern dabei zu helfen, diese Herausforderung zu meistern, hat Sneeboer die Topfkelle entwickelt. Die Form des Blattes und seine Anordnung im Verh\u00e4ltnis zum Griff erm\u00f6glichen das pr\u00e4zise Aufnehmen und Auskippen von Material in einen Beh\u00e4lter beliebiger Gr\u00f6\u00dfe, ohne es dabei zu versch\u00fctten. Aufgrund des gebogenen Blattes kann die Kelle auch zum Verpflanzen kleinerer Pflanzen und zum Entfernen von Wurzeln verwendet werden, die in die por\u00f6sen W\u00e4nde der T\u00f6pfe eingewachsen sind.<\/p>\n","protected":false},"featured_media":13578,"comment_status":"closed","ping_status":"closed","template":"","meta":{"inline_featured_image":false,"product_video_url":"","product_360_url":""},"product_brand":[],"product_cat":[104,184],"product_tag":[493,499,531],"weeds":[],"soil_types":[],"class_list":{"0":"post-52309","1":"product","2":"type-product","3":"status-publish","4":"has-post-thumbnail","6":"product_cat-handgeraete","7":"product_cat-kelle","8":"product_tag-bepflanzung","9":"product_tag-eintopfen","10":"product_tag-unkraut-entfernen","11":"post","13":"first","14":"instock","15":"taxable","16":"shipping-taxable","17":"purchasable","18":"product-type-simple"},"exclude_global_add_ons":false,"addons":[{"name":"Gravur","type":"custom_text","position":0,"required":false,"title_format":"heading","default":"","description_enable":true,"description":"Geben Sie bis zu 50 Zeichen ein.","placeholder_enable":false,"placeholder":"","display":"select","restrictions_type":"any_text","adjust_price":true,"price":"4.92","price_type":"quantity_based","restrictions":true,"min":"1","max":"50","options":[],"id":1684165753}],"_links":{"self":[{"href":"https:\/\/sneeboer.com\/de\/wp-json\/wp\/v2\/product\/52309","targetHints":{"allow":["GET"]}}],"collection":[{"href":"https:\/\/sneeboer.com\/de\/wp-json\/wp\/v2\/product"}],"about":[{"href":"https:\/\/sneeboer.com\/de\/wp-json\/wp\/v2\/types\/product"}],"replies":[{"embeddable":true,"href":"https:\/\/sneeboer.com\/de\/wp-json\/wp\/v2\/comments?post=52309"}],"wp:featuredmedia":[{"embeddable":true,"href":"https:\/\/sneeboer.com\/de\/wp-json\/wp\/v2\/media\/13578"}],"wp:attachment":[{"href":"https:\/\/sneeboer.com\/de\/wp-json\/wp\/v2\/media?parent=52309"}],"wp:term":[{"taxonomy":"product_brand","embeddable":true,"href":"https:\/\/sneeboer.com\/de\/wp-json\/wp\/v2\/product_brand?post=52309"},{"taxonomy":"product_cat","embeddable":true,"href":"https:\/\/sneeboer.com\/de\/wp-json\/wp\/v2\/product_cat?post=52309"},{"taxonomy":"product_tag","embeddable":true,"href":"https:\/\/sneeboer.com\/de\/wp-json\/wp\/v2\/product_tag?post=52309"},{"taxonomy":"weeds","embeddable":true,"href":"https:\/\/sneeboer.com\/de\/wp-json\/wp\/v2\/weeds?post=52309"},{"taxonomy":"soil_types","embeddable":true,"href":"https:\/\/sneeboer.com\/de\/wp-json\/wp\/v2\/soil_types?post=52309"}],"curies":[{"name":"wp","href":"https:\/\/api.w.org\/{rel}","templated":true}]}}