{"id":52291,"date":"2023-05-09T20:25:20","date_gmt":"2023-05-09T18:25:20","guid":{"rendered":"https:\/\/testsite.sneeboer.com\/tuingereedschap\/pflanzkelle-3"},"modified":"2026-03-23T12:05:43","modified_gmt":"2026-03-23T11:05:43","slug":"pflanzkelle-3","status":"publish","type":"product","link":"https:\/\/sneeboer.com\/de\/handgeschmiedete-gartengeraete\/pflanzkelle-3","title":{"rendered":"Pflanzkelle halbrund"},"content":{"rendered":"<p>Zur Verst\u00e4rkung ist Blatt der halbrunden Pflanzkelle gebogen, was sie noch stabiler und robuster macht. Dank dieses cleveren Designs handelt es sich hierbei um ein \u00e4u\u00dferst ausgewogenen Ger\u00e4t, das f\u00fcr eine Vielzahl von Gartenarbeiten geeignet ist! Die Kelle ist mit einem Griff aus Eschen- oder Kirschholz in verschiedenen Gr\u00f6\u00dfen erh\u00e4ltlich.<\/p>\n","protected":false},"excerpt":{"rendered":"<p>Die halbrunde Pflanzkelle ist ein n\u00fctzliches Ger\u00e4t f\u00fcr jeden G\u00e4rtner. Das robuste, scharfe Blatt dringt leicht in den Boden ein und erm\u00f6glicht das pr\u00e4zise und m\u00fchelose Graben von Pflanzl\u00f6chern, das Durchtrennen von Wurzeln und das Schaufeln von Material.<\/p>\n","protected":false},"featured_media":61060,"comment_status":"closed","ping_status":"closed","template":"","meta":{"inline_featured_image":false,"product_video_url":"","product_360_url":""},"product_brand":[],"product_cat":[104,184],"product_tag":[493,331,531],"weeds":[],"soil_types":[],"class_list":{"0":"post-52291","1":"product","2":"type-product","3":"status-publish","4":"has-post-thumbnail","6":"product_cat-handgeraete","7":"product_cat-kelle","8":"product_tag-bepflanzung","9":"product_tag-graben","10":"product_tag-unkraut-entfernen","11":"post","13":"first","14":"instock","15":"taxable","16":"shipping-taxable","17":"purchasable","18":"product-type-simple"},"exclude_global_add_ons":false,"addons":[{"name":"Gravur","type":"custom_text","position":0,"required":false,"title_format":"heading","default":"","description_enable":true,"description":"Geben Sie bis zu 50 Zeichen ein.","placeholder_enable":false,"placeholder":"","display":"select","restrictions_type":"any_text","adjust_price":true,"price":"4.92","price_type":"quantity_based","restrictions":true,"min":"1","max":"50","options":[],"id":1684165753}],"_links":{"self":[{"href":"https:\/\/sneeboer.com\/de\/wp-json\/wp\/v2\/product\/52291","targetHints":{"allow":["GET"]}}],"collection":[{"href":"https:\/\/sneeboer.com\/de\/wp-json\/wp\/v2\/product"}],"about":[{"href":"https:\/\/sneeboer.com\/de\/wp-json\/wp\/v2\/types\/product"}],"replies":[{"embeddable":true,"href":"https:\/\/sneeboer.com\/de\/wp-json\/wp\/v2\/comments?post=52291"}],"wp:featuredmedia":[{"embeddable":true,"href":"https:\/\/sneeboer.com\/de\/wp-json\/wp\/v2\/media\/61060"}],"wp:attachment":[{"href":"https:\/\/sneeboer.com\/de\/wp-json\/wp\/v2\/media?parent=52291"}],"wp:term":[{"taxonomy":"product_brand","embeddable":true,"href":"https:\/\/sneeboer.com\/de\/wp-json\/wp\/v2\/product_brand?post=52291"},{"taxonomy":"product_cat","embeddable":true,"href":"https:\/\/sneeboer.com\/de\/wp-json\/wp\/v2\/product_cat?post=52291"},{"taxonomy":"product_tag","embeddable":true,"href":"https:\/\/sneeboer.com\/de\/wp-json\/wp\/v2\/product_tag?post=52291"},{"taxonomy":"weeds","embeddable":true,"href":"https:\/\/sneeboer.com\/de\/wp-json\/wp\/v2\/weeds?post=52291"},{"taxonomy":"soil_types","embeddable":true,"href":"https:\/\/sneeboer.com\/de\/wp-json\/wp\/v2\/soil_types?post=52291"}],"curies":[{"name":"wp","href":"https:\/\/api.w.org\/{rel}","templated":true}]}}