{"id":52185,"date":"2023-05-09T20:18:50","date_gmt":"2023-05-09T18:18:50","guid":{"rendered":"https:\/\/testsite.sneeboer.com\/tuingereedschap\/damengabel-3z"},"modified":"2025-05-04T23:12:55","modified_gmt":"2025-05-04T21:12:55","slug":"damengabel-3z","status":"publish","type":"product","link":"https:\/\/sneeboer.com\/de\/handgeschmiedete-gartengeraete\/damengabel-3z","title":{"rendered":"Damengabel 3z"},"content":{"rendered":"<p>Die kleine Gartengabel ist leichter zu handhaben als eine Grabegabel. Au\u00dferdem ist die Gabel in einem optimalen Winkel am Stiel angebracht, um die Handgelenke bei der Arbeit nicht zu belasten. Selbst in Lehm- oder Torfb\u00f6den lassen sich mit der kleinen Gartengabel Pflanzen ausgraben oder entfernen, ohne dass dabei empfindliche Wurzelsysteme besch\u00e4digt werden. Die kleine Gartengabel ist mit einem 90 cm langen T-Griff aus Eschenholz oder als Luxusversion mit einem T-Griff aus Eschenholz erh\u00e4ltlich.<\/p>\n","protected":false},"excerpt":{"rendered":"<p>Die kleine Gartengabel mit drei Zinken ist ideal zum Ernten, Umgraben und L\u00fcften des Bodens. Da die drei Zinken aus rostfreiem Stahl gesch\u00e4rft sind, l\u00e4sst sich die Gabel mit Leichtigkeit tief in den Boden treiben. Die kleine Gartengabel eignet sich perfekt zum Ernten oder Verpflanzen von Pflanzen oder B\u00e4umen, ohne dabei die Wurzeln zu besch\u00e4digen. Da diese Variante im Vergleich zu herk\u00f6mmlichen Gabeln nur drei Zinken hat, l\u00e4sst es sich mit ihr leicht und pr\u00e4zise arbeiten.<\/p>\n","protected":false},"featured_media":12984,"comment_status":"closed","ping_status":"closed","template":"","meta":{"inline_featured_image":false,"product_video_url":"","product_360_url":""},"product_brand":[],"product_cat":[193],"product_tag":[493,499,331,523],"weeds":[],"soil_types":[],"class_list":{"0":"post-52185","1":"product","2":"type-product","3":"status-publish","4":"has-post-thumbnail","6":"product_cat-gabel","7":"product_tag-bepflanzung","8":"product_tag-eintopfen","9":"product_tag-graben","10":"product_tag-umpflanzen","11":"post","13":"first","14":"instock","15":"taxable","16":"shipping-taxable","17":"purchasable","18":"product-type-simple"},"exclude_global_add_ons":false,"addons":[{"name":"Gravur","type":"custom_text","position":0,"required":false,"title_format":"heading","default":"","description_enable":true,"description":"Geben Sie bis zu 50 Zeichen ein.","placeholder_enable":false,"placeholder":"","display":"select","restrictions_type":"any_text","adjust_price":true,"price":"4.92","price_type":"quantity_based","restrictions":true,"min":"1","max":"50","options":[],"id":1684165753}],"_links":{"self":[{"href":"https:\/\/sneeboer.com\/de\/wp-json\/wp\/v2\/product\/52185","targetHints":{"allow":["GET"]}}],"collection":[{"href":"https:\/\/sneeboer.com\/de\/wp-json\/wp\/v2\/product"}],"about":[{"href":"https:\/\/sneeboer.com\/de\/wp-json\/wp\/v2\/types\/product"}],"replies":[{"embeddable":true,"href":"https:\/\/sneeboer.com\/de\/wp-json\/wp\/v2\/comments?post=52185"}],"wp:featuredmedia":[{"embeddable":true,"href":"https:\/\/sneeboer.com\/de\/wp-json\/wp\/v2\/media\/12984"}],"wp:attachment":[{"href":"https:\/\/sneeboer.com\/de\/wp-json\/wp\/v2\/media?parent=52185"}],"wp:term":[{"taxonomy":"product_brand","embeddable":true,"href":"https:\/\/sneeboer.com\/de\/wp-json\/wp\/v2\/product_brand?post=52185"},{"taxonomy":"product_cat","embeddable":true,"href":"https:\/\/sneeboer.com\/de\/wp-json\/wp\/v2\/product_cat?post=52185"},{"taxonomy":"product_tag","embeddable":true,"href":"https:\/\/sneeboer.com\/de\/wp-json\/wp\/v2\/product_tag?post=52185"},{"taxonomy":"weeds","embeddable":true,"href":"https:\/\/sneeboer.com\/de\/wp-json\/wp\/v2\/weeds?post=52185"},{"taxonomy":"soil_types","embeddable":true,"href":"https:\/\/sneeboer.com\/de\/wp-json\/wp\/v2\/soil_types?post=52185"}],"curies":[{"name":"wp","href":"https:\/\/api.w.org\/{rel}","templated":true}]}}