{"id":52104,"date":"2023-05-09T20:13:43","date_gmt":"2023-05-09T18:13:43","guid":{"rendered":"https:\/\/testsite.sneeboer.com\/tuingereedschap\/kinder-schuffel"},"modified":"2025-10-12T18:11:45","modified_gmt":"2025-10-12T16:11:45","slug":"kinder-schuffel","status":"publish","type":"product","link":"https:\/\/sneeboer.com\/de\/handgeschmiedete-gartengeraete\/kinder-schuffel","title":{"rendered":"Kinder Schuffel"},"content":{"rendered":"<p>Die Ger\u00e4te sind so leicht gehalten, dass sie f\u00fcr kleine G\u00e4rtner bequem und einfach zu handhaben sind. Dennoch sind sie aus rostfreiem Stahl gefertigt, der ihnen Stabilit\u00e4t und die gewohnte Sneeboer-Qualit\u00e4t verleiht. Man kann nicht fr\u00fch genug mit dem Lernen anfangen \u2013 und diese Werkzeuge sorgen f\u00fcr bleibende Erinnerungen.<\/p>\n","protected":false},"excerpt":{"rendered":"<p>Wie der Vater, so der Sohn \u2013 und wie die Mutter, so die Tochter. Kinder lieben es, ihre Eltern nachzuahmen, wenn sie sehen, dass diese Spa\u00df bei der Sache haben. Das Gleiche gilt f\u00fcr die Gartenarbeit. Deshalb hat Sneeboer eine spezielle Reihe von Gartenger\u00e4ten entwickelt \u2013 denn genau wie Sie wollen auch Ihre Kinder nicht mit minderwertiger Ausr\u00fcstung arbeiten. Die Gartenger\u00e4te f\u00fcr Kinder werden mit denselben Methoden und Qualit\u00e4tsstandards hergestellt wie die Sneeboer-Produkte, die Sie kennen und sch\u00e4tzen. Die Ger\u00e4te sind f\u00fcr Kinder ab sechs Jahren geeignet, die damit ihren Eltern unter Aufsicht bei der Gartenarbeit helfen k\u00f6nnen.<\/p>\n","protected":false},"featured_media":12534,"comment_status":"closed","ping_status":"closed","template":"","meta":{"inline_featured_image":false,"product_video_url":"","product_360_url":""},"product_brand":[],"product_cat":[644,143],"product_tag":[493,331,531],"weeds":[],"soil_types":[],"class_list":{"0":"post-52104","1":"product","2":"type-product","3":"status-publish","4":"has-post-thumbnail","6":"product_cat-kinderwerkzeuge","7":"product_cat-schuffel-und-hacken","8":"product_tag-bepflanzung","9":"product_tag-graben","10":"product_tag-unkraut-entfernen","11":"post","13":"first","14":"instock","15":"taxable","16":"shipping-taxable","17":"purchasable","18":"product-type-simple"},"exclude_global_add_ons":false,"addons":[{"name":"Gravur","type":"custom_text","position":0,"required":false,"title_format":"heading","default":"","description_enable":true,"description":"Geben Sie bis zu 50 Zeichen ein.","placeholder_enable":false,"placeholder":"","display":"select","restrictions_type":"any_text","adjust_price":true,"price":"4.92","price_type":"quantity_based","restrictions":true,"min":"1","max":"50","options":[],"id":1684165753}],"_links":{"self":[{"href":"https:\/\/sneeboer.com\/de\/wp-json\/wp\/v2\/product\/52104","targetHints":{"allow":["GET"]}}],"collection":[{"href":"https:\/\/sneeboer.com\/de\/wp-json\/wp\/v2\/product"}],"about":[{"href":"https:\/\/sneeboer.com\/de\/wp-json\/wp\/v2\/types\/product"}],"replies":[{"embeddable":true,"href":"https:\/\/sneeboer.com\/de\/wp-json\/wp\/v2\/comments?post=52104"}],"wp:featuredmedia":[{"embeddable":true,"href":"https:\/\/sneeboer.com\/de\/wp-json\/wp\/v2\/media\/12534"}],"wp:attachment":[{"href":"https:\/\/sneeboer.com\/de\/wp-json\/wp\/v2\/media?parent=52104"}],"wp:term":[{"taxonomy":"product_brand","embeddable":true,"href":"https:\/\/sneeboer.com\/de\/wp-json\/wp\/v2\/product_brand?post=52104"},{"taxonomy":"product_cat","embeddable":true,"href":"https:\/\/sneeboer.com\/de\/wp-json\/wp\/v2\/product_cat?post=52104"},{"taxonomy":"product_tag","embeddable":true,"href":"https:\/\/sneeboer.com\/de\/wp-json\/wp\/v2\/product_tag?post=52104"},{"taxonomy":"weeds","embeddable":true,"href":"https:\/\/sneeboer.com\/de\/wp-json\/wp\/v2\/weeds?post=52104"},{"taxonomy":"soil_types","embeddable":true,"href":"https:\/\/sneeboer.com\/de\/wp-json\/wp\/v2\/soil_types?post=52104"}],"curies":[{"name":"wp","href":"https:\/\/api.w.org\/{rel}","templated":true}]}}