{"id":52032,"date":"2023-05-09T20:09:35","date_gmt":"2023-05-09T18:09:35","guid":{"rendered":"https:\/\/testsite.sneeboer.com\/tuingereedschap\/gabel-und-feldhacke-2"},"modified":"2026-05-06T11:45:43","modified_gmt":"2026-05-06T09:45:43","slug":"fork-and-field-heel","status":"publish","type":"product","link":"https:\/\/sneeboer.com\/de\/handgeschmiedete-gartengeraete\/fork-and-field-heel","title":{"rendered":"Fork and Field Heel"},"content":{"rendered":"<p>Die Gabel- und Feldhacke eignet sich gut f\u00fcr den Einsatz in stark bepflanzten Rabatten, ohne die umliegenden Pflanzen zu besch\u00e4digen. Die Gabel- und Feldhacke ist mit einem Griff aus Eschen- oder Kirschholz erh\u00e4ltlich.<\/p>\n","protected":false},"excerpt":{"rendered":"<p>Der Gabel- und Feldh\u00e4cksler kombiniert die starke Klinge des Feldh\u00e4ckslers mit einer scharfen, geschmiedeten Gabel. Dies erm\u00f6glicht sowohl die Bodenbearbeitung als auch die Unkrautbeseitigung ohne Werkzeugwechsel. Dieses Werkzeug ist selbst f\u00fcr die kompaktesten B\u00f6den geeignet.<\/p>\n","protected":false},"featured_media":0,"comment_status":"closed","ping_status":"closed","template":"","meta":{"inline_featured_image":false,"product_video_url":"","product_360_url":""},"product_brand":[],"product_cat":[193,104,97,186],"product_tag":[1407,1416],"weeds":[],"soil_types":[],"class_list":{"0":"post-52032","1":"product","2":"type-product","3":"status-publish","5":"product_cat-gabel","6":"product_cat-handgeraete","7":"product_cat-handtuingereedschap","8":"product_cat-vork","9":"product_tag-creuser","10":"product_tag-unkraut-jaten","11":"post","13":"first","14":"instock","15":"taxable","16":"shipping-taxable","17":"purchasable","18":"product-type-simple"},"exclude_global_add_ons":false,"addons":[{"name":"Gravur","type":"custom_text","position":0,"required":false,"title_format":"heading","default":"","description_enable":true,"description":"Geben Sie bis zu 50 Zeichen ein.","placeholder_enable":false,"placeholder":"","display":"select","restrictions_type":"any_text","adjust_price":true,"price":"4.92","price_type":"quantity_based","restrictions":true,"min":"1","max":"50","options":[],"id":1684165753}],"_links":{"self":[{"href":"https:\/\/sneeboer.com\/de\/wp-json\/wp\/v2\/product\/52032","targetHints":{"allow":["GET"]}}],"collection":[{"href":"https:\/\/sneeboer.com\/de\/wp-json\/wp\/v2\/product"}],"about":[{"href":"https:\/\/sneeboer.com\/de\/wp-json\/wp\/v2\/types\/product"}],"replies":[{"embeddable":true,"href":"https:\/\/sneeboer.com\/de\/wp-json\/wp\/v2\/comments?post=52032"}],"wp:attachment":[{"href":"https:\/\/sneeboer.com\/de\/wp-json\/wp\/v2\/media?parent=52032"}],"wp:term":[{"taxonomy":"product_brand","embeddable":true,"href":"https:\/\/sneeboer.com\/de\/wp-json\/wp\/v2\/product_brand?post=52032"},{"taxonomy":"product_cat","embeddable":true,"href":"https:\/\/sneeboer.com\/de\/wp-json\/wp\/v2\/product_cat?post=52032"},{"taxonomy":"product_tag","embeddable":true,"href":"https:\/\/sneeboer.com\/de\/wp-json\/wp\/v2\/product_tag?post=52032"},{"taxonomy":"weeds","embeddable":true,"href":"https:\/\/sneeboer.com\/de\/wp-json\/wp\/v2\/weeds?post=52032"},{"taxonomy":"soil_types","embeddable":true,"href":"https:\/\/sneeboer.com\/de\/wp-json\/wp\/v2\/soil_types?post=52032"}],"curies":[{"name":"wp","href":"https:\/\/api.w.org\/{rel}","templated":true}]}}