{"id":52014,"date":"2023-05-09T20:08:36","date_gmt":"2023-05-09T18:08:36","guid":{"rendered":"https:\/\/testsite.sneeboer.com\/tuingereedschap\/handkultivator-7"},"modified":"2026-05-06T11:51:13","modified_gmt":"2026-05-06T09:51:13","slug":"handgrubber-3","status":"publish","type":"product","link":"https:\/\/sneeboer.com\/de\/handgeschmiedete-gartengeraete\/handgrubber-3","title":{"rendered":"Handgrubber"},"content":{"rendered":"<p>Der Handgrubber eignet sich ideal zum J\u00e4ten von Unkraut, zum Bel\u00fcften des Bodens und zum Mischen von Kompost oder anderen D\u00fcngemitteln und ist f\u00fcr alle Bodenarten geeignet. Bei der Zugbewegung l\u00f6sen Sie den Boden auf und verbessern so die Bel\u00fcftung, bei der Schubbewegung kr\u00fcmeln Sie den gelockerten Boden. Den Handgrubber gibt es in verschiedenen Ausf\u00fchrungen mit einem, zwei oder drei Zinken. Der Handgrubber ist mit einem Stiel aus Eschen- oder Kirschholz in verschiedenen L\u00e4ngen erh\u00e4ltlich.<\/p>\n","protected":false},"excerpt":{"rendered":"<p>Der Handgrubber hat drei scharfe, gebogene Zinken, mit denen der Boden gelockert werden kann. Durch die Auflockerung des Bodens k\u00f6nnen mehr Luft, Licht und Wasser aufgenommen werden. Der Handgrubber kann tief in den Boden eindringen und der Winkel der Zinken erm\u00f6glicht es dem Handgrubber, leicht durch die Erde zu ziehen.<\/p>\n","protected":false},"featured_media":61244,"comment_status":"closed","ping_status":"closed","template":"","meta":{"inline_featured_image":false,"product_video_url":"","product_360_url":""},"product_brand":[],"product_cat":[82,213,220,104,97,85],"product_tag":[1407,287,1419,1416],"weeds":[],"soil_types":[],"class_list":{"0":"post-52014","1":"product","2":"type-product","3":"status-publish","4":"has-post-thumbnail","6":"product_cat-cultivator","7":"product_cat-essentiele-gereedschappen","8":"product_cat-grundausstattung","9":"product_cat-handgeraete","10":"product_cat-handtuingereedschap","11":"product_cat-kultivator","12":"product_tag-creuser","13":"product_tag-cultiveren","14":"product_tag-kultivieren","15":"product_tag-unkraut-jaten","16":"post","18":"first","19":"instock","20":"taxable","21":"shipping-taxable","22":"purchasable","23":"product-type-simple"},"exclude_global_add_ons":false,"addons":[{"name":"Gravur","type":"custom_text","position":0,"required":false,"title_format":"heading","default":"","description_enable":true,"description":"Geben Sie bis zu 50 Zeichen ein.","placeholder_enable":false,"placeholder":"","display":"select","restrictions_type":"any_text","adjust_price":true,"price":"4.92","price_type":"quantity_based","restrictions":true,"min":"1","max":"50","options":[],"id":1684165753}],"_links":{"self":[{"href":"https:\/\/sneeboer.com\/de\/wp-json\/wp\/v2\/product\/52014","targetHints":{"allow":["GET"]}}],"collection":[{"href":"https:\/\/sneeboer.com\/de\/wp-json\/wp\/v2\/product"}],"about":[{"href":"https:\/\/sneeboer.com\/de\/wp-json\/wp\/v2\/types\/product"}],"replies":[{"embeddable":true,"href":"https:\/\/sneeboer.com\/de\/wp-json\/wp\/v2\/comments?post=52014"}],"wp:featuredmedia":[{"embeddable":true,"href":"https:\/\/sneeboer.com\/de\/wp-json\/wp\/v2\/media\/61244"}],"wp:attachment":[{"href":"https:\/\/sneeboer.com\/de\/wp-json\/wp\/v2\/media?parent=52014"}],"wp:term":[{"taxonomy":"product_brand","embeddable":true,"href":"https:\/\/sneeboer.com\/de\/wp-json\/wp\/v2\/product_brand?post=52014"},{"taxonomy":"product_cat","embeddable":true,"href":"https:\/\/sneeboer.com\/de\/wp-json\/wp\/v2\/product_cat?post=52014"},{"taxonomy":"product_tag","embeddable":true,"href":"https:\/\/sneeboer.com\/de\/wp-json\/wp\/v2\/product_tag?post=52014"},{"taxonomy":"weeds","embeddable":true,"href":"https:\/\/sneeboer.com\/de\/wp-json\/wp\/v2\/weeds?post=52014"},{"taxonomy":"soil_types","embeddable":true,"href":"https:\/\/sneeboer.com\/de\/wp-json\/wp\/v2\/soil_types?post=52014"}],"curies":[{"name":"wp","href":"https:\/\/api.w.org\/{rel}","templated":true}]}}