{"id":51951,"date":"2023-05-09T20:04:36","date_gmt":"2023-05-09T18:04:36","guid":{"rendered":"https:\/\/testsite.sneeboer.com\/tuingereedschap\/gabelhacke"},"modified":"2026-03-22T22:51:46","modified_gmt":"2026-03-22T21:51:46","slug":"gabelhacke","status":"publish","type":"product","link":"https:\/\/sneeboer.com\/de\/handgeschmiedete-gartengeraete\/gabelhacke","title":{"rendered":"Gabelhacke"},"content":{"rendered":"","protected":false},"excerpt":{"rendered":"<p>Die Gabelhacke vereint zwei n\u00fctzliche Werkzeuge in einem multifunktionalen Gartenger\u00e4t. Sowohl der Gabel- als auch der Hackenteil des Ger\u00e4ts sind gesch\u00e4rft, so dass es sich hervorragend f\u00fcr die Arbeit in Lehm-, Kalk- und steinigen B\u00f6den sowie anderen schwer zu bearbeitenden Bodenarten eignet. Daher ist dieses Ger\u00e4t ideal f\u00fcr kompakte und harte B\u00f6den. Die Gabelhacke ist mit einem 22 cm langen Griff aus Kirschholz erh\u00e4ltlich.<\/p>\n","protected":false},"featured_media":11634,"comment_status":"closed","ping_status":"closed","template":"","meta":{"inline_featured_image":false,"product_video_url":"","product_360_url":""},"product_brand":[],"product_cat":[193,104,143],"product_tag":[331,531],"weeds":[],"soil_types":[],"class_list":{"0":"post-51951","1":"product","2":"type-product","3":"status-publish","4":"has-post-thumbnail","6":"product_cat-gabel","7":"product_cat-handgeraete","8":"product_cat-schuffel-und-hacken","9":"product_tag-graben","10":"product_tag-unkraut-entfernen","11":"post","13":"first","14":"instock","15":"taxable","16":"shipping-taxable","17":"purchasable","18":"product-type-simple"},"exclude_global_add_ons":false,"addons":[{"name":"Gravur","type":"custom_text","position":0,"required":false,"title_format":"heading","default":"","description_enable":true,"description":"Geben Sie bis zu 50 Zeichen ein.","placeholder_enable":false,"placeholder":"","display":"select","restrictions_type":"any_text","adjust_price":true,"price":"4.92","price_type":"quantity_based","restrictions":true,"min":"1","max":"50","options":[],"id":1684165753}],"_links":{"self":[{"href":"https:\/\/sneeboer.com\/de\/wp-json\/wp\/v2\/product\/51951","targetHints":{"allow":["GET"]}}],"collection":[{"href":"https:\/\/sneeboer.com\/de\/wp-json\/wp\/v2\/product"}],"about":[{"href":"https:\/\/sneeboer.com\/de\/wp-json\/wp\/v2\/types\/product"}],"replies":[{"embeddable":true,"href":"https:\/\/sneeboer.com\/de\/wp-json\/wp\/v2\/comments?post=51951"}],"wp:featuredmedia":[{"embeddable":true,"href":"https:\/\/sneeboer.com\/de\/wp-json\/wp\/v2\/media\/11634"}],"wp:attachment":[{"href":"https:\/\/sneeboer.com\/de\/wp-json\/wp\/v2\/media?parent=51951"}],"wp:term":[{"taxonomy":"product_brand","embeddable":true,"href":"https:\/\/sneeboer.com\/de\/wp-json\/wp\/v2\/product_brand?post=51951"},{"taxonomy":"product_cat","embeddable":true,"href":"https:\/\/sneeboer.com\/de\/wp-json\/wp\/v2\/product_cat?post=51951"},{"taxonomy":"product_tag","embeddable":true,"href":"https:\/\/sneeboer.com\/de\/wp-json\/wp\/v2\/product_tag?post=51951"},{"taxonomy":"weeds","embeddable":true,"href":"https:\/\/sneeboer.com\/de\/wp-json\/wp\/v2\/weeds?post=51951"},{"taxonomy":"soil_types","embeddable":true,"href":"https:\/\/sneeboer.com\/de\/wp-json\/wp\/v2\/soil_types?post=51951"}],"curies":[{"name":"wp","href":"https:\/\/api.w.org\/{rel}","templated":true}]}}