{"id":51879,"date":"2023-05-09T20:00:08","date_gmt":"2023-05-09T18:00:08","guid":{"rendered":"https:\/\/testsite.sneeboer.com\/tuingereedschap\/loewenzahnstecher"},"modified":"2025-03-22T17:39:02","modified_gmt":"2025-03-22T16:39:02","slug":"loewenzahnstecher","status":"publish","type":"product","link":"https:\/\/sneeboer.com\/de\/handgeschmiedete-gartengeraete\/loewenzahnstecher","title":{"rendered":"L\u00f6wenzahnstecher"},"content":{"rendered":"<p>Der L\u00f6wenzahnstecher ist einem alten viktorianischen Werkzeug nachempfunden, dessen Funktionsweise heute noch genauso aktuell ist wie im 19. Jahrhundert. In den feuchteren Perioden des Jahres lassen sich mit dem L\u00f6wenzahnstecher die Wurzeln von Unkraut relativ einfach vollst\u00e4ndig entfernen, indem das Ende des Ger\u00e4ts rund um die Pflanze in den Boden gesteckt und das Rohr als Hebel benutzt wird. Dadurch werden die Handgelenke entlastet und das Unkraut wird mit der gesamten Wurzel entfernt. Der L\u00f6wenzahnstecher ist mit einem herk\u00f6mmlichen Stiel aus Eschenholz oder einem speziell geformten Stiel aus Kirschholz erh\u00e4ltlich.<\/p>\n","protected":false},"excerpt":{"rendered":"<p>Sie ben\u00f6tigen ein Handwerkzeug, das leicht zu handhaben, aber robust genug ist, um schwierige Pfahlwurzeln oder sogar kurz wurzelndes Unkraut aus Ihrem Rasen zu entfernen? Dann setzen Sie dieses Handger\u00e4t einfach unten an der Pflanze an (insbesondere bei G\u00e4nsebl\u00fcmchen, L\u00f6wenzahn und Butterblumen), um das Unkraut in einem St\u00fcck zu entfernen und somit ein erneutes Auftreten oder l\u00e4stiges Nachwachsen zu verhindern.<\/p>\n","protected":false},"featured_media":11157,"comment_status":"closed","ping_status":"closed","template":"","meta":{"inline_featured_image":false,"product_video_url":"","product_360_url":""},"product_brand":[],"product_cat":[104,202],"product_tag":[331,531],"weeds":[],"soil_types":[],"class_list":{"0":"post-51879","1":"product","2":"type-product","3":"status-publish","4":"has-post-thumbnail","6":"product_cat-handgeraete","7":"product_cat-unkrautentfernung","8":"product_tag-graben","9":"product_tag-unkraut-entfernen","10":"post","12":"first","13":"instock","14":"taxable","15":"shipping-taxable","16":"purchasable","17":"product-type-simple"},"exclude_global_add_ons":false,"addons":[{"name":"Gravur","type":"custom_text","position":0,"required":false,"title_format":"heading","default":"","description_enable":true,"description":"Geben Sie bis zu 50 Zeichen ein.","placeholder_enable":false,"placeholder":"","display":"select","restrictions_type":"any_text","adjust_price":true,"price":"4.92","price_type":"quantity_based","restrictions":true,"min":"1","max":"50","options":[],"id":1684165753}],"_links":{"self":[{"href":"https:\/\/sneeboer.com\/de\/wp-json\/wp\/v2\/product\/51879","targetHints":{"allow":["GET"]}}],"collection":[{"href":"https:\/\/sneeboer.com\/de\/wp-json\/wp\/v2\/product"}],"about":[{"href":"https:\/\/sneeboer.com\/de\/wp-json\/wp\/v2\/types\/product"}],"replies":[{"embeddable":true,"href":"https:\/\/sneeboer.com\/de\/wp-json\/wp\/v2\/comments?post=51879"}],"wp:featuredmedia":[{"embeddable":true,"href":"https:\/\/sneeboer.com\/de\/wp-json\/wp\/v2\/media\/11157"}],"wp:attachment":[{"href":"https:\/\/sneeboer.com\/de\/wp-json\/wp\/v2\/media?parent=51879"}],"wp:term":[{"taxonomy":"product_brand","embeddable":true,"href":"https:\/\/sneeboer.com\/de\/wp-json\/wp\/v2\/product_brand?post=51879"},{"taxonomy":"product_cat","embeddable":true,"href":"https:\/\/sneeboer.com\/de\/wp-json\/wp\/v2\/product_cat?post=51879"},{"taxonomy":"product_tag","embeddable":true,"href":"https:\/\/sneeboer.com\/de\/wp-json\/wp\/v2\/product_tag?post=51879"},{"taxonomy":"weeds","embeddable":true,"href":"https:\/\/sneeboer.com\/de\/wp-json\/wp\/v2\/weeds?post=51879"},{"taxonomy":"soil_types","embeddable":true,"href":"https:\/\/sneeboer.com\/de\/wp-json\/wp\/v2\/soil_types?post=51879"}],"curies":[{"name":"wp","href":"https:\/\/api.w.org\/{rel}","templated":true}]}}