{"id":51835,"date":"2023-05-09T15:47:48","date_gmt":"2023-05-09T13:47:48","guid":{"rendered":"https:\/\/testsite.sneeboer.com\/tuingereedschap\/damengabel-4z-luxe"},"modified":"2025-11-09T19:39:28","modified_gmt":"2025-11-09T18:39:28","slug":"damengabel-4z-luxe","status":"publish","type":"product","link":"https:\/\/sneeboer.com\/de\/handgeschmiedete-gartengeraete\/damengabel-4z-luxe","title":{"rendered":"Damengabel 4z LUXE"},"content":{"rendered":"<p>Die kleine Gartengabel ist leichter zu handhaben als eine Grabegabel. Au\u00dferdem ist die Gabel in einem optimalen Winkel am Stiel angebracht, um die Handgelenke bei der Arbeit nicht zu belasten. Selbst in Lehm- oder Torfb\u00f6den lassen sich mit der kleinen Gartengabel Pflanzen ausgraben oder entfernen, ohne dabei empfindliche Wurzelsysteme zu besch\u00e4digen. Die kleine Gartengabel ist mit einem 90 cm langen T-Griff aus Eschenholz, einem 85 cm langen D-Griff aus Eschenholz oder als Luxusversion mit einem T-Griff aus Eschenholz erh\u00e4ltlich.<\/p>\n","protected":false},"excerpt":{"rendered":"<p>Die kleine Gartengabel mit vier Zinken ist ideal zum Ernten, Graben und L\u00fcften des Bodens. Die Gartengabel ist die kleinere Schwester der gr\u00f6\u00dferen Grabegabel, wodurch sie bei der Arbeit im Garten deutlich leichter zu handhaben ist. Die vier Zinken aus rostfreiem Stahl sind gesch\u00e4rft, so dass die Gabel mit Leichtigkeit tief in den Boden getrieben werden kann. Die kleine Gartengabel eignet sich perfekt zum Ernten oder Verpflanzen von Pflanzen oder B\u00e4umen, ohne dabei die Wurzeln zu besch\u00e4digen.<\/p>\n","protected":false},"featured_media":10922,"comment_status":"closed","ping_status":"closed","template":"","meta":{"inline_featured_image":false,"product_video_url":"","product_360_url":""},"product_brand":[],"product_cat":[193,120],"product_tag":[331,531],"weeds":[],"soil_types":[],"class_list":{"0":"post-51835","1":"product","2":"type-product","3":"status-publish","4":"has-post-thumbnail","6":"product_cat-gabel","7":"product_cat-luxus-kollektion","8":"product_tag-graben","9":"product_tag-unkraut-entfernen","10":"post","12":"first","13":"instock","14":"taxable","15":"shipping-taxable","16":"purchasable","17":"product-type-simple"},"exclude_global_add_ons":false,"addons":[{"name":"Gravur","type":"custom_text","position":0,"required":false,"title_format":"heading","default":"","description_enable":true,"description":"Geben Sie bis zu 50 Zeichen ein.","placeholder_enable":false,"placeholder":"","display":"select","restrictions_type":"any_text","adjust_price":true,"price":"4.92","price_type":"quantity_based","restrictions":true,"min":"1","max":"50","options":[],"id":1684165753}],"_links":{"self":[{"href":"https:\/\/sneeboer.com\/de\/wp-json\/wp\/v2\/product\/51835","targetHints":{"allow":["GET"]}}],"collection":[{"href":"https:\/\/sneeboer.com\/de\/wp-json\/wp\/v2\/product"}],"about":[{"href":"https:\/\/sneeboer.com\/de\/wp-json\/wp\/v2\/types\/product"}],"replies":[{"embeddable":true,"href":"https:\/\/sneeboer.com\/de\/wp-json\/wp\/v2\/comments?post=51835"}],"wp:featuredmedia":[{"embeddable":true,"href":"https:\/\/sneeboer.com\/de\/wp-json\/wp\/v2\/media\/10922"}],"wp:attachment":[{"href":"https:\/\/sneeboer.com\/de\/wp-json\/wp\/v2\/media?parent=51835"}],"wp:term":[{"taxonomy":"product_brand","embeddable":true,"href":"https:\/\/sneeboer.com\/de\/wp-json\/wp\/v2\/product_brand?post=51835"},{"taxonomy":"product_cat","embeddable":true,"href":"https:\/\/sneeboer.com\/de\/wp-json\/wp\/v2\/product_cat?post=51835"},{"taxonomy":"product_tag","embeddable":true,"href":"https:\/\/sneeboer.com\/de\/wp-json\/wp\/v2\/product_tag?post=51835"},{"taxonomy":"weeds","embeddable":true,"href":"https:\/\/sneeboer.com\/de\/wp-json\/wp\/v2\/weeds?post=51835"},{"taxonomy":"soil_types","embeddable":true,"href":"https:\/\/sneeboer.com\/de\/wp-json\/wp\/v2\/soil_types?post=51835"}],"curies":[{"name":"wp","href":"https:\/\/api.w.org\/{rel}","templated":true}]}}