{"id":51781,"date":"2023-05-09T15:43:30","date_gmt":"2023-05-09T13:43:30","guid":{"rendered":"https:\/\/testsite.sneeboer.com\/tuingereedschap\/rosengabel-2z"},"modified":"2026-04-15T13:51:10","modified_gmt":"2026-04-15T11:51:10","slug":"rosengabel-2z","status":"publish","type":"product","link":"https:\/\/sneeboer.com\/de\/handgeschmiedete-gartengeraete\/rosengabel-2z","title":{"rendered":"Rosengabel 2z"},"content":{"rendered":"<p>Die traditionelle Rosengabel wurde 1998 von Sneeboer mit neuem Leben erf\u00fcllt, nachdem eine Beschreibung des Werkzeugs in einem Buch des ber\u00fchmten Rosenz\u00fcchters David Austin entdeckt worden war. Die Rosengabel kommt idealerweise dann zum Einsatz, wenn ein Pflanzloch ausgehoben, die Erde mit D\u00fcnger vermischt und ein Rosenstock gepflanzt wurde. Der n\u00e4chste Schritt besteht darin, mit der Rosengabel L\u00f6cher in den Boden rund um den frisch gepflanzten Rosenstock zu stechen, um den Boden zu l\u00fcften und perfekte Wachstumsbedingungen zu schaffen. Lassen Sie sich nicht vom Namen des Werkzeugs t\u00e4uschen, denn diese vielseitige Gabel kann auch f\u00fcr andere B\u00fcsche, Str\u00e4ucher, Pflanzen oder B\u00e4ume verwendet werden. Die Rosengabel ist mit einem D- oder T-Griff aus Eschenholz erh\u00e4ltlich.<\/p>\n","protected":false},"excerpt":{"rendered":"<p>Die traditionelle Rosengabel ist ideal, um den Boden rund um Rosenst\u00f6cke umzugraben und zu l\u00fcften, damit die Wurzeln besser N\u00e4hrstoffe aufnehmen k\u00f6nnen. Die Rosengabel hat zwei gerade, scharfe Zinken aus rostfreiem Stahl, die m\u00fchelos in den Boden eindringen.<\/p>\n","protected":false},"featured_media":10634,"comment_status":"closed","ping_status":"closed","template":"","meta":{"inline_featured_image":false,"product_video_url":"","product_360_url":""},"product_brand":[],"product_cat":[193],"product_tag":[493],"weeds":[],"soil_types":[],"class_list":{"0":"post-51781","1":"product","2":"type-product","3":"status-publish","4":"has-post-thumbnail","6":"product_cat-gabel","7":"product_tag-bepflanzung","8":"post","10":"first","11":"instock","12":"taxable","13":"shipping-taxable","14":"purchasable","15":"product-type-simple"},"exclude_global_add_ons":false,"addons":[{"name":"Gravur","type":"custom_text","position":0,"required":false,"title_format":"heading","default":"","description_enable":true,"description":"Geben Sie bis zu 50 Zeichen ein.","placeholder_enable":false,"placeholder":"","display":"select","restrictions_type":"any_text","adjust_price":true,"price":"4.92","price_type":"quantity_based","restrictions":true,"min":"1","max":"50","options":[],"id":1684165753}],"_links":{"self":[{"href":"https:\/\/sneeboer.com\/de\/wp-json\/wp\/v2\/product\/51781","targetHints":{"allow":["GET"]}}],"collection":[{"href":"https:\/\/sneeboer.com\/de\/wp-json\/wp\/v2\/product"}],"about":[{"href":"https:\/\/sneeboer.com\/de\/wp-json\/wp\/v2\/types\/product"}],"replies":[{"embeddable":true,"href":"https:\/\/sneeboer.com\/de\/wp-json\/wp\/v2\/comments?post=51781"}],"wp:featuredmedia":[{"embeddable":true,"href":"https:\/\/sneeboer.com\/de\/wp-json\/wp\/v2\/media\/10634"}],"wp:attachment":[{"href":"https:\/\/sneeboer.com\/de\/wp-json\/wp\/v2\/media?parent=51781"}],"wp:term":[{"taxonomy":"product_brand","embeddable":true,"href":"https:\/\/sneeboer.com\/de\/wp-json\/wp\/v2\/product_brand?post=51781"},{"taxonomy":"product_cat","embeddable":true,"href":"https:\/\/sneeboer.com\/de\/wp-json\/wp\/v2\/product_cat?post=51781"},{"taxonomy":"product_tag","embeddable":true,"href":"https:\/\/sneeboer.com\/de\/wp-json\/wp\/v2\/product_tag?post=51781"},{"taxonomy":"weeds","embeddable":true,"href":"https:\/\/sneeboer.com\/de\/wp-json\/wp\/v2\/weeds?post=51781"},{"taxonomy":"soil_types","embeddable":true,"href":"https:\/\/sneeboer.com\/de\/wp-json\/wp\/v2\/soil_types?post=51781"}],"curies":[{"name":"wp","href":"https:\/\/api.w.org\/{rel}","templated":true}]}}