{"id":51754,"date":"2023-05-09T15:41:13","date_gmt":"2023-05-09T13:41:13","guid":{"rendered":"https:\/\/testsite.sneeboer.com\/tuingereedschap\/great-dixter-gabel-4z"},"modified":"2025-12-22T16:34:27","modified_gmt":"2025-12-22T15:34:27","slug":"great-dixter-gabel-4z","status":"publish","type":"product","link":"https:\/\/sneeboer.com\/de\/handgeschmiedete-gartengeraete\/great-dixter-gabel-4z","title":{"rendered":"Great Dixter Gabel 4z"},"content":{"rendered":"<p>Diese Gabel ist Teil einer besonderen Kollektion von Werkzeugen \u2013 und wir haben das Privileg, diese unter dem Namen \u201eGreat Dixter\u201c verkaufen zu d\u00fcrfen. Sneeboer ist weltweit der einzige Hersteller von Gartenger\u00e4ten, der diesen Namen in seiner Produktpalette verwenden darf. Mit jedem Verkauf eines Great Dixter-Ger\u00e4ts spendet Sneeboer einen Teil des Erl\u00f6ses an den Great Dixter Charitable Trust. Wir bei Sneeboer sind gl\u00fccklich und stolz darauf, dass wir einen Beitrag zu diesem herausragenden Beispiel englischen Kulturerbes leisten k\u00f6nnen.<\/p>\n","protected":false},"excerpt":{"rendered":"<p>Die Gabelversion des Pflanzspatens, die Great Dixter-Gabel mit vier Zinken, bietet Pr\u00e4zision und Kontrolle beim Arbeiten auf H\u00e4nden und Knien, entfaltet aber aufgrund der L\u00e4nge des Stiels eine gr\u00f6\u00dfere Hebelwirkung und Kraft als ein Handger\u00e4t. Sie brauchen eine robuste Gartengabel, aber eine gro\u00dfe Gabel ist einfach zu unhandlich f\u00fcr die Arbeit in engen Bereichen wie Hoch- oder Blumenbeeten? Dann ist die Great Dixter Gabel genau das Richtige f\u00fcr Sie \u2013 denn sie hat die perfekt Gr\u00f6\u00dfe, um kniend den Boden aufzulockern oder Wurzelgem\u00fcse zu ernten.<\/p>\n","protected":false},"featured_media":63234,"comment_status":"closed","ping_status":"closed","template":"","meta":{"inline_featured_image":false,"product_video_url":"","product_360_url":"\/wp-content\/uploads\/2025\/11\/5061-210775\/5061_210775.xml"},"product_brand":[],"product_cat":[193,414],"product_tag":[287,331,531],"weeds":[],"soil_types":[],"class_list":{"0":"post-51754","1":"product","2":"type-product","3":"status-publish","4":"has-post-thumbnail","6":"product_cat-gabel","7":"product_cat-great-dixter-de","8":"product_tag-cultiveren","9":"product_tag-graben","10":"product_tag-unkraut-entfernen","11":"post","13":"first","14":"instock","15":"taxable","16":"shipping-taxable","17":"purchasable","18":"product-type-simple"},"exclude_global_add_ons":false,"addons":[{"name":"Gravur","type":"custom_text","position":0,"required":false,"title_format":"heading","default":"","description_enable":true,"description":"Geben Sie bis zu 50 Zeichen ein.","placeholder_enable":false,"placeholder":"","display":"select","restrictions_type":"any_text","adjust_price":true,"price":"4.92","price_type":"quantity_based","restrictions":true,"min":"1","max":"50","options":[],"id":1684165753}],"_links":{"self":[{"href":"https:\/\/sneeboer.com\/de\/wp-json\/wp\/v2\/product\/51754","targetHints":{"allow":["GET"]}}],"collection":[{"href":"https:\/\/sneeboer.com\/de\/wp-json\/wp\/v2\/product"}],"about":[{"href":"https:\/\/sneeboer.com\/de\/wp-json\/wp\/v2\/types\/product"}],"replies":[{"embeddable":true,"href":"https:\/\/sneeboer.com\/de\/wp-json\/wp\/v2\/comments?post=51754"}],"wp:featuredmedia":[{"embeddable":true,"href":"https:\/\/sneeboer.com\/de\/wp-json\/wp\/v2\/media\/63234"}],"wp:attachment":[{"href":"https:\/\/sneeboer.com\/de\/wp-json\/wp\/v2\/media?parent=51754"}],"wp:term":[{"taxonomy":"product_brand","embeddable":true,"href":"https:\/\/sneeboer.com\/de\/wp-json\/wp\/v2\/product_brand?post=51754"},{"taxonomy":"product_cat","embeddable":true,"href":"https:\/\/sneeboer.com\/de\/wp-json\/wp\/v2\/product_cat?post=51754"},{"taxonomy":"product_tag","embeddable":true,"href":"https:\/\/sneeboer.com\/de\/wp-json\/wp\/v2\/product_tag?post=51754"},{"taxonomy":"weeds","embeddable":true,"href":"https:\/\/sneeboer.com\/de\/wp-json\/wp\/v2\/weeds?post=51754"},{"taxonomy":"soil_types","embeddable":true,"href":"https:\/\/sneeboer.com\/de\/wp-json\/wp\/v2\/soil_types?post=51754"}],"curies":[{"name":"wp","href":"https:\/\/api.w.org\/{rel}","templated":true}]}}