{"id":51745,"date":"2023-05-09T15:40:31","date_gmt":"2023-05-09T13:40:31","guid":{"rendered":"https:\/\/testsite.sneeboer.com\/tuingereedschap\/gierschgabel"},"modified":"2026-05-05T21:19:55","modified_gmt":"2026-05-05T19:19:55","slug":"gierschgabel","status":"publish","type":"product","link":"https:\/\/sneeboer.com\/de\/handgeschmiedete-gartengeraete\/gierschgabel","title":{"rendered":"Gierschgabel"},"content":{"rendered":"<p>Die Gierschgabel wurde auf Anfrage des Hortus in Leiden entwickelt, der nach einer L\u00f6sung f\u00fcr die Bek\u00e4mpfung des hartn\u00e4ckigen Gierschs suchte. Dieses geniale Werkzeug ist das Ergebnis. Die Gierschgabel eignet sich auch hervorragend zum Ausheben von Pflanzen und zum Ausgraben von Pflanzen im Gem\u00fcsegarten, wie Kartoffeln, Zwiebeln und Knoblauch.<\/p>\n","protected":false},"excerpt":{"rendered":"<p>Die Holundergabel wurde speziell f\u00fcr das Entfernen von Holunder entwickelt, dessen Wurzelwerk dicht unter der Oberfl\u00e4che wuchert. Die scharfen, gebogenen Z\u00e4hne sind V-f\u00f6rmig und lockern die Wurzeln m\u00fchelos auf. Der kurze Stiel aus Eschenholz (37 cm) sorgt f\u00fcr h\u00f6chste Pr\u00e4zision beim Arbeiten in Bodenn\u00e4he.<\/p>\n","protected":false},"featured_media":63202,"comment_status":"closed","ping_status":"closed","template":"","meta":{"inline_featured_image":false,"product_video_url":"","product_360_url":""},"product_brand":[],"product_cat":[193,186],"product_tag":[1416],"weeds":[],"soil_types":[],"class_list":{"0":"post-51745","1":"product","2":"type-product","3":"status-publish","4":"has-post-thumbnail","6":"product_cat-gabel","7":"product_cat-vork","8":"product_tag-unkraut-jaten","9":"post","11":"first","12":"instock","13":"taxable","14":"shipping-taxable","15":"purchasable","16":"product-type-simple"},"exclude_global_add_ons":false,"addons":[{"name":"Gravur","type":"custom_text","position":0,"required":false,"title_format":"heading","default":"","description_enable":true,"description":"Geben Sie bis zu 50 Zeichen ein.","placeholder_enable":false,"placeholder":"","display":"select","restrictions_type":"any_text","adjust_price":true,"price":"4.92","price_type":"quantity_based","restrictions":true,"min":"1","max":"50","options":[],"id":1684165753}],"_links":{"self":[{"href":"https:\/\/sneeboer.com\/de\/wp-json\/wp\/v2\/product\/51745","targetHints":{"allow":["GET"]}}],"collection":[{"href":"https:\/\/sneeboer.com\/de\/wp-json\/wp\/v2\/product"}],"about":[{"href":"https:\/\/sneeboer.com\/de\/wp-json\/wp\/v2\/types\/product"}],"replies":[{"embeddable":true,"href":"https:\/\/sneeboer.com\/de\/wp-json\/wp\/v2\/comments?post=51745"}],"wp:featuredmedia":[{"embeddable":true,"href":"https:\/\/sneeboer.com\/de\/wp-json\/wp\/v2\/media\/63202"}],"wp:attachment":[{"href":"https:\/\/sneeboer.com\/de\/wp-json\/wp\/v2\/media?parent=51745"}],"wp:term":[{"taxonomy":"product_brand","embeddable":true,"href":"https:\/\/sneeboer.com\/de\/wp-json\/wp\/v2\/product_brand?post=51745"},{"taxonomy":"product_cat","embeddable":true,"href":"https:\/\/sneeboer.com\/de\/wp-json\/wp\/v2\/product_cat?post=51745"},{"taxonomy":"product_tag","embeddable":true,"href":"https:\/\/sneeboer.com\/de\/wp-json\/wp\/v2\/product_tag?post=51745"},{"taxonomy":"weeds","embeddable":true,"href":"https:\/\/sneeboer.com\/de\/wp-json\/wp\/v2\/weeds?post=51745"},{"taxonomy":"soil_types","embeddable":true,"href":"https:\/\/sneeboer.com\/de\/wp-json\/wp\/v2\/soil_types?post=51745"}],"curies":[{"name":"wp","href":"https:\/\/api.w.org\/{rel}","templated":true}]}}