{"id":51673,"date":"2023-05-09T15:34:17","date_gmt":"2023-05-09T13:34:17","guid":{"rendered":"https:\/\/testsite.sneeboer.com\/tuingereedschap\/rosen-gartenrechen-4z-luxe"},"modified":"2025-05-23T12:33:10","modified_gmt":"2025-05-23T10:33:10","slug":"rosen-gartenrechen-4z-luxe","status":"publish","type":"product","link":"https:\/\/sneeboer.com\/de\/handgeschmiedete-gartengeraete\/rosen-gartenrechen-4z-luxe","title":{"rendered":"Rosen-\/ Gartenrechen 4z LUXE"},"content":{"rendered":"<p>Sneeboer hat eine gro\u00dfe Auswahl an Rechen und Gartenharken im Angebot, die sich in der Breite, der Anzahl und L\u00e4nge der Zinken sowie dem Abstand zwischen ihnen unterscheiden. Sneeboer bietet f\u00fcr jede Anwendung im Garten den passenden Rechen, jeweils mit einem Stiel aus massivem Eschenholz von 155 cm L\u00e4nge. Dieser Rechen kann auch mit einem luxuri\u00f6sen Eschenholzstiel ausgestattet werden. Bei normalem Gebrauch und ordnungsgem\u00e4\u00dfer Wartung halten die Rechen von Sneeboer ein Leben lang.<\/p>\n","protected":false},"excerpt":{"rendered":"<p>Der Rosen-\/Gartenrechen eignet sich perfekt zum Einebnen von Rosenbeeten, Aufsammeln von Material und Kr\u00fcmeln der Erde. Die geschmiedeten Zinken sind gesch\u00e4rft und nach innen gebogen, um die Druck- und Zugbewegung zu verbessern. Die beiden \u00e4u\u00dferen Zinken sind nicht rechtwinklig, sondern gebogen am Rechen befestigt, um Sch\u00e4den an Rosenst\u00f6cken und anderen Pflanzen zu vermeiden. Dar\u00fcber hinaus eignet sich der Rechen f\u00fcr alle \u00fcblichen Gartenarbeiten wie die Bodenbearbeitung, Harken, das Entfernen von Unkraut und das Verteilen von Mulch und D\u00fcnger.<\/p>\n","protected":false},"featured_media":10022,"comment_status":"closed","ping_status":"closed","template":"","meta":{"inline_featured_image":false,"product_video_url":"","product_360_url":""},"product_brand":[],"product_cat":[120,423],"product_tag":[477,531],"weeds":[],"soil_types":[],"class_list":{"0":"post-51673","1":"product","2":"type-product","3":"status-publish","4":"has-post-thumbnail","6":"product_cat-luxus-kollektion","7":"product_cat-rechen-de","8":"product_tag-harken-de","9":"product_tag-unkraut-entfernen","10":"post","12":"first","13":"outofstock","14":"taxable","15":"shipping-taxable","16":"purchasable","17":"product-type-simple"},"exclude_global_add_ons":false,"addons":[{"name":"Gravur","type":"custom_text","position":0,"required":false,"title_format":"heading","default":"","description_enable":true,"description":"Geben Sie bis zu 50 Zeichen ein.","placeholder_enable":false,"placeholder":"","display":"select","restrictions_type":"any_text","adjust_price":true,"price":"4.92","price_type":"quantity_based","restrictions":true,"min":"1","max":"50","options":[],"id":1684165753}],"_links":{"self":[{"href":"https:\/\/sneeboer.com\/de\/wp-json\/wp\/v2\/product\/51673","targetHints":{"allow":["GET"]}}],"collection":[{"href":"https:\/\/sneeboer.com\/de\/wp-json\/wp\/v2\/product"}],"about":[{"href":"https:\/\/sneeboer.com\/de\/wp-json\/wp\/v2\/types\/product"}],"replies":[{"embeddable":true,"href":"https:\/\/sneeboer.com\/de\/wp-json\/wp\/v2\/comments?post=51673"}],"wp:featuredmedia":[{"embeddable":true,"href":"https:\/\/sneeboer.com\/de\/wp-json\/wp\/v2\/media\/10022"}],"wp:attachment":[{"href":"https:\/\/sneeboer.com\/de\/wp-json\/wp\/v2\/media?parent=51673"}],"wp:term":[{"taxonomy":"product_brand","embeddable":true,"href":"https:\/\/sneeboer.com\/de\/wp-json\/wp\/v2\/product_brand?post=51673"},{"taxonomy":"product_cat","embeddable":true,"href":"https:\/\/sneeboer.com\/de\/wp-json\/wp\/v2\/product_cat?post=51673"},{"taxonomy":"product_tag","embeddable":true,"href":"https:\/\/sneeboer.com\/de\/wp-json\/wp\/v2\/product_tag?post=51673"},{"taxonomy":"weeds","embeddable":true,"href":"https:\/\/sneeboer.com\/de\/wp-json\/wp\/v2\/weeds?post=51673"},{"taxonomy":"soil_types","embeddable":true,"href":"https:\/\/sneeboer.com\/de\/wp-json\/wp\/v2\/soil_types?post=51673"}],"curies":[{"name":"wp","href":"https:\/\/api.w.org\/{rel}","templated":true}]}}