{"id":51655,"date":"2023-05-09T15:32:35","date_gmt":"2023-05-09T13:32:35","guid":{"rendered":"https:\/\/testsite.sneeboer.com\/tuingereedschap\/kombihacke"},"modified":"2025-11-19T11:58:52","modified_gmt":"2025-11-19T10:58:52","slug":"kombihacke","status":"publish","type":"product","link":"https:\/\/sneeboer.com\/de\/handgeschmiedete-gartengeraete\/kombihacke","title":{"rendered":"Kombihacke"},"content":{"rendered":"<p>Die Kombihacke wird mit einem 155 cm langen Stiel aus Eschenholz geliefert, mit dem es sich bequem im Stehen arbeiten l\u00e4sst.<\/p>\n","protected":false},"excerpt":{"rendered":"<p>Manchmal sind im Garten schwere Arbeiten unter schwierigen Bedingungen erforderlich. Die langstielige Kombihacke ist robust genug, um mit allen Bodenarten und Situationen fertig zu werden. Dieses geniale Modell von Sneeboer kombiniert eine robuste Hacke mit einer scharfen, dreizinkigen Gabel, mit der Sie sowohl kompakte B\u00f6den aufbrechen als auch eine gute Bodenkrume erzielen k\u00f6nnen \u2013 ohne das Werkzeug wechseln zu m\u00fcssen. Mit diesem Kombiger\u00e4t, das besonders gut f\u00fcr die Arbeit zwischen den Pflanzen geeignet ist, l\u00e4sst sich der Boden bearbeiten und Unkraut beseitigen.<\/p>\n","protected":false},"featured_media":66102,"comment_status":"closed","ping_status":"closed","template":"","meta":{"inline_featured_image":false,"product_video_url":"","product_360_url":"\/wp-content\/uploads\/2026\/03\/6014-328030\/6014_328030.xml"},"product_brand":[],"product_cat":[193,423,143],"product_tag":[331,477,503,531],"weeds":[],"soil_types":[],"class_list":{"0":"post-51655","1":"product","2":"type-product","3":"status-publish","4":"has-post-thumbnail","6":"product_cat-gabel","7":"product_cat-rechen-de","8":"product_cat-schuffel-und-hacken","9":"product_tag-graben","10":"product_tag-harken-de","11":"product_tag-schaufeln","12":"product_tag-unkraut-entfernen","13":"post","15":"first","16":"instock","17":"taxable","18":"shipping-taxable","19":"purchasable","20":"product-type-simple"},"exclude_global_add_ons":false,"addons":[{"name":"Gravur","type":"custom_text","position":0,"required":false,"title_format":"heading","default":"","description_enable":true,"description":"Geben Sie bis zu 50 Zeichen ein.","placeholder_enable":false,"placeholder":"","display":"select","restrictions_type":"any_text","adjust_price":true,"price":"4.92","price_type":"quantity_based","restrictions":true,"min":"1","max":"50","options":[],"id":1684165753}],"_links":{"self":[{"href":"https:\/\/sneeboer.com\/de\/wp-json\/wp\/v2\/product\/51655","targetHints":{"allow":["GET"]}}],"collection":[{"href":"https:\/\/sneeboer.com\/de\/wp-json\/wp\/v2\/product"}],"about":[{"href":"https:\/\/sneeboer.com\/de\/wp-json\/wp\/v2\/types\/product"}],"replies":[{"embeddable":true,"href":"https:\/\/sneeboer.com\/de\/wp-json\/wp\/v2\/comments?post=51655"}],"wp:featuredmedia":[{"embeddable":true,"href":"https:\/\/sneeboer.com\/de\/wp-json\/wp\/v2\/media\/66102"}],"wp:attachment":[{"href":"https:\/\/sneeboer.com\/de\/wp-json\/wp\/v2\/media?parent=51655"}],"wp:term":[{"taxonomy":"product_brand","embeddable":true,"href":"https:\/\/sneeboer.com\/de\/wp-json\/wp\/v2\/product_brand?post=51655"},{"taxonomy":"product_cat","embeddable":true,"href":"https:\/\/sneeboer.com\/de\/wp-json\/wp\/v2\/product_cat?post=51655"},{"taxonomy":"product_tag","embeddable":true,"href":"https:\/\/sneeboer.com\/de\/wp-json\/wp\/v2\/product_tag?post=51655"},{"taxonomy":"weeds","embeddable":true,"href":"https:\/\/sneeboer.com\/de\/wp-json\/wp\/v2\/weeds?post=51655"},{"taxonomy":"soil_types","embeddable":true,"href":"https:\/\/sneeboer.com\/de\/wp-json\/wp\/v2\/soil_types?post=51655"}],"curies":[{"name":"wp","href":"https:\/\/api.w.org\/{rel}","templated":true}]}}