{"id":51574,"date":"2023-05-09T15:28:05","date_gmt":"2023-05-09T13:28:05","guid":{"rendered":"https:\/\/testsite.sneeboer.com\/tuingereedschap\/kompostgabel"},"modified":"2025-04-16T09:58:12","modified_gmt":"2025-04-16T07:58:12","slug":"kompostgabel","status":"publish","type":"product","link":"https:\/\/sneeboer.com\/de\/handgeschmiedete-gartengeraete\/kompostgabel","title":{"rendered":"Kompostgabel"},"content":{"rendered":"<p>Aufgrund der Form und Position der Zinken greift die Kompostgabel das lose Material mit Leichtigkeit auf, ohne dass es daran h\u00e4ngen bleibt. Die Zinken sind nicht gesch\u00e4rft und weisen ein stumpfes Ende auf, um keine Tiere zu verletzen, deren Nest sich im Kompost befinden k\u00f6nnte. Diese Gabel wird mit einem 90 cm langen T-Griff aus Eschenholz geliefert.<\/p>\n","protected":false},"excerpt":{"rendered":"<p>Die Kompostgabel dient zum Wenden, L\u00fcften und Auflockern von Kompost oder G\u00fclle. Diese Arbeitsschritte verbessern und beschleunigen den Kompostierungsprozess. Mit ihren vier langen, d\u00fcnnen Zinken dringt die Kompostgabel von Sneeboer m\u00fchelos in Mulch, Heu, Kompost und andere lose Materialien ein. Da die beiden \u00e4u\u00dferen Zinken leicht nach au\u00dfen gebogen sind, eignet sich diese Gabel hervorragend zum Schaufeln von Kompost und anderen losen Materialien wie Holzsp\u00e4nen.<\/p>\n","protected":false},"featured_media":9338,"comment_status":"closed","ping_status":"closed","template":"","meta":{"inline_featured_image":false,"product_video_url":"","product_360_url":""},"product_brand":[],"product_cat":[193],"product_tag":[331,477,531],"weeds":[],"soil_types":[],"class_list":{"0":"post-51574","1":"product","2":"type-product","3":"status-publish","4":"has-post-thumbnail","6":"product_cat-gabel","7":"product_tag-graben","8":"product_tag-harken-de","9":"product_tag-unkraut-entfernen","10":"post","12":"first","13":"instock","14":"taxable","15":"shipping-taxable","16":"purchasable","17":"product-type-simple"},"exclude_global_add_ons":false,"addons":[{"name":"Gravur","type":"custom_text","position":0,"required":false,"title_format":"heading","default":"","description_enable":true,"description":"Geben Sie bis zu 50 Zeichen ein.","placeholder_enable":false,"placeholder":"","display":"select","restrictions_type":"any_text","adjust_price":true,"price":"4.92","price_type":"quantity_based","restrictions":true,"min":"1","max":"50","options":[],"id":1684165753}],"_links":{"self":[{"href":"https:\/\/sneeboer.com\/de\/wp-json\/wp\/v2\/product\/51574","targetHints":{"allow":["GET"]}}],"collection":[{"href":"https:\/\/sneeboer.com\/de\/wp-json\/wp\/v2\/product"}],"about":[{"href":"https:\/\/sneeboer.com\/de\/wp-json\/wp\/v2\/types\/product"}],"replies":[{"embeddable":true,"href":"https:\/\/sneeboer.com\/de\/wp-json\/wp\/v2\/comments?post=51574"}],"wp:featuredmedia":[{"embeddable":true,"href":"https:\/\/sneeboer.com\/de\/wp-json\/wp\/v2\/media\/9338"}],"wp:attachment":[{"href":"https:\/\/sneeboer.com\/de\/wp-json\/wp\/v2\/media?parent=51574"}],"wp:term":[{"taxonomy":"product_brand","embeddable":true,"href":"https:\/\/sneeboer.com\/de\/wp-json\/wp\/v2\/product_brand?post=51574"},{"taxonomy":"product_cat","embeddable":true,"href":"https:\/\/sneeboer.com\/de\/wp-json\/wp\/v2\/product_cat?post=51574"},{"taxonomy":"product_tag","embeddable":true,"href":"https:\/\/sneeboer.com\/de\/wp-json\/wp\/v2\/product_tag?post=51574"},{"taxonomy":"weeds","embeddable":true,"href":"https:\/\/sneeboer.com\/de\/wp-json\/wp\/v2\/weeds?post=51574"},{"taxonomy":"soil_types","embeddable":true,"href":"https:\/\/sneeboer.com\/de\/wp-json\/wp\/v2\/soil_types?post=51574"}],"curies":[{"name":"wp","href":"https:\/\/api.w.org\/{rel}","templated":true}]}}