{"id":51477,"date":"2023-05-09T15:11:43","date_gmt":"2023-05-09T13:11:43","guid":{"rendered":"https:\/\/testsite.sneeboer.com\/tuingereedschap\/fugenkratzer-2"},"modified":"2025-05-14T11:09:23","modified_gmt":"2025-05-14T09:09:23","slug":"fugenkratzer-2","status":"publish","type":"product","link":"https:\/\/sneeboer.com\/de\/handgeschmiedete-gartengeraete\/fugenkratzer-2","title":{"rendered":"Fugenkratzer"},"content":{"rendered":"<p>Der Steinkratzer ist mit einem Eschen- oder Kirschholzgriff oder mit einem l\u00e4ngeren Stiel aus Eschenholz erh\u00e4ltlich, der f\u00fcr den Einsatz in Hochbeeten gedacht ist.<\/p>\n","protected":false},"excerpt":{"rendered":"<p>Der Fugenkratzer ist ideal, um unerw\u00fcnschtes Unkraut und Keimlinge zwischen den Ritzen von Fliesen und Pflaster zu entfernen. Dank der scharfen Klinge aus rostfreiem Stahl l\u00e4sst sich unerw\u00fcnschtes Gr\u00fcnzeug mit Leichtigkeit aus dem Boden ziehen. Aufgrund seiner Form eignet sich der Fugenkratzer auch f\u00fcr die Bel\u00fcftung zwischen Pflanzen oder bei dicht stehenden Kulturen wie Knoblauch und Zwiebeln. Doch mit diesem Ger\u00e4t l\u00e4sst sich Unkraut nicht nur auf Wegen in Schach halten, sondern auch in Mauern und Mauerwerk.<\/p>\n","protected":false},"featured_media":61712,"comment_status":"closed","ping_status":"closed","template":"","meta":{"inline_featured_image":false,"product_video_url":"","product_360_url":""},"product_brand":[],"product_cat":[284,220,104,202],"product_tag":[531],"weeds":[],"soil_types":[],"class_list":{"0":"post-51477","1":"product","2":"type-product","3":"status-publish","4":"has-post-thumbnail","6":"product_cat-geraetepflege","7":"product_cat-grundausstattung","8":"product_cat-handgeraete","9":"product_cat-unkrautentfernung","10":"product_tag-unkraut-entfernen","11":"post","13":"first","14":"instock","15":"taxable","16":"shipping-taxable","17":"purchasable","18":"product-type-simple"},"exclude_global_add_ons":false,"addons":[{"name":"Gravur","type":"custom_text","position":0,"required":false,"title_format":"heading","default":"","description_enable":true,"description":"Geben Sie bis zu 50 Zeichen ein.","placeholder_enable":false,"placeholder":"","display":"select","restrictions_type":"any_text","adjust_price":true,"price":"4.92","price_type":"quantity_based","restrictions":true,"min":"1","max":"50","options":[],"id":1684165753}],"_links":{"self":[{"href":"https:\/\/sneeboer.com\/de\/wp-json\/wp\/v2\/product\/51477","targetHints":{"allow":["GET"]}}],"collection":[{"href":"https:\/\/sneeboer.com\/de\/wp-json\/wp\/v2\/product"}],"about":[{"href":"https:\/\/sneeboer.com\/de\/wp-json\/wp\/v2\/types\/product"}],"replies":[{"embeddable":true,"href":"https:\/\/sneeboer.com\/de\/wp-json\/wp\/v2\/comments?post=51477"}],"wp:featuredmedia":[{"embeddable":true,"href":"https:\/\/sneeboer.com\/de\/wp-json\/wp\/v2\/media\/61712"}],"wp:attachment":[{"href":"https:\/\/sneeboer.com\/de\/wp-json\/wp\/v2\/media?parent=51477"}],"wp:term":[{"taxonomy":"product_brand","embeddable":true,"href":"https:\/\/sneeboer.com\/de\/wp-json\/wp\/v2\/product_brand?post=51477"},{"taxonomy":"product_cat","embeddable":true,"href":"https:\/\/sneeboer.com\/de\/wp-json\/wp\/v2\/product_cat?post=51477"},{"taxonomy":"product_tag","embeddable":true,"href":"https:\/\/sneeboer.com\/de\/wp-json\/wp\/v2\/product_tag?post=51477"},{"taxonomy":"weeds","embeddable":true,"href":"https:\/\/sneeboer.com\/de\/wp-json\/wp\/v2\/weeds?post=51477"},{"taxonomy":"soil_types","embeddable":true,"href":"https:\/\/sneeboer.com\/de\/wp-json\/wp\/v2\/soil_types?post=51477"}],"curies":[{"name":"wp","href":"https:\/\/api.w.org\/{rel}","templated":true}]}}