{"id":51450,"date":"2023-05-09T15:09:55","date_gmt":"2023-05-09T13:09:55","guid":{"rendered":"https:\/\/testsite.sneeboer.com\/tuingereedschap\/unkrautstecher-2"},"modified":"2026-04-14T17:29:07","modified_gmt":"2026-04-14T15:29:07","slug":"unkrautstecher-2","status":"publish","type":"product","link":"https:\/\/sneeboer.com\/de\/handgeschmiedete-gartengeraete\/unkrautstecher-2","title":{"rendered":"Unkrautstecher"},"content":{"rendered":"<p>Der Unkrautstecher ist mit einem Griff aus Eschen- oder Kirschholz erh\u00e4ltlich.<\/p>\n","protected":false},"excerpt":{"rendered":"<p>Der Unkrautstecher geh\u00f6rt zu den Klassikern unter den Gartenwerkzeugen und stellt eine gro\u00dfe Bereicherung f\u00fcr jeden Garten und Ger\u00e4teschuppen dar. Dieses Ger\u00e4t ist perfekt geeignet, um Unkraut mit langen Pfahlwurzeln wie L\u00f6wenzahn aus dem Rasen oder anderen Teilen des Gartens zu entfernen. Die solide Klinge aus rostfreiem Stahl ist gesch\u00e4rft und l\u00e4sst sich daher leicht in den Boden eintreiben.<\/p>\n","protected":false},"featured_media":61686,"comment_status":"closed","ping_status":"closed","template":"","meta":{"inline_featured_image":false,"product_video_url":"","product_360_url":""},"product_brand":[],"product_cat":[220,104,202],"product_tag":[477,531],"weeds":[],"soil_types":[],"class_list":{"0":"post-51450","1":"product","2":"type-product","3":"status-publish","4":"has-post-thumbnail","6":"product_cat-grundausstattung","7":"product_cat-handgeraete","8":"product_cat-unkrautentfernung","9":"product_tag-harken-de","10":"product_tag-unkraut-entfernen","11":"post","13":"first","14":"instock","15":"taxable","16":"shipping-taxable","17":"purchasable","18":"product-type-simple"},"exclude_global_add_ons":false,"addons":[{"name":"Gravur","type":"custom_text","position":0,"required":false,"title_format":"heading","default":"","description_enable":true,"description":"Geben Sie bis zu 50 Zeichen ein.","placeholder_enable":false,"placeholder":"","display":"select","restrictions_type":"any_text","adjust_price":true,"price":"4.92","price_type":"quantity_based","restrictions":true,"min":"1","max":"50","options":[],"id":1684165753}],"_links":{"self":[{"href":"https:\/\/sneeboer.com\/de\/wp-json\/wp\/v2\/product\/51450","targetHints":{"allow":["GET"]}}],"collection":[{"href":"https:\/\/sneeboer.com\/de\/wp-json\/wp\/v2\/product"}],"about":[{"href":"https:\/\/sneeboer.com\/de\/wp-json\/wp\/v2\/types\/product"}],"replies":[{"embeddable":true,"href":"https:\/\/sneeboer.com\/de\/wp-json\/wp\/v2\/comments?post=51450"}],"wp:featuredmedia":[{"embeddable":true,"href":"https:\/\/sneeboer.com\/de\/wp-json\/wp\/v2\/media\/61686"}],"wp:attachment":[{"href":"https:\/\/sneeboer.com\/de\/wp-json\/wp\/v2\/media?parent=51450"}],"wp:term":[{"taxonomy":"product_brand","embeddable":true,"href":"https:\/\/sneeboer.com\/de\/wp-json\/wp\/v2\/product_brand?post=51450"},{"taxonomy":"product_cat","embeddable":true,"href":"https:\/\/sneeboer.com\/de\/wp-json\/wp\/v2\/product_cat?post=51450"},{"taxonomy":"product_tag","embeddable":true,"href":"https:\/\/sneeboer.com\/de\/wp-json\/wp\/v2\/product_tag?post=51450"},{"taxonomy":"weeds","embeddable":true,"href":"https:\/\/sneeboer.com\/de\/wp-json\/wp\/v2\/weeds?post=51450"},{"taxonomy":"soil_types","embeddable":true,"href":"https:\/\/sneeboer.com\/de\/wp-json\/wp\/v2\/soil_types?post=51450"}],"curies":[{"name":"wp","href":"https:\/\/api.w.org\/{rel}","templated":true}]}}