{"id":51423,"date":"2023-05-09T15:08:21","date_gmt":"2023-05-09T13:08:21","guid":{"rendered":"https:\/\/testsite.sneeboer.com\/tuingereedschap\/pflanzgeraet"},"modified":"2023-08-28T15:18:05","modified_gmt":"2023-08-28T13:18:05","slug":"pflanzgeraet","status":"publish","type":"product","link":"https:\/\/sneeboer.com\/de\/handgeschmiedete-gartengeraete\/pflanzgeraet","title":{"rendered":"Pflanzger\u00e4t"},"content":{"rendered":"<p>Das Pflanzger\u00e4t wird mit einem 155 cm langen Eschenholzstiel mit Knauf geliefert, mit dem es sich bequem arbeiten l\u00e4sst.<\/p>\n","protected":false},"excerpt":{"rendered":"<p>Dieses Pflanzger\u00e4t eignet sich perfekt, um lange und gleichm\u00e4\u00dfige Furchen f\u00fcr die Aussaat oder das Pflanzen von Setzlingen zu ziehen. Mit dem Blatt aus massivem rostfreiem Stahl lassen sich problemlos Furchen im Boden ziehen. Das Blatt dieses Pflanzger\u00e4ts weist gebogene Kanten auf, w\u00e4hrend die des anderen Modells gerade gehalten sind. Nachdem das Saatgut ausgebracht wurde, k\u00f6nnen diese Kanten dazu verwendet werden, es mit Erde zu bedecken. Dank der V-Form des Blattes wird die Erde gleichm\u00e4\u00dfig auf beiden Seiten verteilt.<\/p>\n","protected":false},"featured_media":8338,"comment_status":"closed","ping_status":"closed","template":"","meta":{"inline_featured_image":false,"product_video_url":"","product_360_url":""},"product_brand":[],"product_cat":[129,143],"product_tag":[471,531],"weeds":[],"soil_types":[],"class_list":{"0":"post-51423","1":"product","2":"type-product","3":"status-publish","4":"has-post-thumbnail","6":"product_cat-pflanzer","7":"product_cat-schuffel-und-hacken","8":"product_tag-furchung","9":"product_tag-unkraut-entfernen","10":"post","12":"first","13":"instock","14":"taxable","15":"shipping-taxable","16":"purchasable","17":"product-type-simple"},"exclude_global_add_ons":false,"addons":[{"name":"Gravur","type":"custom_text","position":0,"required":false,"title_format":"heading","default":"","description_enable":true,"description":"Geben Sie bis zu 50 Zeichen ein.","placeholder_enable":false,"placeholder":"","display":"select","restrictions_type":"any_text","adjust_price":true,"price":"4.92","price_type":"quantity_based","restrictions":true,"min":"1","max":"50","options":[],"id":1684165753}],"_links":{"self":[{"href":"https:\/\/sneeboer.com\/de\/wp-json\/wp\/v2\/product\/51423","targetHints":{"allow":["GET"]}}],"collection":[{"href":"https:\/\/sneeboer.com\/de\/wp-json\/wp\/v2\/product"}],"about":[{"href":"https:\/\/sneeboer.com\/de\/wp-json\/wp\/v2\/types\/product"}],"replies":[{"embeddable":true,"href":"https:\/\/sneeboer.com\/de\/wp-json\/wp\/v2\/comments?post=51423"}],"wp:featuredmedia":[{"embeddable":true,"href":"https:\/\/sneeboer.com\/de\/wp-json\/wp\/v2\/media\/8338"}],"wp:attachment":[{"href":"https:\/\/sneeboer.com\/de\/wp-json\/wp\/v2\/media?parent=51423"}],"wp:term":[{"taxonomy":"product_brand","embeddable":true,"href":"https:\/\/sneeboer.com\/de\/wp-json\/wp\/v2\/product_brand?post=51423"},{"taxonomy":"product_cat","embeddable":true,"href":"https:\/\/sneeboer.com\/de\/wp-json\/wp\/v2\/product_cat?post=51423"},{"taxonomy":"product_tag","embeddable":true,"href":"https:\/\/sneeboer.com\/de\/wp-json\/wp\/v2\/product_tag?post=51423"},{"taxonomy":"weeds","embeddable":true,"href":"https:\/\/sneeboer.com\/de\/wp-json\/wp\/v2\/weeds?post=51423"},{"taxonomy":"soil_types","embeddable":true,"href":"https:\/\/sneeboer.com\/de\/wp-json\/wp\/v2\/soil_types?post=51423"}],"curies":[{"name":"wp","href":"https:\/\/api.w.org\/{rel}","templated":true}]}}